{"id":83404,"date":"2023-12-17T01:39:18","date_gmt":"2023-12-17T00:39:18","guid":{"rendered":"https:\/\/www.soanam.de\/?post_type=product&#038;p=83404"},"modified":"2023-12-17T01:46:49","modified_gmt":"2023-12-17T00:46:49","slug":"sudadera-con-capucha-bench-basic-con-gran-logo-estampado-en-gris-jaspeado-gr-152-158","status":"publish","type":"product","link":"https:\/\/www.soanam.de\/es\/produkt\/bench-kapuzensweatshirt-basic-mit-grossem-logo-druck-in-grau-meliert-gr-152-158\/","title":{"rendered":"Banco. Sudadera b\u00e1sica con capucha y gran logo estampado, en gris jaspeado, talla 152\/158"},"content":{"rendered":"<p>Kapuzensweatshirt von Bench f\u00fcr Jungen und M\u00e4dchen<br \/>\nGro\u00dfer Druck auf der Vorderseite<br \/>\nSch\u00f6ne melange Optik, innen weich angeraut<br \/>\nCon bolsillo canguro<\/p>\n<p>Das kuschelige Kapuzensweatshirt von Bench pr\u00e4sentiert sich mit einem auff\u00e4lligen, kontrastierenden Logoprint vorn auf dem Sweater im melierten Design.<br \/>\nDie gem\u00fctliche Kapuze sch\u00fctzt bei Wind und Wetter, sorgt aber auch f\u00fcr verl\u00e4sslichen Style.<br \/>\nDank seiner praktischen K\u00e4ngurutasche und der innen weich angerauten, pflegeleichten Sweatqualit\u00e4t wird der Hoodie zum trendstarken Alltagsbegleiter f\u00fcr Jungen und M\u00e4dchen.<\/p>\n<p>Material: 85% Baumwolle, 15% Polyester<br \/>\nInstrucciones de cuidado: Lavar a m\u00e1quina<\/p>\n<p>Farbe: grau meliert<br \/>\nEstampado: Logotipo<br \/>\nGr\u00f6\u00dfe: 152\/158<\/p>\n<p>Anchura de los hombros: 38 cm<br \/>\nAnchura del pecho: 94 cm<br \/>\n\u00c4rmell\u00e4nge: 58cm<br \/>\nLongitud total: 66 cm<\/p>\n<p>&nbsp;<\/p>\n<p>Se trata de una devoluci\u00f3n de un cliente sin etiqueta.<\/p>","protected":false},"excerpt":{"rendered":"<table class=\"dv_characteristicsTable\">\n<tbody>\n<tr>\n<td class=\"left\">Talla<\/td>\n<td>152\/158<\/td>\n<\/tr>\n<tr>\n<td class=\"left\">Composici\u00f3n del material<\/td>\n<td>85% Baumwolle, 15% Polyester<\/td>\n<\/tr>\n<tr>\n<td class=\"left\">Materialart<\/td>\n<td>angeraute Sweatware<\/td>\n<\/tr>\n<tr>\n<td class=\"left\">Instrucciones de cuidado<\/td>\n<td>Lavado a m\u00e1quina<\/td>\n<\/tr>\n<tr>\n<td class=\"left\">Stil<\/td>\n<td>sportlich<\/td>\n<\/tr>\n<tr>\n<td class=\"left\">Color<\/td>\n<td>grau<\/td>\n<\/tr>\n<tr>\n<td class=\"left\">Cap\u00f3<\/td>\n<td>mit Kapuze<\/td>\n<\/tr>\n<tr>\n<td class=\"left\">Kapuzenf\u00fctterung<\/td>\n<td>gef\u00fcttert<\/td>\n<\/tr>\n<tr>\n<td class=\"left\">Bolsas<\/td>\n<td>Bolsillo canguro<\/td>\n<\/tr>\n<tr>\n<td class=\"left\">Besondere Merkmale<\/td>\n<td>mit gro\u00dfem Logo-Druck vorn<\/td>\n<\/tr>\n<tr>\n<td class=\"left\">\u00c4rmel<\/td>\n<td>Manga larga<\/td>\n<\/tr>\n<tr>\n<td class=\"left\">\u00c4rmelabschluss<\/td>\n<td>Pu\u00f1os de canal\u00e9<\/td>\n<\/tr>\n<tr>\n<td class=\"left\">Rumpfabschluss<\/td>\n<td>Pu\u00f1os de canal\u00e9<\/td>\n<\/tr>\n<tr>\n<td class=\"left\">Ajuste<\/td>\n<td>Basic<\/td>\n<\/tr>\n<tr>\n<td class=\"left\">Schnittform L\u00e4nge<\/td>\n<td>normal<\/td>\n<\/tr>\n<\/tbody>\n<\/table>","protected":false},"featured_media":83468,"comment_status":"open","ping_status":"closed","template":"","meta":{"_seopress_robots_primary_cat":"","_seopress_titles_title":"","_seopress_titles_desc":"","_seopress_robots_index":""},"product_brand":[],"product_cat":[1351,1487,1595],"product_tag":[],"class_list":{"0":"post-83404","1":"product","2":"type-product","3":"status-publish","4":"has-post-thumbnail","6":"product_cat-kindermode","7":"product_cat-pullover-sweater-kindermode","8":"product_cat-hoodies-pullover-sweater-kindermode","9":"product_shipping_class-standard-versand","11":"first","12":"instock","13":"sale","14":"taxable","15":"shipping-taxable","16":"purchasable","17":"product-type-simple"},"_links":{"self":[{"href":"https:\/\/www.soanam.de\/es\/wp-json\/wp\/v2\/product\/83404","targetHints":{"allow":["GET"]}}],"collection":[{"href":"https:\/\/www.soanam.de\/es\/wp-json\/wp\/v2\/product"}],"about":[{"href":"https:\/\/www.soanam.de\/es\/wp-json\/wp\/v2\/types\/product"}],"replies":[{"embeddable":true,"href":"https:\/\/www.soanam.de\/es\/wp-json\/wp\/v2\/comments?post=83404"}],"wp:featuredmedia":[{"embeddable":true,"href":"https:\/\/www.soanam.de\/es\/wp-json\/wp\/v2\/media\/83468"}],"wp:attachment":[{"href":"https:\/\/www.soanam.de\/es\/wp-json\/wp\/v2\/media?parent=83404"}],"wp:term":[{"taxonomy":"product_brand","embeddable":true,"href":"https:\/\/www.soanam.de\/es\/wp-json\/wp\/v2\/product_brand?post=83404"},{"taxonomy":"product_cat","embeddable":true,"href":"https:\/\/www.soanam.de\/es\/wp-json\/wp\/v2\/product_cat?post=83404"},{"taxonomy":"product_tag","embeddable":true,"href":"https:\/\/www.soanam.de\/es\/wp-json\/wp\/v2\/product_tag?post=83404"}],"curies":[{"name":"wp","href":"https:\/\/api.w.org\/{rel}","templated":true}]}}