{"id":83393,"date":"2023-12-17T01:38:12","date_gmt":"2023-12-17T00:38:12","guid":{"rendered":"https:\/\/www.soanam.de\/?post_type=product&#038;p=83393"},"modified":"2023-12-17T01:45:41","modified_gmt":"2023-12-17T00:45:41","slug":"rhode-island-sweatshirt-mit-front-print-in-blau-grau-gr-3xl","status":"publish","type":"product","link":"https:\/\/www.soanam.de\/es\/produkt\/rhode-island-sweatshirt-mit-front-print-in-blau-grau-gr-3xl\/","title":{"rendered":"Rhode Island Sweatshirt mit Front Print, in Blau-Grau, Gr. 3XL"},"content":{"rendered":"<p>Herren Sweatshirt von Rhode Island<br \/>\nKlassisch geschnitten<br \/>\nMit langem Arm<br \/>\nGro\u00dfer Aufdruck auf der Vorderseite<br \/>\nInnen angenehm angeraut<\/p>\n<p>Das Sweatshirt von Rhode Island sieht mit dem gro\u00dfen Aufdruck sowohl locker als auch frisch aus.<br \/>\nDie langen \u00c4rmel enden in einem Rippb\u00fcndchen, das f\u00fcr guten Sitz sorgt.<br \/>\nDie angeraute Sweatware aus Baumwollmischung ist sehr weich und angenehm auf der Haut.<\/p>\n<p>Material: algod\u00f3n 60%, poli\u00e9ster 40%<br \/>\nInstrucciones de cuidado: Lavar a m\u00e1quina<\/p>\n<p>Color: gris azulado<br \/>\nMuster: Frontprint<br \/>\nTalla: XXXL<\/p>\n<p>Anchura de los hombros: 64 cm<br \/>\nBrustweite: 152cm<br \/>\nLongitud de la manga: 67 cm<br \/>\nLongitud total: 78 cm<\/p>","protected":false},"excerpt":{"rendered":"<table class=\"dv_characteristicsTable\">\n<tbody>\n<tr>\n<td class=\"left\">Talla<\/td>\n<td>XXXL<\/td>\n<\/tr>\n<tr>\n<td class=\"left\">Composici\u00f3n del material<\/td>\n<td>60% algod\u00f3n, 40% poli\u00e9ster<\/td>\n<\/tr>\n<tr>\n<td class=\"left\">Materialart<\/td>\n<td>angeraute Sweatware<\/td>\n<\/tr>\n<tr>\n<td class=\"left\">Instrucciones de cuidado<\/td>\n<td>Lavado a m\u00e1quina<\/td>\n<\/tr>\n<tr>\n<td class=\"left\">Optik<\/td>\n<td>bedruckt<\/td>\n<\/tr>\n<tr>\n<td class=\"left\">Stil<\/td>\n<td>modisch<\/td>\n<\/tr>\n<tr>\n<td class=\"left\">Color<\/td>\n<td>blau-grau<\/td>\n<\/tr>\n<tr>\n<td class=\"left\">Applikationen<\/td>\n<td>Druck<\/td>\n<\/tr>\n<tr>\n<td class=\"left\">Ausschnitt<\/td>\n<td>Rundhals<\/td>\n<\/tr>\n<tr>\n<td class=\"left\">\u00c4rmel<\/td>\n<td>Manga larga<\/td>\n<\/tr>\n<tr>\n<td class=\"left\">\u00c4rmelabschluss<\/td>\n<td>Pu\u00f1os de canal\u00e9<\/td>\n<\/tr>\n<tr>\n<td class=\"left\">Rumpfabschluss<\/td>\n<td>Pu\u00f1os de canal\u00e9<\/td>\n<\/tr>\n<\/tbody>\n<\/table>","protected":false},"featured_media":83456,"comment_status":"open","ping_status":"closed","template":"","meta":{"_seopress_robots_primary_cat":"","_seopress_titles_title":"","_seopress_titles_desc":"","_seopress_robots_index":""},"product_brand":[],"product_cat":[1345,1485,1724],"product_tag":[],"class_list":{"0":"post-83393","1":"product","2":"type-product","3":"status-publish","4":"has-post-thumbnail","6":"product_cat-herrenmode","7":"product_cat-pullover-sweater-herrenmode","8":"product_cat-sweatshirts-pullover-sweater-herrenmode","9":"product_shipping_class-standard-versand","11":"first","12":"instock","13":"taxable","14":"shipping-taxable","15":"purchasable","16":"product-type-simple"},"_links":{"self":[{"href":"https:\/\/www.soanam.de\/es\/wp-json\/wp\/v2\/product\/83393","targetHints":{"allow":["GET"]}}],"collection":[{"href":"https:\/\/www.soanam.de\/es\/wp-json\/wp\/v2\/product"}],"about":[{"href":"https:\/\/www.soanam.de\/es\/wp-json\/wp\/v2\/types\/product"}],"replies":[{"embeddable":true,"href":"https:\/\/www.soanam.de\/es\/wp-json\/wp\/v2\/comments?post=83393"}],"wp:featuredmedia":[{"embeddable":true,"href":"https:\/\/www.soanam.de\/es\/wp-json\/wp\/v2\/media\/83456"}],"wp:attachment":[{"href":"https:\/\/www.soanam.de\/es\/wp-json\/wp\/v2\/media?parent=83393"}],"wp:term":[{"taxonomy":"product_brand","embeddable":true,"href":"https:\/\/www.soanam.de\/es\/wp-json\/wp\/v2\/product_brand?post=83393"},{"taxonomy":"product_cat","embeddable":true,"href":"https:\/\/www.soanam.de\/es\/wp-json\/wp\/v2\/product_cat?post=83393"},{"taxonomy":"product_tag","embeddable":true,"href":"https:\/\/www.soanam.de\/es\/wp-json\/wp\/v2\/product_tag?post=83393"}],"curies":[{"name":"wp","href":"https:\/\/api.w.org\/{rel}","templated":true}]}}