{"id":83193,"date":"2023-12-16T04:58:14","date_gmt":"2023-12-16T03:58:14","guid":{"rendered":"https:\/\/www.soanam.de\/?post_type=product&#038;p=83193"},"modified":"2023-12-17T01:34:55","modified_gmt":"2023-12-17T00:34:55","slug":"kangaroos-langarmshirt-im-color-blocking-design-in-schwarz-gelb-gr-36-38","status":"publish","type":"product","link":"https:\/\/www.soanam.de\/es\/produkt\/kangaroos-langarmshirt-im-color-blocking-design-in-schwarz-gelb-gr-36-38\/","title":{"rendered":"KangaROOS Langarmshirt im Color-Blocking-Design, in Schwarz, Gelb, Gr. 36\/38"},"content":{"rendered":"<p>Shirt mit langem Arm von KangaROOS<br \/>\nDe suave algod\u00f3n<br \/>\nAjuste perfecto gracias al tejido acanalado<br \/>\nVerstellbare \u00c4rmell\u00e4nge<br \/>\nCon logotipo de la marca<\/p>\n<p>Das Langarmshirt von Kangaroos kommt mit Colorblockingdetails auf der Vorderseite.<br \/>\nDie \u00c4rmell\u00e4nge l\u00e4\u00dft sich mittels Steg variieren.<br \/>\nEin kleiner Labelprint am Saum rundet das sportlich-entspannte Rippdesign des Rundhalsshirts ab.<br \/>\nDas Longsleeve ist aus angenehmer Baumwolle gefertigt.<\/p>\n<p>Material: 94% Baumwolle, 6% Polyester<br \/>\nInstrucciones de cuidado: Lavar a m\u00e1quina<\/p>\n<p>Farbe: schwarz, gelb, wei\u00df<br \/>\nMotivo: Colorblocking<br \/>\nTalla: 36\/38<\/p>\n<p>Anchura de los hombros: 34 cm<br \/>\nAnchura del pecho: 82 cm<br \/>\nLongitud de la manga: 65 cm<br \/>\nLongitud total: 65 cm<\/p>","protected":false},"excerpt":{"rendered":"<table class=\"dv_characteristicsTable\">\n<tbody>\n<tr>\n<td class=\"left\">Talla<\/td>\n<td>36\/38<\/td>\n<\/tr>\n<tr>\n<td class=\"left\">Composici\u00f3n del material<\/td>\n<td>100% Algod\u00f3n<\/td>\n<\/tr>\n<tr>\n<td class=\"left\">Materialart<\/td>\n<td>Single Jersey<\/td>\n<\/tr>\n<tr>\n<td class=\"left\">Instrucciones de cuidado<\/td>\n<td>Lavado a m\u00e1quina<\/td>\n<\/tr>\n<tr>\n<td class=\"left\">Optik<\/td>\n<td>bedruckt, unifarben, used wash<\/td>\n<\/tr>\n<tr>\n<td class=\"left\">Stil<\/td>\n<td>casual<\/td>\n<\/tr>\n<tr>\n<td class=\"left\">Color<\/td>\n<td>olivgr\u00fcn<\/td>\n<\/tr>\n<tr>\n<td class=\"left\">\u00c4rmel<\/td>\n<td>Manga larga<\/td>\n<\/tr>\n<tr>\n<td class=\"left\">Ausschnitt<\/td>\n<td>Rundhals<\/td>\n<\/tr>\n<tr>\n<td class=\"left\">Ajuste<\/td>\n<td>figurbetont<\/td>\n<\/tr>\n<tr>\n<td class=\"left\">Applikationen<\/td>\n<td>Markenlabel<\/td>\n<\/tr>\n<tr>\n<td class=\"left\">Besondere Merkmale<\/td>\n<td>mit auff\u00e4lligem Frontdruck<\/td>\n<\/tr>\n<tr>\n<td class=\"left\"><\/td>\n<td><\/td>\n<\/tr>\n<tr>\n<td class=\"left\"><\/td>\n<td><\/td>\n<\/tr>\n<\/tbody>\n<\/table>","protected":false},"featured_media":83362,"comment_status":"open","ping_status":"closed","template":"","meta":{"_seopress_robots_primary_cat":"","_seopress_titles_title":"","_seopress_titles_desc":"","_seopress_robots_index":""},"product_brand":[],"product_cat":[1348,1456,1479],"product_tag":[],"class_list":{"0":"post-83193","1":"product","2":"type-product","3":"status-publish","4":"has-post-thumbnail","6":"product_cat-damen-mode","7":"product_cat-pullover-sweater","8":"product_cat-langarmshirts","9":"product_shipping_class-standard-versand","11":"first","12":"instock","13":"sale","14":"taxable","15":"shipping-taxable","16":"purchasable","17":"product-type-simple"},"_links":{"self":[{"href":"https:\/\/www.soanam.de\/es\/wp-json\/wp\/v2\/product\/83193","targetHints":{"allow":["GET"]}}],"collection":[{"href":"https:\/\/www.soanam.de\/es\/wp-json\/wp\/v2\/product"}],"about":[{"href":"https:\/\/www.soanam.de\/es\/wp-json\/wp\/v2\/types\/product"}],"replies":[{"embeddable":true,"href":"https:\/\/www.soanam.de\/es\/wp-json\/wp\/v2\/comments?post=83193"}],"wp:featuredmedia":[{"embeddable":true,"href":"https:\/\/www.soanam.de\/es\/wp-json\/wp\/v2\/media\/83362"}],"wp:attachment":[{"href":"https:\/\/www.soanam.de\/es\/wp-json\/wp\/v2\/media?parent=83193"}],"wp:term":[{"taxonomy":"product_brand","embeddable":true,"href":"https:\/\/www.soanam.de\/es\/wp-json\/wp\/v2\/product_brand?post=83193"},{"taxonomy":"product_cat","embeddable":true,"href":"https:\/\/www.soanam.de\/es\/wp-json\/wp\/v2\/product_cat?post=83193"},{"taxonomy":"product_tag","embeddable":true,"href":"https:\/\/www.soanam.de\/es\/wp-json\/wp\/v2\/product_tag?post=83193"}],"curies":[{"name":"wp","href":"https:\/\/api.w.org\/{rel}","templated":true}]}}