{"id":83184,"date":"2023-12-16T04:58:10","date_gmt":"2023-12-16T03:58:10","guid":{"rendered":"https:\/\/www.soanam.de\/?post_type=product&#038;p=83184"},"modified":"2023-12-17T01:29:32","modified_gmt":"2023-12-17T00:29:32","slug":"arizona-7-8-vaqueros-con-abalorios-deco-en-negro-talla-48","status":"publish","type":"product","link":"https:\/\/www.soanam.de\/es\/produkt\/arizona-7-8-jeans-mit-deko-perlen-in-schwarz-gr-48\/","title":{"rendered":"Vaqueros Arizona 7\/8 con abalorios decorativos, en negro, talla 48"},"content":{"rendered":"<p>Pantalones con cuentas y strass de Arizona<br \/>\nAltura normal, corte entallado<br \/>\nC\u00f3modo tejido el\u00e1stico<\/p>\n<p>Con estos vaqueros de 5 bolsillos de Arizona, siempre lucir\u00e1s una figura excelente.<br \/>\nDecorado con abalorios decorativos, es un aut\u00e9ntico broche de oro.<br \/>\nEstos vaqueros lisos vienen en un color de m\u00e1xima tendencia moderna.<br \/>\nComo tienen un tiro normal, la cintura queda a la altura del ombligo.<br \/>\nConfeccionado en tejido vaquero ligeramente el\u00e1stico y de f\u00e1cil cuidado y fibras sint\u00e9ticas.<\/p>\n<p>Material: algod\u00f3n 80%, poli\u00e9ster 18%, elastano 2%<br \/>\nInstrucciones de cuidado: Lavar a m\u00e1quina<\/p>\n<p>Color: negro<br \/>\nPatr\u00f3n: sin<br \/>\nTama\u00f1o: 48<\/p>\n<p>Cintura: 92 cm<br \/>\nAncho de cadera: 112 cm<br \/>\nLongitud del pelda\u00f1o: 66 cm<br \/>\nLongitud total: 99 cm<\/p>","protected":false},"excerpt":{"rendered":"<table class=\"dv_characteristicsTable\">\n<tbody>\n<tr>\n<td class=\"left\">Talla<\/td>\n<td>48<\/td>\n<\/tr>\n<tr>\n<td class=\"left\">Gr\u00f6\u00dfentyp<\/td>\n<td>Normalgr\u00f6\u00dfen<\/td>\n<\/tr>\n<tr>\n<td class=\"left\">Composici\u00f3n del material<\/td>\n<td>80% Baumwolle, 18% Polyester, 2% Elasthan<\/td>\n<\/tr>\n<tr>\n<td class=\"left\">Materialart<\/td>\n<td>Vaqueros<\/td>\n<\/tr>\n<tr>\n<td class=\"left\">Materialeigenschaften<\/td>\n<td>F\u00e1cil de limpiar<\/td>\n<\/tr>\n<tr>\n<td class=\"left\">Instrucciones de cuidado<\/td>\n<td>Lavado a m\u00e1quina<\/td>\n<\/tr>\n<tr>\n<td class=\"left\">Optik<\/td>\n<td>unifarben<\/td>\n<\/tr>\n<tr>\n<td class=\"left\">Stil<\/td>\n<td>modisch<\/td>\n<\/tr>\n<tr>\n<td class=\"left\">Color<\/td>\n<td>schwarz<\/td>\n<\/tr>\n<tr>\n<td class=\"left\">Leibh\u00f6he<\/td>\n<td>normal<\/td>\n<\/tr>\n<tr>\n<td class=\"left\">Ajuste<\/td>\n<td>slim<\/td>\n<\/tr>\n<tr>\n<td class=\"left\">Trabillas<\/td>\n<td>ja<\/td>\n<\/tr>\n<tr>\n<td class=\"left\">Bolsas<\/td>\n<td>5<\/td>\n<\/tr>\n<tr>\n<td class=\"left\">Verschluss<\/td>\n<td>1-Knopf, Rei\u00dfverschluss<\/td>\n<\/tr>\n<\/tbody>\n<\/table>","protected":false},"featured_media":83314,"comment_status":"open","ping_status":"closed","template":"","meta":{"_seopress_robots_primary_cat":"","_seopress_titles_title":"","_seopress_titles_desc":"","_seopress_robots_index":""},"product_brand":[],"product_cat":[1348,1349,1350,1433],"product_tag":[],"class_list":{"0":"post-83184","1":"product","2":"type-product","3":"status-publish","4":"has-post-thumbnail","6":"product_cat-damen-mode","7":"product_cat-hosen-damen-mode","8":"product_cat-jeans-hosen-damen-mode","9":"product_cat-7-8-hosen","10":"product_shipping_class-standard-versand","12":"first","13":"instock","14":"sale","15":"taxable","16":"shipping-taxable","17":"purchasable","18":"product-type-simple"},"_links":{"self":[{"href":"https:\/\/www.soanam.de\/es\/wp-json\/wp\/v2\/product\/83184","targetHints":{"allow":["GET"]}}],"collection":[{"href":"https:\/\/www.soanam.de\/es\/wp-json\/wp\/v2\/product"}],"about":[{"href":"https:\/\/www.soanam.de\/es\/wp-json\/wp\/v2\/types\/product"}],"replies":[{"embeddable":true,"href":"https:\/\/www.soanam.de\/es\/wp-json\/wp\/v2\/comments?post=83184"}],"wp:featuredmedia":[{"embeddable":true,"href":"https:\/\/www.soanam.de\/es\/wp-json\/wp\/v2\/media\/83314"}],"wp:attachment":[{"href":"https:\/\/www.soanam.de\/es\/wp-json\/wp\/v2\/media?parent=83184"}],"wp:term":[{"taxonomy":"product_brand","embeddable":true,"href":"https:\/\/www.soanam.de\/es\/wp-json\/wp\/v2\/product_brand?post=83184"},{"taxonomy":"product_cat","embeddable":true,"href":"https:\/\/www.soanam.de\/es\/wp-json\/wp\/v2\/product_cat?post=83184"},{"taxonomy":"product_tag","embeddable":true,"href":"https:\/\/www.soanam.de\/es\/wp-json\/wp\/v2\/product_tag?post=83184"}],"curies":[{"name":"wp","href":"https:\/\/api.w.org\/{rel}","templated":true}]}}