{"id":83177,"date":"2023-12-16T04:58:07","date_gmt":"2023-12-16T03:58:07","guid":{"rendered":"https:\/\/www.soanam.de\/?post_type=product&#038;p=83177"},"modified":"2023-12-16T05:05:45","modified_gmt":"2023-12-16T04:05:45","slug":"tommy-hilfiger-pantalon-tobillero-slim-slub-cotton-en-tuscon-naranja-talla-42","status":"publish","type":"product","link":"https:\/\/www.soanam.de\/es\/produkt\/tommy-hilfiger-slim-slub-cotton-ankle-pant-in-tuscon-orange-gr-42\/","title":{"rendered":"Pantal\u00f3n tobillero Tommy Hilfiger Slim Slub Cotton, en Tuscon Orange, talla 42"},"content":{"rendered":"<p>Pantalones 7\/8 de Tommy Hilfiger<br \/>\nEn un estilo chino cl\u00e1sico<br \/>\nCorte recto con tiro normal<br \/>\nColores s\u00f3lidos, ligeramente el\u00e1sticos<\/p>\n<p>Pantal\u00f3n chino largo 7\/8 de Tommy Hilfiger, con bolsillos con aberturas laterales, 2 bolsillos traseros, cierre oculto de bot\u00f3n y gancho, cierre de cremallera en mezcla de algod\u00f3n ligeramente el\u00e1stico.<br \/>\nPor supuesto, los pantalones tambi\u00e9n llevan la t\u00edpica etiqueta de la marca Hilfiger.<\/p>\n<p>Material: 98% algod\u00f3n, 2% elastano<br \/>\nInstrucciones de cuidado: Lavar a mano<\/p>\n<p>Color: naranja<br \/>\nPatr\u00f3n: sin<br \/>\nTalla: 42<\/p>\n<p>Cintura: 68 cm<br \/>\nAncho de cadera: 80 cm<br \/>\nLongitud del pelda\u00f1o: 67 cm<br \/>\nLongitud total: 95 cm<\/p>\n<p>&nbsp;<\/p>\n<p>Este nuevo art\u00edculo es una devoluci\u00f3n de un cliente sin etiqueta.<\/p>","protected":false},"excerpt":{"rendered":"<table class=\"dv_characteristicsTable\">\n<tbody>\n<tr>\n<td class=\"left\">Talla<\/td>\n<td>42<\/td>\n<\/tr>\n<tr>\n<td class=\"left\">Gr\u00f6\u00dfentyp<\/td>\n<td>Normalgr\u00f6\u00dfen<\/td>\n<\/tr>\n<tr>\n<td class=\"left\">Composici\u00f3n del material<\/td>\n<td>98% Baumwolle, 2% Elasthan<\/td>\n<\/tr>\n<tr>\n<td class=\"left\">Materialart<\/td>\n<td>Mezcla de algod\u00f3n<\/td>\n<\/tr>\n<tr>\n<td class=\"left\">Materialeigenschaften<\/td>\n<td>F\u00e1cil de limpiar<\/td>\n<\/tr>\n<tr>\n<td class=\"left\">Instrucciones de cuidado<\/td>\n<td>Lavar a mano<\/td>\n<\/tr>\n<tr>\n<td class=\"left\">Optik<\/td>\n<td>unifarben<\/td>\n<\/tr>\n<tr>\n<td class=\"left\">Stil<\/td>\n<td>modisch<\/td>\n<\/tr>\n<tr>\n<td class=\"left\">Color<\/td>\n<td>tuscon orange<\/td>\n<\/tr>\n<tr>\n<td class=\"left\">Leibh\u00f6he<\/td>\n<td>normal<\/td>\n<\/tr>\n<tr>\n<td class=\"left\">Ajuste<\/td>\n<td>gerade<\/td>\n<\/tr>\n<tr>\n<td class=\"left\">Trabillas<\/td>\n<td>nein<\/td>\n<\/tr>\n<tr>\n<td class=\"left\">Bolsas<\/td>\n<td>4<\/td>\n<\/tr>\n<tr>\n<td class=\"left\">Verschluss<\/td>\n<td>verdeckt<\/td>\n<\/tr>\n<\/tbody>\n<\/table>","protected":false},"featured_media":83267,"comment_status":"open","ping_status":"closed","template":"","meta":{"_seopress_robots_primary_cat":"","_seopress_titles_title":"","_seopress_titles_desc":"","_seopress_robots_index":""},"product_brand":[],"product_cat":[1348,1349,1397,1433],"product_tag":[],"class_list":{"0":"post-83177","1":"product","2":"type-product","3":"status-publish","4":"has-post-thumbnail","6":"product_cat-damen-mode","7":"product_cat-hosen-damen-mode","8":"product_cat-andere-hosen","9":"product_cat-7-8-hosen","10":"product_shipping_class-standard-versand","12":"first","13":"instock","14":"sale","15":"taxable","16":"shipping-taxable","17":"purchasable","18":"product-type-simple"},"_links":{"self":[{"href":"https:\/\/www.soanam.de\/es\/wp-json\/wp\/v2\/product\/83177","targetHints":{"allow":["GET"]}}],"collection":[{"href":"https:\/\/www.soanam.de\/es\/wp-json\/wp\/v2\/product"}],"about":[{"href":"https:\/\/www.soanam.de\/es\/wp-json\/wp\/v2\/types\/product"}],"replies":[{"embeddable":true,"href":"https:\/\/www.soanam.de\/es\/wp-json\/wp\/v2\/comments?post=83177"}],"wp:featuredmedia":[{"embeddable":true,"href":"https:\/\/www.soanam.de\/es\/wp-json\/wp\/v2\/media\/83267"}],"wp:attachment":[{"href":"https:\/\/www.soanam.de\/es\/wp-json\/wp\/v2\/media?parent=83177"}],"wp:term":[{"taxonomy":"product_brand","embeddable":true,"href":"https:\/\/www.soanam.de\/es\/wp-json\/wp\/v2\/product_brand?post=83177"},{"taxonomy":"product_cat","embeddable":true,"href":"https:\/\/www.soanam.de\/es\/wp-json\/wp\/v2\/product_cat?post=83177"},{"taxonomy":"product_tag","embeddable":true,"href":"https:\/\/www.soanam.de\/es\/wp-json\/wp\/v2\/product_tag?post=83177"}],"curies":[{"name":"wp","href":"https:\/\/api.w.org\/{rel}","templated":true}]}}