{"id":83163,"date":"2023-12-16T04:55:54","date_gmt":"2023-12-16T03:55:54","guid":{"rendered":"https:\/\/www.soanam.de\/?post_type=product&#038;p=83163"},"modified":"2023-12-16T05:00:55","modified_gmt":"2023-12-16T04:00:55","slug":"herrlicher-jeans-jayden-straight-in-blue-used-gr-w26xl32","status":"publish","type":"product","link":"https:\/\/www.soanam.de\/es\/produkt\/herrlicher-jeans-jayden-straight-in-blue-used-gr-w26xl32\/","title":{"rendered":"Vaqueros Herrlicher Jayden Straight, en Azul Usados, talla W26xL32"},"content":{"rendered":"<p>Marke: Herrlicher<br \/>\nModell: Jayden Straight<br \/>\nLeibh\u00f6he: normal<br \/>\nPassform: Straight Fit (Gerade)<br \/>\nSchnittform L\u00e4nge: Lang<br \/>\nVerschluss: Knopf, Rei\u00dfverschluss<\/p>\n<p>Die Straight-Cut-Jeans Jayden von Herrlicher ist die ideale Jeans, die du nicht mehr missen m\u00f6chtest.<br \/>\nDie angenehme Stretch-Qualit\u00e4t garantiert einen hohen Tragekomfort<br \/>\nSie kommt in schmaler Passform mit normaler Leibh\u00f6he.<br \/>\nEine maximale Shaping-Wirkung wird durch die besondere Schnittform mit Keileinsatz erzeugt.<br \/>\nDie Fake-Ges\u00e4\u00dftaschen sorgen f\u00fcr einen leichten Push Up Effekt.<\/p>\n<p>Material: 98% algod\u00f3n, 2% elastano<br \/>\nInstrucciones de cuidado: Lavar a m\u00e1quina<\/p>\n<p>Color: azul usado<br \/>\nPatr\u00f3n: sin<br \/>\nGr\u00f6\u00dfe: W26, L32<\/p>\n<p>Cintura: 73 cm<br \/>\nH\u00fcftweite: 92cm<br \/>\nLongitud del pelda\u00f1o: 80 cm<br \/>\nLongitud total: 105 cm<\/p>\n<p>&nbsp;<\/p>\n<p>Este nuevo art\u00edculo es una devoluci\u00f3n de un cliente sin etiqueta.<\/p>","protected":false},"excerpt":{"rendered":"<table class=\"dv_characteristicsTable\">\n<tbody>\n<tr>\n<td class=\"left\">Talla<\/td>\n<td>W26, L32<\/td>\n<\/tr>\n<tr>\n<td class=\"left\">Gr\u00f6\u00dfentyp<\/td>\n<td>Normalgr\u00f6\u00dfen<\/td>\n<\/tr>\n<tr>\n<td class=\"left\">Composici\u00f3n del material<\/td>\n<td>98% Baumwolle, 2% Elasthan<\/td>\n<\/tr>\n<tr>\n<td class=\"left\">Materialart<\/td>\n<td>Demim<\/td>\n<\/tr>\n<tr>\n<td class=\"left\">Materialeigenschaften<\/td>\n<td>F\u00e1cil de limpiar<\/td>\n<\/tr>\n<tr>\n<td class=\"left\">Instrucciones de cuidado<\/td>\n<td>Lavado a m\u00e1quina<\/td>\n<\/tr>\n<tr>\n<td class=\"left\">Optik<\/td>\n<td>unifarben<\/td>\n<\/tr>\n<tr>\n<td class=\"left\">Stil<\/td>\n<td>modisch<\/td>\n<\/tr>\n<tr>\n<td class=\"left\">Color<\/td>\n<td>Blue Used<\/td>\n<\/tr>\n<tr>\n<td class=\"left\">Leibh\u00f6he<\/td>\n<td>normal<\/td>\n<\/tr>\n<tr>\n<td class=\"left\">Ajuste<\/td>\n<td>straight<\/td>\n<\/tr>\n<tr>\n<td class=\"left\">Trabillas<\/td>\n<td>ja<\/td>\n<\/tr>\n<tr>\n<td class=\"left\">Bolsas<\/td>\n<td>5 bolsillos<\/td>\n<\/tr>\n<tr>\n<td class=\"left\">Verschluss<\/td>\n<td>1-Knopf-Form, Rei\u00dfverschluss<\/td>\n<\/tr>\n<\/tbody>\n<\/table>","protected":false},"featured_media":83216,"comment_status":"open","ping_status":"closed","template":"","meta":{"_seopress_robots_primary_cat":"","_seopress_titles_title":"","_seopress_titles_desc":"","_seopress_robots_index":""},"product_brand":[],"product_cat":[1348,1349,1350,1397],"product_tag":[],"class_list":{"0":"post-83163","1":"product","2":"type-product","3":"status-publish","4":"has-post-thumbnail","6":"product_cat-damen-mode","7":"product_cat-hosen-damen-mode","8":"product_cat-jeans-hosen-damen-mode","9":"product_cat-andere-hosen","10":"product_shipping_class-standard-versand","12":"first","13":"instock","14":"sale","15":"taxable","16":"shipping-taxable","17":"purchasable","18":"product-type-simple"},"_links":{"self":[{"href":"https:\/\/www.soanam.de\/es\/wp-json\/wp\/v2\/product\/83163","targetHints":{"allow":["GET"]}}],"collection":[{"href":"https:\/\/www.soanam.de\/es\/wp-json\/wp\/v2\/product"}],"about":[{"href":"https:\/\/www.soanam.de\/es\/wp-json\/wp\/v2\/types\/product"}],"replies":[{"embeddable":true,"href":"https:\/\/www.soanam.de\/es\/wp-json\/wp\/v2\/comments?post=83163"}],"wp:featuredmedia":[{"embeddable":true,"href":"https:\/\/www.soanam.de\/es\/wp-json\/wp\/v2\/media\/83216"}],"wp:attachment":[{"href":"https:\/\/www.soanam.de\/es\/wp-json\/wp\/v2\/media?parent=83163"}],"wp:term":[{"taxonomy":"product_brand","embeddable":true,"href":"https:\/\/www.soanam.de\/es\/wp-json\/wp\/v2\/product_brand?post=83163"},{"taxonomy":"product_cat","embeddable":true,"href":"https:\/\/www.soanam.de\/es\/wp-json\/wp\/v2\/product_cat?post=83163"},{"taxonomy":"product_tag","embeddable":true,"href":"https:\/\/www.soanam.de\/es\/wp-json\/wp\/v2\/product_tag?post=83163"}],"curies":[{"name":"wp","href":"https:\/\/api.w.org\/{rel}","templated":true}]}}