{"id":83114,"date":"2023-12-16T04:51:18","date_gmt":"2023-12-16T03:51:18","guid":{"rendered":"https:\/\/www.soanam.de\/?post_type=product&#038;p=83114"},"modified":"2023-12-16T04:54:33","modified_gmt":"2023-12-16T03:54:33","slug":"pantalon-chino-kangaroos-slim-fit-con-cinturon-en-beige-talla-40","status":"publish","type":"product","link":"https:\/\/www.soanam.de\/es\/produkt\/kangaroos-chinohose-in-schmaler-form-mit-guertel-in-beige-gr-40\/","title":{"rendered":"Pantal\u00f3n chino KangaROOS, slim fit, con cintur\u00f3n, en color beige, talla 40"},"content":{"rendered":"<p>Schmale Chino mit Stretch von KangaROOS<br \/>\nAus weichem, unifarbenem Baumwoll-Mix<br \/>\nMit normaler Leibh\u00f6he<br \/>\nIm B\u00fcndchen mit zweifarbig geflochtenem G\u00fcrtel<br \/>\nBesonders l\u00e4ssig mit gekrempeltem Saum<\/p>\n<p>Die gerade geschnittene Chinohose von Kangaroos kommt mit normaler Leibh\u00f6he.<br \/>\nEin tolles Detail ist die kontrastierende, zweifarbige Flechtkordel, die hier als G\u00fcrtel fungiert. Besonders l\u00e4ssig sieht die unifarbene Stoffhose mit gekrempelten S\u00e4umen aus.<br \/>\nSeitliche Eingrifftaschen und gekn\u00f6pfte Paspeltaschen hinten machen das Design perfekt.<br \/>\nDank des Elasthananteils und der weichen Baumwollqualit\u00e4t sitzt sie wunderbar bequem.<\/p>\n<p>Material: 98% algod\u00f3n, 2% elastano<br \/>\nInstrucciones de cuidado: Lavar a m\u00e1quina<\/p>\n<p>Color: beige<br \/>\nPatr\u00f3n: sin<br \/>\nTalla: 40<\/p>\n<p>Cintura: 78 cm<br \/>\nH\u00fcftweite: 100cm<br \/>\nLongitud del pelda\u00f1o: 81 cm<br \/>\nLongitud total: 105 cm<\/p>\n<p>Hinweis: F\u00e4llt eng aus, bitte eine Gr\u00f6\u00dfe gr\u00f6\u00dfer bestellen<\/p>","protected":false},"excerpt":{"rendered":"<table class=\"dv_characteristicsTable\">\n<tbody>\n<tr>\n<td class=\"left\">Talla<\/td>\n<td>40<\/td>\n<\/tr>\n<tr>\n<td class=\"left\">Gr\u00f6\u00dfentyp<\/td>\n<td>Normalgr\u00f6\u00dfen<\/td>\n<\/tr>\n<tr>\n<td class=\"left\">Composici\u00f3n del material<\/td>\n<td>Obermaterial: 98% Baumwolle, 2% Elasthan<\/td>\n<\/tr>\n<tr>\n<td class=\"left\">Materialart<\/td>\n<td>Web<\/td>\n<\/tr>\n<tr>\n<td class=\"left\">Instrucciones de cuidado<\/td>\n<td>Lavado a m\u00e1quina<\/td>\n<\/tr>\n<tr>\n<td class=\"left\">Optik<\/td>\n<td>unifarben<\/td>\n<\/tr>\n<tr>\n<td class=\"left\">Color<\/td>\n<td>beige<\/td>\n<\/tr>\n<tr>\n<td class=\"left\">Leibh\u00f6he<\/td>\n<td>normal<\/td>\n<\/tr>\n<tr>\n<td class=\"left\">Bundabschluss<\/td>\n<td>gerade<\/td>\n<\/tr>\n<tr>\n<td class=\"left\">Ajuste<\/td>\n<td>gerade, unten schmal<\/td>\n<\/tr>\n<tr>\n<td class=\"left\">Schnittform L\u00e4nge<\/td>\n<td>lang<\/td>\n<\/tr>\n<tr>\n<td class=\"left\">Trabillas<\/td>\n<td>ja<\/td>\n<\/tr>\n<tr>\n<td class=\"left\">Applikationen<\/td>\n<td>Logotipo bordado<\/td>\n<\/tr>\n<tr>\n<td class=\"left\">Bolsas<\/td>\n<td>Eingrifftaschen, Leistentaschen<\/td>\n<\/tr>\n<tr>\n<td class=\"left\">Verschluss<\/td>\n<td>1-Knopf-Form, Rei\u00dfverschluss<\/td>\n<\/tr>\n<tr>\n<td class=\"left\">Besondere Merkmale<\/td>\n<td>in schmaler Form, mit Kordel zu binden<\/td>\n<\/tr>\n<tr>\n<td class=\"left\">Gr\u00f6\u00dfenhinweis<\/td>\n<td>F\u00e4llt eng aus, bitte eine Gr\u00f6\u00dfe gr\u00f6\u00dfer bestellen.<\/td>\n<\/tr>\n<\/tbody>\n<\/table>","protected":false},"featured_media":83143,"comment_status":"open","ping_status":"closed","template":"","meta":{"_seopress_robots_primary_cat":"","_seopress_titles_title":"","_seopress_titles_desc":"","_seopress_robots_index":""},"product_brand":[],"product_cat":[1348,1349,1466],"product_tag":[],"class_list":{"0":"post-83114","1":"product","2":"type-product","3":"status-publish","4":"has-post-thumbnail","6":"product_cat-damen-mode","7":"product_cat-hosen-damen-mode","8":"product_cat-chinohosen-hosen-damen-mode","9":"product_shipping_class-standard-versand","11":"first","12":"instock","13":"taxable","14":"shipping-taxable","15":"purchasable","16":"product-type-simple"},"_links":{"self":[{"href":"https:\/\/www.soanam.de\/es\/wp-json\/wp\/v2\/product\/83114","targetHints":{"allow":["GET"]}}],"collection":[{"href":"https:\/\/www.soanam.de\/es\/wp-json\/wp\/v2\/product"}],"about":[{"href":"https:\/\/www.soanam.de\/es\/wp-json\/wp\/v2\/types\/product"}],"replies":[{"embeddable":true,"href":"https:\/\/www.soanam.de\/es\/wp-json\/wp\/v2\/comments?post=83114"}],"wp:featuredmedia":[{"embeddable":true,"href":"https:\/\/www.soanam.de\/es\/wp-json\/wp\/v2\/media\/83143"}],"wp:attachment":[{"href":"https:\/\/www.soanam.de\/es\/wp-json\/wp\/v2\/media?parent=83114"}],"wp:term":[{"taxonomy":"product_brand","embeddable":true,"href":"https:\/\/www.soanam.de\/es\/wp-json\/wp\/v2\/product_brand?post=83114"},{"taxonomy":"product_cat","embeddable":true,"href":"https:\/\/www.soanam.de\/es\/wp-json\/wp\/v2\/product_cat?post=83114"},{"taxonomy":"product_tag","embeddable":true,"href":"https:\/\/www.soanam.de\/es\/wp-json\/wp\/v2\/product_tag?post=83114"}],"curies":[{"name":"wp","href":"https:\/\/api.w.org\/{rel}","templated":true}]}}