{"id":83100,"date":"2023-12-16T04:50:03","date_gmt":"2023-12-16T03:50:03","guid":{"rendered":"https:\/\/www.soanam.de\/?post_type=product&#038;p=83100"},"modified":"2023-12-16T04:53:25","modified_gmt":"2023-12-16T03:53:25","slug":"pantalones-de-esqui-icepeak-netro-en-negro-talla-56","status":"publish","type":"product","link":"https:\/\/www.soanam.de\/es\/produkt\/icepeak-skihose-netro-in-schwarz-gr-56\/","title":{"rendered":"Pantalones de esqu\u00ed Icepeak Netro, en negro, talla 56"},"content":{"rendered":"<p>Pantalones de esqu\u00ed de Icepeak<br \/>\nForro acolchado<br \/>\nDetalles de la estructura<br \/>\nMateriales de protecci\u00f3n<br \/>\nColumna de agua y transpirabilidad del material: 5.000 mm 5.000 mvp<br \/>\nLas costuras principales del producto est\u00e1n soldadas a prueba de agua<br \/>\nImpregnaci\u00f3n hidr\u00f3fuga<\/p>\n<p>Con material impermeable y costuras principales soldadas, estos pantalones ganan la mayor\u00eda de las batallas contra la humedad, demostrando su funcionalidad. Las protecciones contra la nieve en los extremos de las perneras impiden que la nieve penetre desde abajo. Para que puedas disfrutar al m\u00e1ximo de las actividades invernales, el pantal\u00f3n est\u00e1 equipado con otros numerosos detalles funcionales, como cremalleras en las perneras y una parte trasera alta.<\/p>\n<p>Material: poli\u00e9ster 100%<br \/>\nInstrucciones de cuidado: Lavar a m\u00e1quina<\/p>\n<p>Color: negro<br \/>\nPatr\u00f3n: sin<br \/>\nTama\u00f1o: 56<\/p>\n<p>Cintura: 93 cm<br \/>\nAncho de cadera: 125 cm<br \/>\nLongitud del pelda\u00f1o: 82 cm<br \/>\nLongitud total: 116 cm<\/p>","protected":false},"excerpt":{"rendered":"<table class=\"dv_characteristicsTable\">\n<tbody>\n<tr>\n<td class=\"left\">Talla<\/td>\n<td>56<\/td>\n<\/tr>\n<tr>\n<td class=\"left\">Composici\u00f3n del material<\/td>\n<td>Material superior: poli\u00e9ster 100%<\/td>\n<\/tr>\n<tr>\n<td class=\"left\">Instrucciones de cuidado<\/td>\n<td>30 \u00b0C Feinw\u00e4sche<\/td>\n<\/tr>\n<tr>\n<td class=\"left\">Optik<\/td>\n<td>Colores s\u00f3lidos<\/td>\n<\/tr>\n<tr>\n<td class=\"left\">Stil<\/td>\n<td>Casual<\/td>\n<\/tr>\n<tr>\n<td class=\"left\">Color<\/td>\n<td>schwarz<\/td>\n<\/tr>\n<tr>\n<td class=\"left\">Schnittform L\u00e4nge<\/td>\n<td>Lang<\/td>\n<\/tr>\n<tr>\n<td class=\"left\">Verschluss<\/td>\n<td>Cierre de bot\u00f3n<\/td>\n<\/tr>\n<tr>\n<td class=\"left\">Sportart<\/td>\n<td>Skifahren<\/td>\n<\/tr>\n<\/tbody>\n<\/table>","protected":false},"featured_media":83132,"comment_status":"open","ping_status":"closed","template":"","meta":{"_seopress_robots_primary_cat":"","_seopress_titles_title":"","_seopress_titles_desc":"","_seopress_robots_index":""},"product_brand":[],"product_cat":[1345,1346,1463],"product_tag":[],"class_list":{"0":"post-83100","1":"product","2":"type-product","3":"status-publish","4":"has-post-thumbnail","6":"product_cat-herrenmode","7":"product_cat-hosen","8":"product_cat-regen-skihosen-hosen","9":"product_shipping_class-standard-versand","11":"first","12":"instock","13":"sale","14":"taxable","15":"shipping-taxable","16":"purchasable","17":"product-type-simple"},"_links":{"self":[{"href":"https:\/\/www.soanam.de\/es\/wp-json\/wp\/v2\/product\/83100","targetHints":{"allow":["GET"]}}],"collection":[{"href":"https:\/\/www.soanam.de\/es\/wp-json\/wp\/v2\/product"}],"about":[{"href":"https:\/\/www.soanam.de\/es\/wp-json\/wp\/v2\/types\/product"}],"replies":[{"embeddable":true,"href":"https:\/\/www.soanam.de\/es\/wp-json\/wp\/v2\/comments?post=83100"}],"wp:featuredmedia":[{"embeddable":true,"href":"https:\/\/www.soanam.de\/es\/wp-json\/wp\/v2\/media\/83132"}],"wp:attachment":[{"href":"https:\/\/www.soanam.de\/es\/wp-json\/wp\/v2\/media?parent=83100"}],"wp:term":[{"taxonomy":"product_brand","embeddable":true,"href":"https:\/\/www.soanam.de\/es\/wp-json\/wp\/v2\/product_brand?post=83100"},{"taxonomy":"product_cat","embeddable":true,"href":"https:\/\/www.soanam.de\/es\/wp-json\/wp\/v2\/product_cat?post=83100"},{"taxonomy":"product_tag","embeddable":true,"href":"https:\/\/www.soanam.de\/es\/wp-json\/wp\/v2\/product_tag?post=83100"}],"curies":[{"name":"wp","href":"https:\/\/api.w.org\/{rel}","templated":true}]}}