{"id":83061,"date":"2023-12-16T04:46:27","date_gmt":"2023-12-16T03:46:27","guid":{"rendered":"https:\/\/www.soanam.de\/?post_type=product&#038;p=83061"},"modified":"2023-12-16T04:50:00","modified_gmt":"2023-12-16T03:50:00","slug":"izod-saltwater-stretch-chino-gerade-passform-in-pink-gr-32x34","status":"publish","type":"product","link":"https:\/\/www.soanam.de\/es\/produkt\/izod-saltwater-stretch-chino-gerade-passform-in-pink-gr-32x34\/","title":{"rendered":"IZOD Saltwater Stretch Chino, gerade Passform, in Pink Gr. 32x34"},"content":{"rendered":"<p>L\u00e4ssige Twillhose f\u00fcr den modebewu\u00dften Herren von IZOD<br \/>\nAus angenehmer Baumwoll-Stretch-Qualit\u00e4t<br \/>\nGerade Passform, im klassischen Look<br \/>\nMit G\u00fcrtel<\/p>\n<p>Coole Chinohose von IZOD f\u00fcr den modebewu\u00dften Herren in modernem Look- unkompliziert und topmodisch.<br \/>\nGerade Form mit flacher Vorderseite, Knopf und verdecktem Rei\u00dfverschluss, 2 Eigrifftaschen vorn, 2 Ges\u00e4\u00dftaschen mit Knopf und G\u00fcrtel.<\/p>\n<p>Material: 97% algod\u00f3n, 3% elastano<br \/>\nInstrucciones de cuidado: Lavar a m\u00e1quina<\/p>\n<p>Color: rosa<br \/>\nPatr\u00f3n: sin<br \/>\nGr\u00f6\u00dfe: 32x34<\/p>\n<p>Bundweite: 81cm<br \/>\nH\u00fcftweite: 101cm<br \/>\nLongitud del pelda\u00f1o: 82 cm<br \/>\nLongitud total: 110 cm<\/p>","protected":false},"excerpt":{"rendered":"<table class=\"dv_characteristicsTable\">\n<tbody>\n<tr>\n<td class=\"left\">Talla<\/td>\n<td>32<\/td>\n<\/tr>\n<tr>\n<td class=\"left\">Hosenl\u00e4nge<\/td>\n<td>34<\/td>\n<\/tr>\n<tr>\n<td class=\"left\">Composici\u00f3n del material<\/td>\n<td>97% Baumwolle, 3% Elasthan<\/td>\n<\/tr>\n<tr>\n<td class=\"left\">Instrucciones de cuidado<\/td>\n<td>Lavado a m\u00e1quina<\/td>\n<\/tr>\n<tr>\n<td class=\"left\">Stil<\/td>\n<td>casual<\/td>\n<\/tr>\n<tr>\n<td class=\"left\">Color<\/td>\n<td>pink<\/td>\n<\/tr>\n<tr>\n<td class=\"left\">Leibh\u00f6he<\/td>\n<td>niedrig<\/td>\n<\/tr>\n<tr>\n<td class=\"left\">Beinform<\/td>\n<td>gerade<\/td>\n<\/tr>\n<tr>\n<td class=\"left\">Ajuste<\/td>\n<td>schmal<\/td>\n<\/tr>\n<tr>\n<td class=\"left\">Schnittform L\u00e4nge<\/td>\n<td>lang<\/td>\n<\/tr>\n<tr>\n<td class=\"left\">Bolsas<\/td>\n<td>Eingrifftaschen, Ges\u00e4\u00dftaschen<\/td>\n<\/tr>\n<tr>\n<td class=\"left\">Verschluss<\/td>\n<td>Knopf, Rei\u00dfverschluss<\/td>\n<\/tr>\n<tr>\n<td class=\"left\">detalles<\/td>\n<td>Cintur\u00f3n<\/td>\n<\/tr>\n<\/tbody>\n<\/table>","protected":false},"featured_media":83094,"comment_status":"open","ping_status":"closed","template":"","meta":{"_seopress_robots_primary_cat":"","_seopress_titles_title":"","_seopress_titles_desc":"","_seopress_robots_index":""},"product_brand":[],"product_cat":[1345,1346,1464],"product_tag":[],"class_list":{"0":"post-83061","1":"product","2":"type-product","3":"status-publish","4":"has-post-thumbnail","6":"product_cat-herrenmode","7":"product_cat-hosen","8":"product_cat-chinohosen","9":"product_shipping_class-standard-versand","11":"first","12":"instock","13":"taxable","14":"shipping-taxable","15":"purchasable","16":"product-type-simple"},"_links":{"self":[{"href":"https:\/\/www.soanam.de\/es\/wp-json\/wp\/v2\/product\/83061","targetHints":{"allow":["GET"]}}],"collection":[{"href":"https:\/\/www.soanam.de\/es\/wp-json\/wp\/v2\/product"}],"about":[{"href":"https:\/\/www.soanam.de\/es\/wp-json\/wp\/v2\/types\/product"}],"replies":[{"embeddable":true,"href":"https:\/\/www.soanam.de\/es\/wp-json\/wp\/v2\/comments?post=83061"}],"wp:featuredmedia":[{"embeddable":true,"href":"https:\/\/www.soanam.de\/es\/wp-json\/wp\/v2\/media\/83094"}],"wp:attachment":[{"href":"https:\/\/www.soanam.de\/es\/wp-json\/wp\/v2\/media?parent=83061"}],"wp:term":[{"taxonomy":"product_brand","embeddable":true,"href":"https:\/\/www.soanam.de\/es\/wp-json\/wp\/v2\/product_brand?post=83061"},{"taxonomy":"product_cat","embeddable":true,"href":"https:\/\/www.soanam.de\/es\/wp-json\/wp\/v2\/product_cat?post=83061"},{"taxonomy":"product_tag","embeddable":true,"href":"https:\/\/www.soanam.de\/es\/wp-json\/wp\/v2\/product_tag?post=83061"}],"curies":[{"name":"wp","href":"https:\/\/api.w.org\/{rel}","templated":true}]}}