{"id":82757,"date":"2023-12-14T03:05:14","date_gmt":"2023-12-14T02:05:14","guid":{"rendered":"https:\/\/www.soanam.de\/?post_type=product&#038;p=82757"},"modified":"2023-12-14T03:09:27","modified_gmt":"2023-12-14T02:09:27","slug":"aniston-casual-maxikleid-mit-animal-print-in-schwarz-zimt-gr-46","status":"publish","type":"product","link":"https:\/\/www.soanam.de\/es\/produkt\/aniston-casual-maxikleid-mit-animal-print-in-schwarz-zimt-gr-46\/","title":{"rendered":"Aniston CASUAL maxi vestido con estampado animal, en negro, canela, talla 46"},"content":{"rendered":"<p>Vestido femenino de aspecto suave y fluido<br \/>\nKnopfleiste und Kragen<br \/>\nMit Animal-Print im Schlangen-Look<br \/>\nMit Unterkleid, gef\u00fcttert<br \/>\nKn\u00f6chelfrei, l\u00e4ssig geschnitten<br \/>\nGummizug in der Taille und am \u00c4rmelabschluss<\/p>\n<p>Modisches Kleid von Aniston CASUAL, mit Animal-Print im Schlangenhaut-Design.<br \/>\nEs handelt sich um ein kn\u00f6chelfreies, l\u00e4ssig geschnittenes Maxikleid, mit Knopfleiste und Kragen, das gef\u00fcttert und weich flie\u00dfend ist.<\/p>\n<p>Material: 95% Polyester, 5% Elasten<br \/>\nInstrucciones de cuidado: Lavar a m\u00e1quina<\/p>\n<p>Farbe: Schwarz, Zimt<br \/>\nMuster: Schlangen-Look<br \/>\nTalla: 46<\/p>\n<p>Anchura de los hombros: 42 cm<br \/>\nAnchura del pecho: 114 cm<br \/>\nLongitud de la manga: 64 cm<br \/>\nLongitud total: 122 cm<\/p>\n<p>Este nuevo art\u00edculo es una devoluci\u00f3n de un cliente sin etiqueta.<\/p>","protected":false},"excerpt":{"rendered":"<table class=\"dv_characteristicsTable\">\n<tbody>\n<tr>\n<td class=\"left\">Talla<\/td>\n<td>46<\/td>\n<\/tr>\n<tr>\n<td class=\"left\">Gr\u00f6\u00dfentyp<\/td>\n<td>Normalgr\u00f6\u00dfen<\/td>\n<\/tr>\n<tr>\n<td class=\"left\">Composici\u00f3n del material<\/td>\n<td>95% Polyester, 5% Elasten<\/td>\n<\/tr>\n<tr>\n<td class=\"left\">Materialart<\/td>\n<td>Web<\/td>\n<\/tr>\n<tr>\n<td class=\"left\">Materialeigenschaften<\/td>\n<td>elastisch<\/td>\n<\/tr>\n<tr>\n<td class=\"left\">Instrucciones de cuidado<\/td>\n<td>Lavado a m\u00e1quina<\/td>\n<\/tr>\n<tr>\n<td class=\"left\">Stil<\/td>\n<td>modern<\/td>\n<\/tr>\n<tr>\n<td class=\"left\">Ausschnitt<\/td>\n<td>Kragen<\/td>\n<\/tr>\n<tr>\n<td class=\"left\">\u00c4rmel<\/td>\n<td>Manga larga<\/td>\n<\/tr>\n<tr>\n<td class=\"left\">Ajuste<\/td>\n<td>regular fit<\/td>\n<\/tr>\n<tr>\n<td class=\"left\">Schnittform L\u00e4nge<\/td>\n<td>maxi<\/td>\n<\/tr>\n<tr>\n<td class=\"left\">Color<\/td>\n<td>schwarz, zimt<\/td>\n<\/tr>\n<\/tbody>\n<\/table>","protected":false},"featured_media":82825,"comment_status":"open","ping_status":"closed","template":"","meta":{"_seopress_robots_primary_cat":"","_seopress_titles_title":"","_seopress_titles_desc":"","_seopress_robots_index":""},"product_brand":[],"product_cat":[1348,1379,1541],"product_tag":[],"class_list":{"0":"post-82757","1":"product","2":"type-product","3":"status-publish","4":"has-post-thumbnail","6":"product_cat-damen-mode","7":"product_cat-kleider","8":"product_cat-freizeitkleider","9":"product_shipping_class-standard-versand","11":"first","12":"instock","13":"sale","14":"taxable","15":"shipping-taxable","16":"purchasable","17":"product-type-simple"},"_links":{"self":[{"href":"https:\/\/www.soanam.de\/es\/wp-json\/wp\/v2\/product\/82757","targetHints":{"allow":["GET"]}}],"collection":[{"href":"https:\/\/www.soanam.de\/es\/wp-json\/wp\/v2\/product"}],"about":[{"href":"https:\/\/www.soanam.de\/es\/wp-json\/wp\/v2\/types\/product"}],"replies":[{"embeddable":true,"href":"https:\/\/www.soanam.de\/es\/wp-json\/wp\/v2\/comments?post=82757"}],"wp:featuredmedia":[{"embeddable":true,"href":"https:\/\/www.soanam.de\/es\/wp-json\/wp\/v2\/media\/82825"}],"wp:attachment":[{"href":"https:\/\/www.soanam.de\/es\/wp-json\/wp\/v2\/media?parent=82757"}],"wp:term":[{"taxonomy":"product_brand","embeddable":true,"href":"https:\/\/www.soanam.de\/es\/wp-json\/wp\/v2\/product_brand?post=82757"},{"taxonomy":"product_cat","embeddable":true,"href":"https:\/\/www.soanam.de\/es\/wp-json\/wp\/v2\/product_cat?post=82757"},{"taxonomy":"product_tag","embeddable":true,"href":"https:\/\/www.soanam.de\/es\/wp-json\/wp\/v2\/product_tag?post=82757"}],"curies":[{"name":"wp","href":"https:\/\/api.w.org\/{rel}","templated":true}]}}