{"id":82755,"date":"2023-12-14T03:05:13","date_gmt":"2023-12-14T02:05:13","guid":{"rendered":"https:\/\/www.soanam.de\/?post_type=product&#038;p=82755"},"modified":"2023-12-14T03:08:37","modified_gmt":"2023-12-14T02:08:37","slug":"vero-moda-vestido-de-punto-vmfelicity-curve-en-cabernet-talla-46-48","status":"publish","type":"product","link":"https:\/\/www.soanam.de\/es\/produkt\/vero-moda-strickkleid-vmfelicity-curve-in-cabernet-gr-46-48\/","title":{"rendered":"Vestido de punto VMFELICITY CURVE, en Cabernet, talla 46\/48"},"content":{"rendered":"<p>Vestido b\u00e1sico de punto de VERO MODA<br \/>\nCon escote redondo<br \/>\nManga 3\/4<br \/>\nDe la colecci\u00f3n Curve<br \/>\nPunto fino de viscosa supersuave<\/p>\n<p>Este sencillo vestido de punto de Vero Moda es perfecto para un look femenino.<\/p>\n<p>El fino tejido de punto resulta agradable al tacto y c\u00f3modo de llevar.<br \/>\nGracias a su elasticidad, el material se adapta a tus movimientos.<br \/>\nAs\u00ed que se sienta muy c\u00f3modamente, incluso cuando est\u00e1s fuera de casa durante mucho tiempo.<\/p>\n<p>&nbsp;<\/p>\n<p>Material: poli\u00e9ster 65%, viscosa 35%<br \/>\nInstrucciones de cuidado: Lavar a m\u00e1quina<\/p>\n<p>Color: burdeos<br \/>\nPatr\u00f3n: sin<br \/>\nTalla: M Curve<\/p>\n<p>Anchura de los hombros: 41 cm<br \/>\nAnchura del pecho: 106 cm<br \/>\nLongitud de la manga: 47 cm<br \/>\nLongitud total: 95 cm<\/p>","protected":false},"excerpt":{"rendered":"<table class=\"dv_characteristicsTable\">\n<tbody>\n<tr>\n<td class=\"left\">Talla<\/td>\n<td>46\/48<\/td>\n<\/tr>\n<tr>\n<td class=\"left\">Gr\u00f6\u00dfentyp<\/td>\n<td>Curve<\/td>\n<\/tr>\n<tr>\n<td class=\"left\">Composici\u00f3n del material<\/td>\n<td>65% Polyester, 35% Viskose<\/td>\n<\/tr>\n<tr>\n<td class=\"left\">Materialart<\/td>\n<td>Feinstrick<\/td>\n<\/tr>\n<tr>\n<td class=\"left\">Materialeigenschaften<\/td>\n<td>elastisch<\/td>\n<\/tr>\n<tr>\n<td class=\"left\">Instrucciones de cuidado<\/td>\n<td>Lavado a m\u00e1quina<\/td>\n<\/tr>\n<tr>\n<td class=\"left\">Stil<\/td>\n<td>feminin<\/td>\n<\/tr>\n<tr>\n<td class=\"left\">Ausschnitt<\/td>\n<td>Rundhals<\/td>\n<\/tr>\n<tr>\n<td class=\"left\">\u00c4rmel<\/td>\n<td>3\/4-\u00c4rmel<\/td>\n<\/tr>\n<tr>\n<td class=\"left\">Color<\/td>\n<td>winetasting<\/td>\n<\/tr>\n<\/tbody>\n<\/table>","protected":false},"featured_media":82816,"comment_status":"open","ping_status":"closed","template":"","meta":{"_seopress_robots_primary_cat":"","_seopress_titles_title":"","_seopress_titles_desc":"","_seopress_robots_index":""},"product_brand":[],"product_cat":[1348,1379,1618],"product_tag":[],"class_list":{"0":"post-82755","1":"product","2":"type-product","3":"status-publish","4":"has-post-thumbnail","6":"product_cat-damen-mode","7":"product_cat-kleider","8":"product_cat-strickkleider","9":"product_shipping_class-standard-versand","11":"first","12":"instock","13":"sale","14":"taxable","15":"shipping-taxable","16":"purchasable","17":"product-type-simple"},"_links":{"self":[{"href":"https:\/\/www.soanam.de\/es\/wp-json\/wp\/v2\/product\/82755","targetHints":{"allow":["GET"]}}],"collection":[{"href":"https:\/\/www.soanam.de\/es\/wp-json\/wp\/v2\/product"}],"about":[{"href":"https:\/\/www.soanam.de\/es\/wp-json\/wp\/v2\/types\/product"}],"replies":[{"embeddable":true,"href":"https:\/\/www.soanam.de\/es\/wp-json\/wp\/v2\/comments?post=82755"}],"wp:featuredmedia":[{"embeddable":true,"href":"https:\/\/www.soanam.de\/es\/wp-json\/wp\/v2\/media\/82816"}],"wp:attachment":[{"href":"https:\/\/www.soanam.de\/es\/wp-json\/wp\/v2\/media?parent=82755"}],"wp:term":[{"taxonomy":"product_brand","embeddable":true,"href":"https:\/\/www.soanam.de\/es\/wp-json\/wp\/v2\/product_brand?post=82755"},{"taxonomy":"product_cat","embeddable":true,"href":"https:\/\/www.soanam.de\/es\/wp-json\/wp\/v2\/product_cat?post=82755"},{"taxonomy":"product_tag","embeddable":true,"href":"https:\/\/www.soanam.de\/es\/wp-json\/wp\/v2\/product_tag?post=82755"}],"curies":[{"name":"wp","href":"https:\/\/api.w.org\/{rel}","templated":true}]}}