{"id":82750,"date":"2023-12-14T03:05:12","date_gmt":"2023-12-14T02:05:12","guid":{"rendered":"https:\/\/www.soanam.de\/?post_type=product&#038;p=82750"},"modified":"2023-12-14T03:07:19","modified_gmt":"2023-12-14T02:07:19","slug":"sana-606-707-glas-saftbehaelter-glas-saftkanne-1l","status":"publish","type":"product","link":"https:\/\/www.soanam.de\/es\/produkt\/sana-606-707-glas-saftbehaelter-glas-saftkanne-1l\/","title":{"rendered":"Sana 606\/707 Glas-Saftbeh\u00e4lter, Glas-Saftkanne 1L"},"content":{"rendered":"<p>Aus robustem Borosilikatglas<br \/>\n1 litro de capacidad<br \/>\nMit 1000 ml Skala<br \/>\nPara Sana 606 \/ 707, Angel Juicer y otros exprimidores lentos<\/p>\n<p>Der Sana Saftbeh\u00e4lter besteht aus stabilem Boro\u00adsilikat\u00adglas und fasst eine Saftmenge von 1 Liter. Damit werden frisch gepresste S\u00e4fte schad\u00adstoff\u00adfrei und sicher auf\u00adgefangen. Mit 1000 ml-Skala.<\/p>\n<p>Der Sana Saftbeh\u00e4lter hat eine H\u00f6he von 10,5 cm und einen Durchmesser (ohne Griff) von 15,4 cm und ist f\u00fcr den Sana Juicer EUJ-606 \/ 707 sowie f\u00fcr die Angel Juicer 5500, 7500, 8500S und weitere Slow Juicer geeignet.<\/p>\n<p>Farbe: klar<br \/>\nMuster: 1000 ml Skala<br \/>\nMaterial: Borosilikatglas<br \/>\nCuidados: apto para lavavajillas<\/p>","protected":false},"excerpt":{"rendered":"<div class=\"pdp_details__characteristics-html\">\n<table class=\"dv_characteristicsTable\">\n<tbody>\n<tr>\n<td class=\"left\">\n<div><\/div>\n<div>Material\u00a0 \u00a0Glas<\/div>\n<div>Farbe\u00a0 \u00a0 \u00a0 \u00a0klar<\/div>\n<div>\u00a0Groesse 1L<\/div>\n<div>Teile\u00a0 \u00a0 \u00a0 \u00a0 \u00a01-tlg.<\/div>\n<div>Motiv.\u00a0 \u00a0 \u00a0 \u00a01000ml Skala<\/div>\n<div>Besonderheit fuer 606\/607<\/div>\n<\/td>\n<td><\/td>\n<\/tr>\n<tr>\n<td class=\"left\"><\/td>\n<td><\/td>\n<\/tr>\n<tr>\n<td class=\"left\"><\/td>\n<td><\/td>\n<\/tr>\n<\/tbody>\n<\/table>\n<\/div>","protected":false},"featured_media":82797,"comment_status":"open","ping_status":"closed","template":"","meta":{"_seopress_robots_primary_cat":"","_seopress_titles_title":"","_seopress_titles_desc":"","_seopress_robots_index":""},"product_brand":[],"product_cat":[1400,1401],"product_tag":[],"class_list":{"0":"post-82750","1":"product","2":"type-product","3":"status-publish","4":"has-post-thumbnail","6":"product_cat-wohnzubehoer","7":"product_cat-haushaltswaren","8":"product_shipping_class-standard-versand","10":"first","11":"instock","12":"sale","13":"taxable","14":"shipping-taxable","15":"purchasable","16":"product-type-simple"},"_links":{"self":[{"href":"https:\/\/www.soanam.de\/es\/wp-json\/wp\/v2\/product\/82750","targetHints":{"allow":["GET"]}}],"collection":[{"href":"https:\/\/www.soanam.de\/es\/wp-json\/wp\/v2\/product"}],"about":[{"href":"https:\/\/www.soanam.de\/es\/wp-json\/wp\/v2\/types\/product"}],"replies":[{"embeddable":true,"href":"https:\/\/www.soanam.de\/es\/wp-json\/wp\/v2\/comments?post=82750"}],"wp:featuredmedia":[{"embeddable":true,"href":"https:\/\/www.soanam.de\/es\/wp-json\/wp\/v2\/media\/82797"}],"wp:attachment":[{"href":"https:\/\/www.soanam.de\/es\/wp-json\/wp\/v2\/media?parent=82750"}],"wp:term":[{"taxonomy":"product_brand","embeddable":true,"href":"https:\/\/www.soanam.de\/es\/wp-json\/wp\/v2\/product_brand?post=82750"},{"taxonomy":"product_cat","embeddable":true,"href":"https:\/\/www.soanam.de\/es\/wp-json\/wp\/v2\/product_cat?post=82750"},{"taxonomy":"product_tag","embeddable":true,"href":"https:\/\/www.soanam.de\/es\/wp-json\/wp\/v2\/product_tag?post=82750"}],"curies":[{"name":"wp","href":"https:\/\/api.w.org\/{rel}","templated":true}]}}