{"id":82647,"date":"2023-12-14T02:29:06","date_gmt":"2023-12-14T01:29:06","guid":{"rendered":"https:\/\/www.soanam.de\/?post_type=product&#038;p=82647"},"modified":"2023-12-14T02:35:08","modified_gmt":"2023-12-14T01:35:08","slug":"falda-de-verano-nora-a-rayas-en-blanco-menta-gr-l","status":"publish","type":"product","link":"https:\/\/www.soanam.de\/es\/produkt\/sommerrock-nora-gestreift-in-mint-weiss-gr-l\/","title":{"rendered":"Falda de verano Nora, a rayas, en color menta - blanco, talla L"},"content":{"rendered":"<p>falda veraniega de l\u00ednea A<br \/>\nligeramente acampanado<br \/>\nque se ajusta a la rodilla<\/p>\n<p>El verano puede llegar: con esta sencilla y c\u00f3moda falda veraniega estar\u00e1s perfectamente equipada.<br \/>\nLa falda de verano hasta la rodilla es ligeramente acampanada y est\u00e1 confeccionada en c\u00f3modo punto de algod\u00f3n.<br \/>\nLa falda tiene cintura el\u00e1stica y se ajusta directamente a la altura de la cintura.<\/p>\n<p>Color: blanco menta<br \/>\nMaterial: algod\u00f3n 94%, elastano 6%<br \/>\nCuidados: Lavado suave<\/p>\n<p>Cintura: 78 cm<br \/>\nLongitud total: 57 cm<\/p>","protected":false},"excerpt":{"rendered":"<div class=\"pdp_details__characteristics-html\">\n<table class=\"dv_characteristicsTable\">\n<tbody>\n<tr>\n<td class=\"left\">\n<div><\/div>\n<div>Material\u00a0 \u00a0Baumwolle, Elasthan<\/div>\n<div>Farbe\u00a0 \u00a0 \u00a0 \u00a0mint, weiss<\/div>\n<div>Groesse\u00a0 L<\/div>\n<div>Optik\u00a0 \u00a0 \u00a0 \u00a0 gestreift<\/div>\n<div>Merkmal\u00a0 \u00a0knieumspielend<\/div>\n<\/td>\n<td><\/td>\n<\/tr>\n<tr>\n<td class=\"left\"><\/td>\n<td><\/td>\n<\/tr>\n<tr>\n<td class=\"left\"><\/td>\n<td><\/td>\n<\/tr>\n<\/tbody>\n<\/table>\n<\/div>","protected":false},"featured_media":82736,"comment_status":"open","ping_status":"closed","template":"","meta":{"_seopress_robots_primary_cat":"","_seopress_titles_title":"","_seopress_titles_desc":"","_seopress_robots_index":""},"product_brand":[],"product_cat":[1348,1473,1474],"product_tag":[],"class_list":{"0":"post-82647","1":"product","2":"type-product","3":"status-publish","4":"has-post-thumbnail","6":"product_cat-damen-mode","7":"product_cat-roecke","8":"product_cat-midiroecke","9":"product_shipping_class-standard-versand","11":"first","12":"instock","13":"sale","14":"taxable","15":"shipping-taxable","16":"purchasable","17":"product-type-simple"},"_links":{"self":[{"href":"https:\/\/www.soanam.de\/es\/wp-json\/wp\/v2\/product\/82647","targetHints":{"allow":["GET"]}}],"collection":[{"href":"https:\/\/www.soanam.de\/es\/wp-json\/wp\/v2\/product"}],"about":[{"href":"https:\/\/www.soanam.de\/es\/wp-json\/wp\/v2\/types\/product"}],"replies":[{"embeddable":true,"href":"https:\/\/www.soanam.de\/es\/wp-json\/wp\/v2\/comments?post=82647"}],"wp:featuredmedia":[{"embeddable":true,"href":"https:\/\/www.soanam.de\/es\/wp-json\/wp\/v2\/media\/82736"}],"wp:attachment":[{"href":"https:\/\/www.soanam.de\/es\/wp-json\/wp\/v2\/media?parent=82647"}],"wp:term":[{"taxonomy":"product_brand","embeddable":true,"href":"https:\/\/www.soanam.de\/es\/wp-json\/wp\/v2\/product_brand?post=82647"},{"taxonomy":"product_cat","embeddable":true,"href":"https:\/\/www.soanam.de\/es\/wp-json\/wp\/v2\/product_cat?post=82647"},{"taxonomy":"product_tag","embeddable":true,"href":"https:\/\/www.soanam.de\/es\/wp-json\/wp\/v2\/product_tag?post=82647"}],"curies":[{"name":"wp","href":"https:\/\/api.w.org\/{rel}","templated":true}]}}