{"id":82586,"date":"2023-12-14T02:27:37","date_gmt":"2023-12-14T01:27:37","guid":{"rendered":"https:\/\/www.soanam.de\/?post_type=product&#038;p=82586"},"modified":"2023-12-14T02:30:45","modified_gmt":"2023-12-14T01:30:45","slug":"modischer-damenguertel-mit-goldfarbigem-besatz-und-schliesse-in-braun-gr-95","status":"publish","type":"product","link":"https:\/\/www.soanam.de\/es\/produkt\/modischer-damenguertel-mit-goldfarbigem-besatz-und-schliesse-in-braun-gr-95\/","title":{"rendered":"Modischer Damenguertel mit goldfarbigem Besatz und Schliesse, in Braun, Gr. 95"},"content":{"rendered":"<p>Modischer Dameng\u00fcrtel<br \/>\nQualitativ, stilvoll, modisch<br \/>\nG\u00fcrtel Breite: ca. 1,3 cm<br \/>\nMit goldfarbigen Nieten , Dornschnalle und Schlaufe<\/p>\n<p>Schmaler Dameng\u00fcrtel mit goldfarbiger Dornschnalle &amp; passender Schlaufe. Goldfarbige Nieten machen aus dem s\u00fc\u00dfen G\u00fcrtel einen Trendsetter.<br \/>\nDer G\u00fcrtel hat eine glatte Oberfl\u00e4che und ist f\u00fcr Komfort extra flach geschnitten.<br \/>\nDie Weite l\u00e4sst sich bequem in vielen Stufen regulieren.<\/p>\n<p>Material: polipiel<br \/>\nColor: marr\u00f3n<br \/>\nTama\u00f1o: 95<br \/>\nBreite: 1,3 cm<\/p>","protected":false},"excerpt":{"rendered":"<div class=\"pdp_details__characteristics-html\">\n<table class=\"dv_characteristicsTable\">\n<tbody>\n<tr>\n<td class=\"left\">Talla<\/td>\n<td>95<\/td>\n<\/tr>\n<tr>\n<td class=\"left\">Material<\/td>\n<td>Imitaci\u00f3n de cuero<\/td>\n<\/tr>\n<tr>\n<td class=\"left\">Metall<\/td>\n<td>Nieten<\/td>\n<\/tr>\n<tr>\n<td class=\"left\">Material Schlie\u00dfe<\/td>\n<td>Metall<\/td>\n<\/tr>\n<tr>\n<td class=\"left\">Color<\/td>\n<td>braun<\/td>\n<\/tr>\n<tr>\n<td class=\"left\">Optik<\/td>\n<td>goldfarbiger Besatz<\/td>\n<\/tr>\n<tr>\n<td class=\"left\">Stil<\/td>\n<td>Basic, modern, klassisch<\/td>\n<\/tr>\n<tr>\n<td class=\"left\">Verschluss<\/td>\n<td>Einfachdornschlie\u00dfe<\/td>\n<\/tr>\n<tr>\n<td class=\"left\">Breite des G\u00fcrtels<\/td>\n<td>1,3 cm<\/td>\n<\/tr>\n<\/tbody>\n<\/table>\n<\/div>","protected":false},"featured_media":82679,"comment_status":"open","ping_status":"closed","template":"","meta":{"_seopress_robots_primary_cat":"","_seopress_titles_title":"","_seopress_titles_desc":"","_seopress_robots_index":""},"product_brand":[],"product_cat":[1348,1357,1716],"product_tag":[],"class_list":{"0":"post-82586","1":"product","2":"type-product","3":"status-publish","4":"has-post-thumbnail","6":"product_cat-damen-mode","7":"product_cat-accessoires","8":"product_cat-guertel-accessoires","9":"product_shipping_class-standard-versand","11":"first","12":"instock","13":"taxable","14":"shipping-taxable","15":"purchasable","16":"product-type-simple"},"_links":{"self":[{"href":"https:\/\/www.soanam.de\/es\/wp-json\/wp\/v2\/product\/82586","targetHints":{"allow":["GET"]}}],"collection":[{"href":"https:\/\/www.soanam.de\/es\/wp-json\/wp\/v2\/product"}],"about":[{"href":"https:\/\/www.soanam.de\/es\/wp-json\/wp\/v2\/types\/product"}],"replies":[{"embeddable":true,"href":"https:\/\/www.soanam.de\/es\/wp-json\/wp\/v2\/comments?post=82586"}],"wp:featuredmedia":[{"embeddable":true,"href":"https:\/\/www.soanam.de\/es\/wp-json\/wp\/v2\/media\/82679"}],"wp:attachment":[{"href":"https:\/\/www.soanam.de\/es\/wp-json\/wp\/v2\/media?parent=82586"}],"wp:term":[{"taxonomy":"product_brand","embeddable":true,"href":"https:\/\/www.soanam.de\/es\/wp-json\/wp\/v2\/product_brand?post=82586"},{"taxonomy":"product_cat","embeddable":true,"href":"https:\/\/www.soanam.de\/es\/wp-json\/wp\/v2\/product_cat?post=82586"},{"taxonomy":"product_tag","embeddable":true,"href":"https:\/\/www.soanam.de\/es\/wp-json\/wp\/v2\/product_tag?post=82586"}],"curies":[{"name":"wp","href":"https:\/\/api.w.org\/{rel}","templated":true}]}}