{"id":82541,"date":"2023-12-14T02:26:42","date_gmt":"2023-12-14T01:26:42","guid":{"rendered":"https:\/\/www.soanam.de\/?post_type=product&#038;p=82541"},"modified":"2023-12-14T02:28:33","modified_gmt":"2023-12-14T01:28:33","slug":"set-de-2-cojines-blandos-fussgut-hallux-bandage-beige","status":"publish","type":"product","link":"https:\/\/www.soanam.de\/es\/produkt\/fussgut-hallux-bandage-softkissen-im-2er-set-in-beige\/","title":{"rendered":"Fu\u00dfgut vendaje hallux coj\u00edn blando set de 2, en beige"},"content":{"rendered":"<p>Ideal para llevar en los zapatos<br \/>\nTama\u00f1o personalizado<br \/>\nSe puede utilizar a la izquierda y a la derecha<br \/>\nMuy suave y acogedor<\/p>\n<p>El separador de dedos Fu\u00dfGut est\u00e1 fabricado con un gel muy suave, agradable a la piel y de alta calidad, y es extremadamente c\u00f3modo de llevar.<br \/>\nGracias a su gel muy suave y liso, se adapta perfectamente al contorno de los dedos de los pies.<br \/>\nEl separador de dedos endereza el dedo gordo y puede evitar los puntos de presi\u00f3n, la irritaci\u00f3n de la piel y las rozaduras.<\/p>\n<p>Material: Gel pol\u00edmero<br \/>\nInstrucciones de cuidado: Lavar a mano<\/p>\n<p>Color: beige<br \/>\nTalla: \u00fanica<\/p>","protected":false},"excerpt":{"rendered":"<div class=\"pdp_details__characteristics-html\">\n<table class=\"dv_characteristicsTable\">\n<tbody>\n<tr>\n<td class=\"left\">Propiedades<\/td>\n<td>gelenkschonend<br \/>\nkorrigierend<br \/>\nwiederverwendbar<\/td>\n<\/tr>\n<\/tbody>\n<\/table>\n<table class=\"dv_characteristicsTable\">\n<caption>COLOR<\/caption>\n<tbody>\n<tr>\n<td class=\"left\">Color<\/td>\n<td>natur<\/td>\n<\/tr>\n<\/tbody>\n<\/table>\n<table class=\"dv_characteristicsTable\">\n<caption>MATERIAL<\/caption>\n<tbody>\n<tr>\n<td class=\"left\">Material<\/td>\n<td>Gel pol\u00edmero<\/td>\n<\/tr>\n<tr>\n<td class=\"left\">Materialeigenschaften<\/td>\n<td>elastisch<\/td>\n<\/tr>\n<\/tbody>\n<\/table>\n<table class=\"dv_characteristicsTable\">\n<caption>HINWEISE<\/caption>\n<tbody>\n<tr>\n<td class=\"left\">Hinweise<\/td>\n<td>Talla \u00fanica<br \/>\nKann f\u00fcr rechts und links verwendet werden<\/td>\n<\/tr>\n<tr>\n<td class=\"left\">Instrucciones de cuidado<\/td>\n<td>Lavar a mano<\/td>\n<\/tr>\n<\/tbody>\n<\/table>\n<\/div>\n<div class=\"pl_text-expander__toggle\"><\/div>","protected":false},"featured_media":82629,"comment_status":"open","ping_status":"closed","template":"","meta":{"_seopress_robots_primary_cat":"","_seopress_titles_title":"","_seopress_titles_desc":"","_seopress_robots_index":""},"product_brand":[],"product_cat":[1345,1348,1357,1387,1558,1559],"product_tag":[],"class_list":{"0":"post-82541","1":"product","2":"type-product","3":"status-publish","4":"has-post-thumbnail","6":"product_cat-herrenmode","7":"product_cat-damen-mode","8":"product_cat-accessoires","9":"product_cat-accessoires-herrenmode","10":"product_cat-sonstiges-accessoires","11":"product_cat-sonstiges-accessoires-herrenmode","12":"product_shipping_class-standard-versand","14":"first","15":"instock","16":"sale","17":"taxable","18":"shipping-taxable","19":"purchasable","20":"product-type-simple"},"_links":{"self":[{"href":"https:\/\/www.soanam.de\/es\/wp-json\/wp\/v2\/product\/82541","targetHints":{"allow":["GET"]}}],"collection":[{"href":"https:\/\/www.soanam.de\/es\/wp-json\/wp\/v2\/product"}],"about":[{"href":"https:\/\/www.soanam.de\/es\/wp-json\/wp\/v2\/types\/product"}],"replies":[{"embeddable":true,"href":"https:\/\/www.soanam.de\/es\/wp-json\/wp\/v2\/comments?post=82541"}],"wp:featuredmedia":[{"embeddable":true,"href":"https:\/\/www.soanam.de\/es\/wp-json\/wp\/v2\/media\/82629"}],"wp:attachment":[{"href":"https:\/\/www.soanam.de\/es\/wp-json\/wp\/v2\/media?parent=82541"}],"wp:term":[{"taxonomy":"product_brand","embeddable":true,"href":"https:\/\/www.soanam.de\/es\/wp-json\/wp\/v2\/product_brand?post=82541"},{"taxonomy":"product_cat","embeddable":true,"href":"https:\/\/www.soanam.de\/es\/wp-json\/wp\/v2\/product_cat?post=82541"},{"taxonomy":"product_tag","embeddable":true,"href":"https:\/\/www.soanam.de\/es\/wp-json\/wp\/v2\/product_tag?post=82541"}],"curies":[{"name":"wp","href":"https:\/\/api.w.org\/{rel}","templated":true}]}}