{"id":82523,"date":"2023-12-14T02:26:17","date_gmt":"2023-12-14T01:26:17","guid":{"rendered":"https:\/\/www.soanam.de\/?post_type=product&#038;p=82523"},"modified":"2023-12-14T02:28:19","modified_gmt":"2023-12-14T01:28:19","slug":"fussgut-foot-pad-gel-duo-ring-set-2-pcs-with-side-pads","status":"publish","type":"product","link":"https:\/\/www.soanam.de\/es\/produkt\/fussgut-fusspolster-gel-duo-ring-set-2-tlg-mit-seitenpolster\/","title":{"rendered":"Almohadilla para pies Fu\u00dfgut gel duo ring, juego de 2, con almohadilla lateral"},"content":{"rendered":"<p>Protecci\u00f3n de balas blandas<br \/>\nCompensaci\u00f3n de malposiciones<br \/>\nReducci\u00f3n de la fricci\u00f3n<br \/>\nIdeal para hallux valgus<\/p>\n<p>El anillo d\u00fao de gel combina varias ayudas en una: la c\u00f3moda y suave sujeci\u00f3n del d\u00fao al dedo gordo y al segundo dedo garantiza un ajuste perfecto y mantiene a distancia el roce y el dolor de los dedos. Adem\u00e1s, la protecci\u00f3n lateral para juanetes se amolda suavemente al pie y resulta muy \u00fatil en caso de aumento del dolor por rozaduras en los zapatos con problemas de hallux, callosidades o ampollas, y tambi\u00e9n puede proporcionar un alivio calmante para los callos. El material es muy el\u00e1stico y suave y se adapta a todos los pies de hombres y mujeres, tanto izquierdos como derechos.<\/p>\n<p>Material: Gel pol\u00edmero<br \/>\nInstrucciones de cuidado: Lavar a mano<\/p>\n<p>Color: blanco<br \/>\nTalla: \u00fanica<\/p>\n<p>&nbsp;<\/p>","protected":false},"excerpt":{"rendered":"<table class=\"dv_characteristicsTable\">\n<tbody>\n<tr>\n<td class=\"left\">Besondere Merkmale<\/td>\n<td>mit Seitenpolster<\/td>\n<\/tr>\n<\/tbody>\n<\/table>\n<table class=\"dv_characteristicsTable\">\n<tbody>\n<tr>\n<td class=\"left\">Propiedades<\/td>\n<td>Schmerzlindernd<br \/>\nabstandhaltend<br \/>\nkorrigierend<br \/>\nwiederverwendbar<\/td>\n<\/tr>\n<\/tbody>\n<\/table>\n<table class=\"dv_characteristicsTable\">\n<tbody>\n<tr>\n<td class=\"left\">Color<\/td>\n<td>wei\u00df<\/td>\n<\/tr>\n<\/tbody>\n<\/table>\n<table class=\"dv_characteristicsTable\">\n<tbody>\n<tr>\n<td class=\"left\">Material<\/td>\n<td>Gel pol\u00edmero<\/td>\n<\/tr>\n<tr>\n<td class=\"left\">Materialeigenschaften<\/td>\n<td>elastisch<br \/>\nF\u00e1cil de limpiar<\/td>\n<\/tr>\n<\/tbody>\n<\/table>\n<table class=\"dv_characteristicsTable\">\n<tbody>\n<tr>\n<td class=\"left\">Hinweise<\/td>\n<td>Talla \u00fanica<br \/>\nKann f\u00fcr rechts und links verwendet werden<\/td>\n<\/tr>\n<tr>\n<td class=\"left\">Instrucciones de cuidado<\/td>\n<td>Lavar a mano<\/td>\n<\/tr>\n<\/tbody>\n<\/table>","protected":false},"featured_media":82617,"comment_status":"open","ping_status":"closed","template":"","meta":{"_seopress_robots_primary_cat":"","_seopress_titles_title":"","_seopress_titles_desc":"","_seopress_robots_index":""},"product_brand":[],"product_cat":[1345,1348,1357,1387,1558,1559],"product_tag":[],"class_list":{"0":"post-82523","1":"product","2":"type-product","3":"status-publish","4":"has-post-thumbnail","6":"product_cat-herrenmode","7":"product_cat-damen-mode","8":"product_cat-accessoires","9":"product_cat-accessoires-herrenmode","10":"product_cat-sonstiges-accessoires","11":"product_cat-sonstiges-accessoires-herrenmode","12":"product_shipping_class-standard-versand","14":"first","15":"instock","16":"sale","17":"taxable","18":"shipping-taxable","19":"purchasable","20":"product-type-simple"},"_links":{"self":[{"href":"https:\/\/www.soanam.de\/es\/wp-json\/wp\/v2\/product\/82523","targetHints":{"allow":["GET"]}}],"collection":[{"href":"https:\/\/www.soanam.de\/es\/wp-json\/wp\/v2\/product"}],"about":[{"href":"https:\/\/www.soanam.de\/es\/wp-json\/wp\/v2\/types\/product"}],"replies":[{"embeddable":true,"href":"https:\/\/www.soanam.de\/es\/wp-json\/wp\/v2\/comments?post=82523"}],"wp:featuredmedia":[{"embeddable":true,"href":"https:\/\/www.soanam.de\/es\/wp-json\/wp\/v2\/media\/82617"}],"wp:attachment":[{"href":"https:\/\/www.soanam.de\/es\/wp-json\/wp\/v2\/media?parent=82523"}],"wp:term":[{"taxonomy":"product_brand","embeddable":true,"href":"https:\/\/www.soanam.de\/es\/wp-json\/wp\/v2\/product_brand?post=82523"},{"taxonomy":"product_cat","embeddable":true,"href":"https:\/\/www.soanam.de\/es\/wp-json\/wp\/v2\/product_cat?post=82523"},{"taxonomy":"product_tag","embeddable":true,"href":"https:\/\/www.soanam.de\/es\/wp-json\/wp\/v2\/product_tag?post=82523"}],"curies":[{"name":"wp","href":"https:\/\/api.w.org\/{rel}","templated":true}]}}