{"id":82373,"date":"2023-12-14T02:22:59","date_gmt":"2023-12-14T01:22:59","guid":{"rendered":"https:\/\/www.soanam.de\/?post_type=product&#038;p=82373"},"modified":"2023-12-14T02:24:53","modified_gmt":"2023-12-14T01:24:53","slug":"mi-casa-cortina-confeccionada-missy-1-pieza-con-volante-cinta-blanco-medida-450cmx175cm","status":"publish","type":"product","link":"https:\/\/www.soanam.de\/es\/produkt\/my-home-fertiggardine-missy-1-stk-mit-kraeuselband-weiss-groesse-450cmx175cm\/","title":{"rendered":"mi casa cortina confeccionada Missy, 1 pieza, con cinta de volante, blanco, tama\u00f1o 450cmx175cm"},"content":{"rendered":"<p>Tejido transparente<br \/>\nVoile aut\u00e9ntico<br \/>\nBorde de encaje real<br \/>\nCalidad ligera<br \/>\nLavable a 30 grados en ciclo delicado<\/p>\n<p>Con la moderna cortina Missy de my home, hecha de aut\u00e9ntico voile, puede a\u00f1adir un acento elegante a cualquier habitaci\u00f3n.<br \/>\nLo m\u00e1s destacado del elegante pa\u00f1uelo de cortina es el borde de encaje aut\u00e9ntico, que le da un toque elegante.<br \/>\nEl material transparente es fluido y ofrece una protecci\u00f3n fiable contra las miradas indiscretas.<br \/>\nPuede ajustar el estor a la anchura deseada mediante la cinta de recogida integrada.<br \/>\nLa cortina se cuelga con la cinta rizada.<\/p>\n<p>Material: Parte superior: poli\u00e9ster 100%<br \/>\nInstrucciones de cuidado: Lavado suave<\/p>\n<p>Color: blanco<br \/>\nPatr\u00f3n: Borde de encaje<br \/>\nTama\u00f1o: ancho 450 cm x largo 175 cm<br \/>\nNota: Las dimensiones indicadas son las de la tela. Cuando la ventana est\u00e1 totalmente decorada, la anchura se reduce aproximadamente a la mitad.<\/p>\n<p>Suspensi\u00f3n mediante rodillos de cortina (no incluidos) en la barra de cortina.<\/p>","protected":false},"excerpt":{"rendered":"<table class=\"dv_characteristicsTable\">\n<tbody>\n<tr>\n<td class=\"left\">Gewicht<\/td>\n<td>52 g\/m\u00b2<\/td>\n<\/tr>\n<tr>\n<td class=\"left\">Breite<\/td>\n<td>450 cm<\/td>\n<\/tr>\n<tr>\n<td class=\"left\">H\u00f6he<\/td>\n<td>175 cm<\/td>\n<\/tr>\n<\/tbody>\n<\/table>\n<table class=\"dv_characteristicsTable\">\n<tbody>\n<tr>\n<td class=\"left\">Aufh\u00e4ngung<\/td>\n<td>Kr\u00e4uselband<\/td>\n<\/tr>\n<tr>\n<td class=\"left\">Abschluss<\/td>\n<td>gerader Abschluss<\/td>\n<\/tr>\n<\/tbody>\n<\/table>\n<table class=\"dv_characteristicsTable\">\n<tbody>\n<tr>\n<td class=\"left\">Color<\/td>\n<td>wei\u00df<\/td>\n<\/tr>\n<tr>\n<td class=\"left\">Transparenz<\/td>\n<td>transparent<\/td>\n<\/tr>\n<tr>\n<td class=\"left\">Oberfl\u00e4chenstruktur<\/td>\n<td>glatt<\/td>\n<\/tr>\n<tr>\n<td class=\"left\">Design<\/td>\n<td>gemustert<\/td>\n<\/tr>\n<tr>\n<td class=\"left\">Designerstellungsart<\/td>\n<td>gewebt<\/td>\n<\/tr>\n<\/tbody>\n<\/table>\n<table class=\"dv_characteristicsTable\">\n<tbody>\n<tr>\n<td class=\"left\">Materialart<\/td>\n<td>Poli\u00e9ster<\/td>\n<\/tr>\n<tr>\n<td class=\"left\">Composici\u00f3n del material<\/td>\n<td>Material superior: poli\u00e9ster 100%<\/td>\n<\/tr>\n<tr>\n<td class=\"left\">Material<\/td>\n<td>Poli\u00e9ster<\/td>\n<\/tr>\n<\/tbody>\n<\/table>\n<table class=\"dv_characteristicsTable\">\n<tbody>\n<tr>\n<td class=\"left\">Anzahl Teile<\/td>\n<td>1 St.<\/td>\n<\/tr>\n<\/tbody>\n<\/table>\n<table class=\"dv_characteristicsTable\">\n<tbody>\n<tr>\n<td class=\"left\">Instrucciones de cuidado<\/td>\n<td>30\u00b0C Schonw\u00e4sche<\/td>\n<\/tr>\n<\/tbody>\n<\/table>","protected":false},"featured_media":82455,"comment_status":"open","ping_status":"closed","template":"","meta":{"_seopress_robots_primary_cat":"","_seopress_titles_title":"","_seopress_titles_desc":"","_seopress_robots_index":""},"product_brand":[],"product_cat":[1400,1420],"product_tag":[],"class_list":{"0":"post-82373","1":"product","2":"type-product","3":"status-publish","4":"has-post-thumbnail","6":"product_cat-wohnzubehoer","7":"product_cat-wohndekoration","8":"product_shipping_class-standard-versand","10":"first","11":"instock","12":"sale","13":"taxable","14":"shipping-taxable","15":"purchasable","16":"product-type-simple"},"_links":{"self":[{"href":"https:\/\/www.soanam.de\/es\/wp-json\/wp\/v2\/product\/82373","targetHints":{"allow":["GET"]}}],"collection":[{"href":"https:\/\/www.soanam.de\/es\/wp-json\/wp\/v2\/product"}],"about":[{"href":"https:\/\/www.soanam.de\/es\/wp-json\/wp\/v2\/types\/product"}],"replies":[{"embeddable":true,"href":"https:\/\/www.soanam.de\/es\/wp-json\/wp\/v2\/comments?post=82373"}],"wp:featuredmedia":[{"embeddable":true,"href":"https:\/\/www.soanam.de\/es\/wp-json\/wp\/v2\/media\/82455"}],"wp:attachment":[{"href":"https:\/\/www.soanam.de\/es\/wp-json\/wp\/v2\/media?parent=82373"}],"wp:term":[{"taxonomy":"product_brand","embeddable":true,"href":"https:\/\/www.soanam.de\/es\/wp-json\/wp\/v2\/product_brand?post=82373"},{"taxonomy":"product_cat","embeddable":true,"href":"https:\/\/www.soanam.de\/es\/wp-json\/wp\/v2\/product_cat?post=82373"},{"taxonomy":"product_tag","embeddable":true,"href":"https:\/\/www.soanam.de\/es\/wp-json\/wp\/v2\/product_tag?post=82373"}],"curies":[{"name":"wp","href":"https:\/\/api.w.org\/{rel}","templated":true}]}}