{"id":82350,"date":"2023-12-14T02:22:30","date_gmt":"2023-12-14T01:22:30","guid":{"rendered":"https:\/\/www.soanam.de\/?post_type=product&#038;p=82350"},"modified":"2023-12-14T02:24:49","modified_gmt":"2023-12-14T01:24:49","slug":"estor-enrollable-my-home-cellino-1-pieza-con-cinta-velcro-blanco-medida-80cmx140cm","status":"publish","type":"product","link":"https:\/\/www.soanam.de\/es\/produkt\/my-home-raffrollo-cellino-1-stk-mit-klettband-weiss-groesse-80cmx140cm\/","title":{"rendered":"mi casa Estor romano Cellino, 1 pieza, con cinta velcro, blanco, tama\u00f1o 80cmx140cm"},"content":{"rendered":"<p>Tejido transparente<br \/>\nPunto jacquard cl\u00e1sico<br \/>\nCalidad ligera<br \/>\nAspecto de malla<br \/>\nEstructura rugosa<\/p>\n<p>El elegante estor romano Cellino de mi casa evoca acentos frescos con su sutil motivo de lazo.<br \/>\nEl tejido de punto jacquard estampado de color liso y aspecto de malla gruesa ofrece una ligera intimidad y protecci\u00f3n solar.<br \/>\nGracias al tejido transparente, este bonito estor enrollable aporta un ambiente luminoso y acogedor a cualquier habitaci\u00f3n, que se acent\u00faa con la calidad luminosa del material de poli\u00e9ster.<br \/>\nEste accesorio decorativo para el hogar puede fijarse a cualquier altura y termina con un acabado recto.<\/p>\n<p>Tipo de instalaci\u00f3n 1: La cortina romana puede colgarse directamente en el marco de la ventana (s\u00f3lo marcos de PVC) utilizando cinta velcro.<\/p>\n<p>Tipo de instalaci\u00f3n 2: Suspensi\u00f3n mediante rodillos de cortina (no incluidos) en el riel de la cortina.<\/p>\n<p>La recogida se realiza mediante cordones de tracci\u00f3n laterales y puede fijarse a cualquier altura. Para ello, se monta en la pared un cierre de cord\u00f3n con tornillo y espiga.<\/p>\n<p>Material: Parte superior: poli\u00e9ster 100%<br \/>\nInstrucciones de cuidado: Lavado suave<\/p>\n<p>Color: blanco<br \/>\nPatr\u00f3n: L\u00edneas<br \/>\nTama\u00f1o: ancho 80 cm x largo 140 cm<br \/>\nNota: Las dimensiones indicadas son las del tejido.<\/p>","protected":false},"excerpt":{"rendered":"<table class=\"dv_characteristicsTable\">\n<tbody>\n<tr>\n<td class=\"left\">Aufh\u00e4ngung<\/td>\n<td>Klettband<\/td>\n<\/tr>\n<tr>\n<td class=\"left\">Raffm\u00f6glichkeiten<\/td>\n<td>Zugschnur wahlweise<\/td>\n<\/tr>\n<tr>\n<td class=\"left\">Abschluss<\/td>\n<td>gerader Abschluss<\/td>\n<\/tr>\n<\/tbody>\n<\/table>\n<table class=\"dv_characteristicsTable\">\n<tbody>\n<tr>\n<td class=\"left\">Color<\/td>\n<td>wei\u00df<\/td>\n<\/tr>\n<tr>\n<td class=\"left\">Transparenz<\/td>\n<td>transparent<\/td>\n<\/tr>\n<tr>\n<td class=\"left\">Oberfl\u00e4chenstruktur<\/td>\n<td>strukturiert<\/td>\n<\/tr>\n<tr>\n<td class=\"left\">Design<\/td>\n<td>unifarben<br \/>\nMotiv<br \/>\ngemustert<\/td>\n<\/tr>\n<tr>\n<td class=\"left\">Motiv<\/td>\n<td>Linien<\/td>\n<\/tr>\n<\/tbody>\n<\/table>\n<table class=\"dv_characteristicsTable\">\n<tbody>\n<tr>\n<td class=\"left\">Composici\u00f3n del material<\/td>\n<td>Material superior: poli\u00e9ster 100%<\/td>\n<\/tr>\n<\/tbody>\n<\/table>\n<table class=\"dv_characteristicsTable\">\n<tbody>\n<tr>\n<td class=\"left\">Breite<\/td>\n<td>80 cm<\/td>\n<\/tr>\n<tr>\n<td class=\"left\">H\u00f6he<\/td>\n<td>140 cm<\/td>\n<\/tr>\n<\/tbody>\n<\/table>\n<table class=\"dv_characteristicsTable\">\n<tbody>\n<tr>\n<td class=\"left\">Materialart<\/td>\n<td>Jacquard<\/td>\n<\/tr>\n<\/tbody>\n<\/table>\n<table class=\"dv_characteristicsTable\">\n<tbody>\n<tr>\n<td class=\"left\">Gewicht<\/td>\n<td>70 g\/m\u00b2<\/td>\n<\/tr>\n<\/tbody>\n<\/table>\n<table class=\"dv_characteristicsTable\">\n<tbody>\n<tr>\n<td class=\"left\">Anzahl Teile<\/td>\n<td>1 St.<\/td>\n<\/tr>\n<tr>\n<td class=\"left\">Lieferumfang<\/td>\n<td>Montageanleitung<br \/>\nBefestigungszubeh\u00f6r<br \/>\nBeschwerungsstange<\/td>\n<\/tr>\n<\/tbody>\n<\/table>\n<table class=\"dv_characteristicsTable\">\n<tbody>\n<tr>\n<td class=\"left\">Instrucciones de cuidado<\/td>\n<td>30\u00b0C Schonw\u00e4sche<\/td>\n<\/tr>\n<\/tbody>\n<\/table>","protected":false},"featured_media":82452,"comment_status":"open","ping_status":"closed","template":"","meta":{"_seopress_robots_primary_cat":"","_seopress_titles_title":"","_seopress_titles_desc":"","_seopress_robots_index":""},"product_brand":[],"product_cat":[1400,1420],"product_tag":[],"class_list":{"0":"post-82350","1":"product","2":"type-product","3":"status-publish","4":"has-post-thumbnail","6":"product_cat-wohnzubehoer","7":"product_cat-wohndekoration","8":"product_shipping_class-standard-versand","10":"first","11":"instock","12":"sale","13":"taxable","14":"shipping-taxable","15":"purchasable","16":"product-type-simple"},"_links":{"self":[{"href":"https:\/\/www.soanam.de\/es\/wp-json\/wp\/v2\/product\/82350","targetHints":{"allow":["GET"]}}],"collection":[{"href":"https:\/\/www.soanam.de\/es\/wp-json\/wp\/v2\/product"}],"about":[{"href":"https:\/\/www.soanam.de\/es\/wp-json\/wp\/v2\/types\/product"}],"replies":[{"embeddable":true,"href":"https:\/\/www.soanam.de\/es\/wp-json\/wp\/v2\/comments?post=82350"}],"wp:featuredmedia":[{"embeddable":true,"href":"https:\/\/www.soanam.de\/es\/wp-json\/wp\/v2\/media\/82452"}],"wp:attachment":[{"href":"https:\/\/www.soanam.de\/es\/wp-json\/wp\/v2\/media?parent=82350"}],"wp:term":[{"taxonomy":"product_brand","embeddable":true,"href":"https:\/\/www.soanam.de\/es\/wp-json\/wp\/v2\/product_brand?post=82350"},{"taxonomy":"product_cat","embeddable":true,"href":"https:\/\/www.soanam.de\/es\/wp-json\/wp\/v2\/product_cat?post=82350"},{"taxonomy":"product_tag","embeddable":true,"href":"https:\/\/www.soanam.de\/es\/wp-json\/wp\/v2\/product_tag?post=82350"}],"curies":[{"name":"wp","href":"https:\/\/api.w.org\/{rel}","templated":true}]}}