{"id":82348,"date":"2023-12-14T02:22:29","date_gmt":"2023-12-14T01:22:29","guid":{"rendered":"https:\/\/www.soanam.de\/?post_type=product&#038;p=82348"},"modified":"2023-12-14T02:24:44","modified_gmt":"2023-12-14T01:24:44","slug":"home-affaire-disc-cortina-naples-1-pieza-en-seda-look-blanco-tamano-90cmx60cm","status":"publish","type":"product","link":"https:\/\/www.soanam.de\/es\/produkt\/home-affaire-scheibengardine-neapel-1-stk-in-seidenoptik-weiss-groesse-90cmx60cm\/","title":{"rendered":"Home affaire cortina de disco N\u00e1poles, 1 pieza, en seda look, blanco, tama\u00f1o 90cmx60cm"},"content":{"rendered":"<p>Tejido semitransparente<br \/>\nAspecto de seda<br \/>\nCalidad de poli\u00e9ster ligeramente brillante<br \/>\nCon moderno estampado cortado a l\u00e1ser<br \/>\nTafet\u00e1n aut\u00e9ntico<\/p>\n<p>La atractiva cortina para ventana N\u00e1poles de Home affaire impresiona con su moderno dise\u00f1o cortado a l\u00e1ser.<br \/>\nHay toques de motivos florales que confieren a la cortina un ambiente acogedor y, sobre todo, agradable.<br \/>\nComo se utiliza tafet\u00e1n aut\u00e9ntico, la cortina corta es semitransparente con una superficie ligeramente brillante con aspecto de seda.<br \/>\nSe evitan las vistas extra\u00f1as desde el exterior, pero al mismo tiempo hay suficiente luz natural en el interior para iluminar la habitaci\u00f3n.<\/p>\n<p>Material: Parte superior: poli\u00e9ster 100%<br \/>\nInstrucciones de cuidado: Lavado suave<\/p>\n<p>Color: blanco<br \/>\nPatr\u00f3n: floral<br \/>\nTama\u00f1o: ancho 90 cm x largo 60 cm<br \/>\nNota: Las dimensiones indicadas son las del tejido.<\/p>","protected":false},"excerpt":{"rendered":"<table class=\"dv_characteristicsTable\">\n<tbody>\n<tr>\n<td class=\"left\">Geeignet f\u00fcr Gardinenstangendurchmesser bis<\/td>\n<td>15 mm<\/td>\n<\/tr>\n<tr>\n<td class=\"left\">Gewicht<\/td>\n<td>72 g\/m\u00b2<\/td>\n<\/tr>\n<tr>\n<td class=\"left\">Breite<\/td>\n<td>90 cm<\/td>\n<\/tr>\n<tr>\n<td class=\"left\">H\u00f6he<\/td>\n<td>60 cm<\/td>\n<\/tr>\n<\/tbody>\n<\/table>\n<table class=\"dv_characteristicsTable\">\n<tbody>\n<tr>\n<td class=\"left\">Aufh\u00e4ngung<\/td>\n<td>Stangendurchzug<\/td>\n<\/tr>\n<tr>\n<td class=\"left\">Abschluss<\/td>\n<td>gebogter Abschluss<\/td>\n<\/tr>\n<\/tbody>\n<\/table>\n<table class=\"dv_characteristicsTable\">\n<tbody>\n<tr>\n<td class=\"left\">Color<\/td>\n<td>wei\u00df<\/td>\n<\/tr>\n<tr>\n<td class=\"left\">Transparenz<\/td>\n<td>halbtransparent<\/td>\n<\/tr>\n<tr>\n<td class=\"left\">Oberfl\u00e4chenstruktur<\/td>\n<td>glatt<\/td>\n<\/tr>\n<tr>\n<td class=\"left\">Design<\/td>\n<td>unifarben<\/td>\n<\/tr>\n<tr>\n<td class=\"left\">Motiv<\/td>\n<td>Blumen<\/td>\n<\/tr>\n<\/tbody>\n<\/table>\n<table class=\"dv_characteristicsTable\">\n<tbody>\n<tr>\n<td class=\"left\">Materialart<\/td>\n<td>Taft<\/td>\n<\/tr>\n<tr>\n<td class=\"left\">Composici\u00f3n del material<\/td>\n<td>Material superior: poli\u00e9ster 100%<\/td>\n<\/tr>\n<tr>\n<td class=\"left\">Material<\/td>\n<td>Poli\u00e9ster<\/td>\n<\/tr>\n<\/tbody>\n<\/table>\n<table class=\"dv_characteristicsTable\">\n<tbody>\n<tr>\n<td class=\"left\">Anzahl Teile<\/td>\n<td>1 St.<\/td>\n<\/tr>\n<\/tbody>\n<\/table>\n<table class=\"dv_characteristicsTable\">\n<tbody>\n<tr>\n<td class=\"left\">Instrucciones de cuidado<\/td>\n<td>30\u00b0C Schonw\u00e4sche<\/td>\n<\/tr>\n<\/tbody>\n<\/table>\n<table class=\"dv_characteristicsTable\">\n<tbody>\n<tr>\n<td class=\"left\">Hinweis Dekoration<\/td>\n<td>Die angegebenen Ma\u00dfe sind Stoffma\u00dfe.<\/td>\n<\/tr>\n<tr>\n<td class=\"left\">Hinweis Aufh\u00e4ngung<\/td>\n<td>Aufh\u00e4ngung erfolgt mittels Stangendurchzug an der Gardinenstange.<\/td>\n<\/tr>\n<\/tbody>\n<\/table>\n<table class=\"dv_characteristicsTable\">\n<tbody>\n<tr>\n<td class=\"left\"><\/td>\n<td>.<\/td>\n<\/tr>\n<\/tbody>\n<\/table>","protected":false},"featured_media":82449,"comment_status":"open","ping_status":"closed","template":"","meta":{"_seopress_robots_primary_cat":"","_seopress_titles_title":"","_seopress_titles_desc":"","_seopress_robots_index":""},"product_brand":[],"product_cat":[1400,1420],"product_tag":[],"class_list":{"0":"post-82348","1":"product","2":"type-product","3":"status-publish","4":"has-post-thumbnail","6":"product_cat-wohnzubehoer","7":"product_cat-wohndekoration","8":"product_shipping_class-standard-versand","10":"first","11":"instock","12":"taxable","13":"shipping-taxable","14":"purchasable","15":"product-type-simple"},"_links":{"self":[{"href":"https:\/\/www.soanam.de\/es\/wp-json\/wp\/v2\/product\/82348","targetHints":{"allow":["GET"]}}],"collection":[{"href":"https:\/\/www.soanam.de\/es\/wp-json\/wp\/v2\/product"}],"about":[{"href":"https:\/\/www.soanam.de\/es\/wp-json\/wp\/v2\/types\/product"}],"replies":[{"embeddable":true,"href":"https:\/\/www.soanam.de\/es\/wp-json\/wp\/v2\/comments?post=82348"}],"wp:featuredmedia":[{"embeddable":true,"href":"https:\/\/www.soanam.de\/es\/wp-json\/wp\/v2\/media\/82449"}],"wp:attachment":[{"href":"https:\/\/www.soanam.de\/es\/wp-json\/wp\/v2\/media?parent=82348"}],"wp:term":[{"taxonomy":"product_brand","embeddable":true,"href":"https:\/\/www.soanam.de\/es\/wp-json\/wp\/v2\/product_brand?post=82348"},{"taxonomy":"product_cat","embeddable":true,"href":"https:\/\/www.soanam.de\/es\/wp-json\/wp\/v2\/product_cat?post=82348"},{"taxonomy":"product_tag","embeddable":true,"href":"https:\/\/www.soanam.de\/es\/wp-json\/wp\/v2\/product_tag?post=82348"}],"curies":[{"name":"wp","href":"https:\/\/api.w.org\/{rel}","templated":true}]}}