{"id":82060,"date":"2023-12-14T02:11:27","date_gmt":"2023-12-14T01:11:27","guid":{"rendered":"https:\/\/www.soanam.de\/?post_type=product&#038;p=82060"},"modified":"2023-12-14T02:13:55","modified_gmt":"2023-12-14T01:13:55","slug":"cmp-chaqueta-de-esqui-con-capucha-y-cremallera-en-blanco-talla-42","status":"publish","type":"product","link":"https:\/\/www.soanam.de\/es\/produkt\/cmp-zip-hood-skijacke-in-weiss-groesse-42\/","title":{"rendered":"Chaqueta de esqu\u00ed con capucha y cremallera CMP, en blanco, talla 42"},"content":{"rendered":"<p>Skijacke mit abnehmbarer Kapuze von CMP<br \/>\nCLIMA PROTECT\u00ae gegen Wind, Wasser und Schnee<br \/>\nAtmungsaktiver Tragekomfort<br \/>\nGef\u00fctterte, abnehmbare Kapuze<br \/>\nDas Kleidungsst\u00fcck ist leicht und weich<\/p>\n<p>Jacke in Unifarbe mit horizontalem Einsatz in Kontrastfarbe am Brustbereich, der eine sportliche Note im Heritage-Stil schenkt.<br \/>\nDie Technologie ClimaProtect, ein spezielles, mikropor\u00f6ses Thermolaminat zwischen den Geweben, gew\u00e4hrleistet Atmungsaktivit\u00e4t und Komplettschutz gegen Wind und Wasser (WP 10.000, MVP 10.000).<br \/>\nDie wasserabweisende Behandlung au\u00dfen hilft mit, dass Wasser und Schnee an der Au\u00dfenseite abperlen.<br \/>\nDas Modell mit Innenschicht aus Fleece wird abgerundet durch seitliche Rei\u00dfverschlusstaschen, eine wasserdichte Brusttasche, eine Skipass-Tasche am \u00c4rmel und den Kordelzug am Bund f\u00fcr ein besseres Anliegen.<\/p>\n<p>Material: 100 % Polyester<br \/>\nInstrucciones de cuidado: Lavar a m\u00e1quina<\/p>\n<p>Color: blanco<br \/>\nMotivo: Rayas en contraste<br \/>\nTalla: 42<\/p>\n<p>Anchura de los hombros: 44 cm<br \/>\nAnchura del pecho: 110 cm<br \/>\nLongitud de la manga: 64 cm<br \/>\nLongitud total: 70 cm<\/p>","protected":false},"excerpt":{"rendered":"<table class=\"dv_characteristicsTable\">\n<tbody>\n<tr>\n<td class=\"left\">Talla<\/td>\n<td>42<\/td>\n<\/tr>\n<tr>\n<td class=\"left\">Gr\u00f6\u00dfentyp<\/td>\n<td>Normalgr\u00f6\u00dfen<\/td>\n<\/tr>\n<tr>\n<td class=\"left\">Composici\u00f3n del material<\/td>\n<td>Material superior: poli\u00e9ster 100%<\/td>\n<\/tr>\n<tr>\n<td class=\"left\">Materialart<\/td>\n<td>Teddyfleece<\/td>\n<\/tr>\n<tr>\n<td class=\"left\">Instrucciones de cuidado<\/td>\n<td>Lavado a m\u00e1quina<\/td>\n<\/tr>\n<tr>\n<td class=\"left\">Optik<\/td>\n<td>Outdoorjacke<\/td>\n<\/tr>\n<tr>\n<td class=\"left\">Stil<\/td>\n<td>sportlich<\/td>\n<\/tr>\n<tr>\n<td class=\"left\">Color<\/td>\n<td>wei\u00df<\/td>\n<\/tr>\n<tr>\n<td class=\"left\">Kragen<\/td>\n<td>Cuello alto<\/td>\n<\/tr>\n<tr>\n<td class=\"left\">\u00c4rmel<\/td>\n<td>Manga larga<\/td>\n<\/tr>\n<tr>\n<td class=\"left\">Ajuste<\/td>\n<td>Basic<\/td>\n<\/tr>\n<tr>\n<td class=\"left\">Schnittform L\u00e4nge<\/td>\n<td>h\u00fcftbedeckend<\/td>\n<\/tr>\n<tr>\n<td class=\"left\">Cap\u00f3<\/td>\n<td>mit Kapuze<\/td>\n<\/tr>\n<tr>\n<td class=\"left\">Kapuzendetails<\/td>\n<td>abnehmbare Kapuze<\/td>\n<\/tr>\n<tr>\n<td class=\"left\">Kapuzenf\u00fctterung<\/td>\n<td>Teddyfleece<\/td>\n<\/tr>\n<tr>\n<td class=\"left\">Applikationen<\/td>\n<td>Markenlabel<\/td>\n<\/tr>\n<tr>\n<td class=\"left\">Bolsas<\/td>\n<td>Rei\u00dfverschlusstaschen<\/td>\n<\/tr>\n<tr>\n<td class=\"left\">Verschluss<\/td>\n<td>Cierre de cremallera<\/td>\n<\/tr>\n<tr>\n<td class=\"left\">Besondere Merkmale<\/td>\n<td>CLIMA PROTECT\u00ae gegen Wind, Wasser und Schnee<\/td>\n<\/tr>\n<\/tbody>\n<\/table>","protected":false},"featured_media":82181,"comment_status":"open","ping_status":"closed","template":"","meta":{"_seopress_robots_primary_cat":"","_seopress_titles_title":"","_seopress_titles_desc":"","_seopress_robots_index":""},"product_brand":[],"product_cat":[1348,1354,1374],"product_tag":[],"class_list":{"0":"post-82060","1":"product","2":"type-product","3":"status-publish","4":"has-post-thumbnail","6":"product_cat-damen-mode","7":"product_cat-jacken-maentel","8":"product_cat-skijacken","9":"product_shipping_class-standard-versand","11":"first","12":"instock","13":"sale","14":"taxable","15":"shipping-taxable","16":"purchasable","17":"product-type-simple"},"_links":{"self":[{"href":"https:\/\/www.soanam.de\/es\/wp-json\/wp\/v2\/product\/82060","targetHints":{"allow":["GET"]}}],"collection":[{"href":"https:\/\/www.soanam.de\/es\/wp-json\/wp\/v2\/product"}],"about":[{"href":"https:\/\/www.soanam.de\/es\/wp-json\/wp\/v2\/types\/product"}],"replies":[{"embeddable":true,"href":"https:\/\/www.soanam.de\/es\/wp-json\/wp\/v2\/comments?post=82060"}],"wp:featuredmedia":[{"embeddable":true,"href":"https:\/\/www.soanam.de\/es\/wp-json\/wp\/v2\/media\/82181"}],"wp:attachment":[{"href":"https:\/\/www.soanam.de\/es\/wp-json\/wp\/v2\/media?parent=82060"}],"wp:term":[{"taxonomy":"product_brand","embeddable":true,"href":"https:\/\/www.soanam.de\/es\/wp-json\/wp\/v2\/product_brand?post=82060"},{"taxonomy":"product_cat","embeddable":true,"href":"https:\/\/www.soanam.de\/es\/wp-json\/wp\/v2\/product_cat?post=82060"},{"taxonomy":"product_tag","embeddable":true,"href":"https:\/\/www.soanam.de\/es\/wp-json\/wp\/v2\/product_tag?post=82060"}],"curies":[{"name":"wp","href":"https:\/\/api.w.org\/{rel}","templated":true}]}}