{"id":82020,"date":"2023-12-14T02:10:35","date_gmt":"2023-12-14T01:10:35","guid":{"rendered":"https:\/\/www.soanam.de\/?post_type=product&#038;p=82020"},"modified":"2023-12-14T02:12:52","modified_gmt":"2023-12-14T01:12:52","slug":"chaqueta-adidas-performance-outdoor-essentials-plumon-negro-talla-m","status":"publish","type":"product","link":"https:\/\/www.soanam.de\/es\/produkt\/adidas-performance-outdoorjacke-essentials-daunenjacke-in-schwarz-groesse-m\/","title":{"rendered":"Chaqueta outdoor adidas Performance ESSENTIALS DAUNENJACKET, en negro, talla M"},"content":{"rendered":"<p>Una chaqueta de plum\u00f3n con un look street-style para los fr\u00edos d\u00edas de invierno.<br \/>\nForro: 80 % plum\u00f3n de pato \/ 20 % plum\u00f3n sint\u00e9tico; Material principal: 100 % poli\u00e9ster reciclado (tejido simple)<br \/>\nRevestimiento DWR sin PFC, resistente y repelente al agua<br \/>\nAgradablemente ligero y c\u00e1lido<br \/>\nCorte entallado<\/p>\n<p>El ligero relleno de plum\u00f3n de esta chaqueta de plum\u00f3n adidas Essentials garantiza un c\u00e1lido confort.<br \/>\nLas c\u00e1maras de plum\u00f3n te mantienen c\u00f3modo y abrigado, mientras que las cl\u00e1sicas 3 bandas aportan un estilo callejero desenfadado.<br \/>\nY a\u00fan hay m\u00e1s: en la lucha por la protecci\u00f3n del medio ambiente, el dise\u00f1o se ha fabricado con materiales reciclados.<\/p>\n<p>Material: Exterior: poli\u00e9ster 100%. Forro: 100% poli\u00e9ster. Relleno: 100% poli\u00e9ster. Relleno: 80% plum\u00f3n, 20% plumas.<br \/>\nInstrucciones de cuidado: Lavar a m\u00e1quina<\/p>\n<p>Color: negro<br \/>\nMotivo: 3 rayas<br \/>\nTalla: M<\/p>\n<p>Anchura de los hombros: 47 cm<br \/>\nAnchura del pecho: 101 cm<br \/>\nLongitud de la manga: 64 cm<br \/>\nLongitud total: 66 cm<\/p>","protected":false},"excerpt":{"rendered":"<table class=\"dv_characteristicsTable\">\n<tbody>\n<tr>\n<td class=\"left\">Talla<\/td>\n<td>M (36\/38)<\/td>\n<\/tr>\n<tr>\n<td class=\"left\">Gr\u00f6\u00dfentyp<\/td>\n<td>Normalgr\u00f6\u00dfen<\/td>\n<\/tr>\n<tr>\n<td class=\"left\">Composici\u00f3n del material<\/td>\n<td>Obermaterial: 100% Polyester. Futter: 100% Polyester. Wattierung: 100% Polyester. F\u00fcllung: 80% Daunen, 20% Federn<\/td>\n<\/tr>\n<tr>\n<td class=\"left\">Materialeigenschaften<\/td>\n<td>wasserabweisend<\/td>\n<\/tr>\n<tr>\n<td class=\"left\">Instrucciones de cuidado<\/td>\n<td>Lavado a m\u00e1quina<\/td>\n<\/tr>\n<tr>\n<td class=\"left\">Stil<\/td>\n<td>sportlich<\/td>\n<\/tr>\n<tr>\n<td class=\"left\">Color<\/td>\n<td>BLACK<\/td>\n<\/tr>\n<tr>\n<td class=\"left\">Ajuste<\/td>\n<td>eng<\/td>\n<\/tr>\n<tr>\n<td class=\"left\">Herstellerpassform<\/td>\n<td>SLIM<\/td>\n<\/tr>\n<tr>\n<td class=\"left\">Schnittform L\u00e4nge<\/td>\n<td>h\u00fcftlang<\/td>\n<\/tr>\n<tr>\n<td class=\"left\">Cap\u00f3<\/td>\n<td>ohne Kapuze<\/td>\n<\/tr>\n<\/tbody>\n<\/table>","protected":false},"featured_media":82132,"comment_status":"open","ping_status":"closed","template":"","meta":{"_seopress_robots_primary_cat":"","_seopress_titles_title":"","_seopress_titles_desc":"","_seopress_robots_index":""},"product_brand":[],"product_cat":[1348,1354,1375,1376],"product_tag":[],"class_list":{"0":"post-82020","1":"product","2":"type-product","3":"status-publish","4":"has-post-thumbnail","6":"product_cat-damen-mode","7":"product_cat-jacken-maentel","8":"product_cat-winterjacken","9":"product_cat-daunenjacken-steppjacken","10":"product_shipping_class-standard-versand","12":"first","13":"instock","14":"taxable","15":"shipping-taxable","16":"purchasable","17":"product-type-simple"},"_links":{"self":[{"href":"https:\/\/www.soanam.de\/es\/wp-json\/wp\/v2\/product\/82020","targetHints":{"allow":["GET"]}}],"collection":[{"href":"https:\/\/www.soanam.de\/es\/wp-json\/wp\/v2\/product"}],"about":[{"href":"https:\/\/www.soanam.de\/es\/wp-json\/wp\/v2\/types\/product"}],"replies":[{"embeddable":true,"href":"https:\/\/www.soanam.de\/es\/wp-json\/wp\/v2\/comments?post=82020"}],"wp:featuredmedia":[{"embeddable":true,"href":"https:\/\/www.soanam.de\/es\/wp-json\/wp\/v2\/media\/82132"}],"wp:attachment":[{"href":"https:\/\/www.soanam.de\/es\/wp-json\/wp\/v2\/media?parent=82020"}],"wp:term":[{"taxonomy":"product_brand","embeddable":true,"href":"https:\/\/www.soanam.de\/es\/wp-json\/wp\/v2\/product_brand?post=82020"},{"taxonomy":"product_cat","embeddable":true,"href":"https:\/\/www.soanam.de\/es\/wp-json\/wp\/v2\/product_cat?post=82020"},{"taxonomy":"product_tag","embeddable":true,"href":"https:\/\/www.soanam.de\/es\/wp-json\/wp\/v2\/product_tag?post=82020"}],"curies":[{"name":"wp","href":"https:\/\/api.w.org\/{rel}","templated":true}]}}