{"id":82018,"date":"2023-12-14T02:10:34","date_gmt":"2023-12-14T01:10:34","guid":{"rendered":"https:\/\/www.soanam.de\/?post_type=product&#038;p=82018"},"modified":"2023-12-14T02:12:38","modified_gmt":"2023-12-14T01:12:38","slug":"napapijri-outdoor-chaqueta-sombra-en-negro-talla-l","status":"publish","type":"product","link":"https:\/\/www.soanam.de\/es\/produkt\/napapijri-outdoorjacke-shade-in-schwarz-groesse-l\/","title":{"rendered":"Napapijri Outdoorjacke SHADE, in Schwarz, Gr\u00f6\u00dfe L"},"content":{"rendered":"<p>Die Regular-Jacke mit Kapuze von Napapijri ist ein modisches Oberteil f\u00fcr jede Gelegenheit<br \/>\nAktuelle Jacke f\u00fcr Herren mit Rei\u00dfverschluss, Kapuze und langem Arm<br \/>\nSehr leicht und sehr sch\u00f6n \u2013 die Jacke aus 100% Polyamid f\u00fchlt sich einfach wunderbar an<\/p>\n<p>Modisch und trendy \u2013 so wunderbar kann man sich f\u00fchlen: Die Regular-Jacke Napapijri \"SHADE\" mit kurzem Rei\u00dfverschluss und Kapuze vermittelt Ihnen beim Tragen in jeder Sekunde diese Empfindung.<br \/>\nDie Zusammensetzung aus 100% Polyamid garantiert eine sehr gute Qualit\u00e4t der Jacke und die Vordertasche macht sie prima funktional.<\/p>\n<p>Material: Obermaterial: 100% Polyamid<br \/>\nInstrucciones de cuidado: Lavar a m\u00e1quina<\/p>\n<p>Color: negro<br \/>\nPatr\u00f3n: sin<br \/>\nTalla: L<\/p>\n<p>Anchura de los hombros: 52 cm<br \/>\nAnchura del pecho: 122 cm<br \/>\nLongitud de la manga: 67 cm<br \/>\nLongitud total: 73 cm<\/p>","protected":false},"excerpt":{"rendered":"<table class=\"dv_characteristicsTable\">\n<tbody>\n<tr>\n<td class=\"left\">Talla<\/td>\n<td>L<\/td>\n<\/tr>\n<tr>\n<td class=\"left\">Composici\u00f3n del material<\/td>\n<td>100% Poliamida<\/td>\n<\/tr>\n<tr>\n<td class=\"left\">Instrucciones de cuidado<\/td>\n<td>Lavado a m\u00e1quina<\/td>\n<\/tr>\n<tr>\n<td class=\"left\">Color<\/td>\n<td>Black (0411)<\/td>\n<\/tr>\n<tr>\n<td class=\"left\">Ausschnitt<\/td>\n<td>Cap\u00f3<\/td>\n<\/tr>\n<tr>\n<td class=\"left\">\u00c4rmel<\/td>\n<td>Manga larga<\/td>\n<\/tr>\n<tr>\n<td class=\"left\">Ajuste<\/td>\n<td>regular fit<\/td>\n<\/tr>\n<tr>\n<td class=\"left\">Besondere Merkmale<\/td>\n<td>Anorak mit Kapuze<\/td>\n<\/tr>\n<\/tbody>\n<\/table>","protected":false},"featured_media":82119,"comment_status":"open","ping_status":"closed","template":"","meta":{"_seopress_robots_primary_cat":"","_seopress_titles_title":"","_seopress_titles_desc":"","_seopress_robots_index":""},"product_brand":[],"product_cat":[1345,1363,1364],"product_tag":[],"class_list":{"0":"post-82018","1":"product","2":"type-product","3":"status-publish","4":"has-post-thumbnail","6":"product_cat-herrenmode","7":"product_cat-jacken-maentel-herrenmode","8":"product_cat-funktionsjacken","9":"product_shipping_class-standard-versand","11":"first","12":"instock","13":"sale","14":"taxable","15":"shipping-taxable","16":"purchasable","17":"product-type-simple"},"_links":{"self":[{"href":"https:\/\/www.soanam.de\/es\/wp-json\/wp\/v2\/product\/82018","targetHints":{"allow":["GET"]}}],"collection":[{"href":"https:\/\/www.soanam.de\/es\/wp-json\/wp\/v2\/product"}],"about":[{"href":"https:\/\/www.soanam.de\/es\/wp-json\/wp\/v2\/types\/product"}],"replies":[{"embeddable":true,"href":"https:\/\/www.soanam.de\/es\/wp-json\/wp\/v2\/comments?post=82018"}],"wp:featuredmedia":[{"embeddable":true,"href":"https:\/\/www.soanam.de\/es\/wp-json\/wp\/v2\/media\/82119"}],"wp:attachment":[{"href":"https:\/\/www.soanam.de\/es\/wp-json\/wp\/v2\/media?parent=82018"}],"wp:term":[{"taxonomy":"product_brand","embeddable":true,"href":"https:\/\/www.soanam.de\/es\/wp-json\/wp\/v2\/product_brand?post=82018"},{"taxonomy":"product_cat","embeddable":true,"href":"https:\/\/www.soanam.de\/es\/wp-json\/wp\/v2\/product_cat?post=82018"},{"taxonomy":"product_tag","embeddable":true,"href":"https:\/\/www.soanam.de\/es\/wp-json\/wp\/v2\/product_tag?post=82018"}],"curies":[{"name":"wp","href":"https:\/\/api.w.org\/{rel}","templated":true}]}}