{"id":82017,"date":"2023-12-14T02:10:33","date_gmt":"2023-12-14T01:10:33","guid":{"rendered":"https:\/\/www.soanam.de\/?post_type=product&#038;p=82017"},"modified":"2023-12-14T02:12:33","modified_gmt":"2023-12-14T01:12:33","slug":"ocean-sportswear-softshelljacke-in-schwarz-groesse-50","status":"publish","type":"product","link":"https:\/\/www.soanam.de\/es\/produkt\/ocean-sportswear-softshelljacke-in-schwarz-groesse-50\/","title":{"rendered":"Chaqueta softshell Ocean Sportswear, en negro, talla 50"},"content":{"rendered":"<p>Funktionale Softshelljacke von Ocean Sportswear<br \/>\nInnenseite aus kuscheligem, w\u00e4rmendem Fleece<br \/>\nProduziert mit Bionic Finish Eco von Rudolf Chemie \u2013 (PFC-Free)<br \/>\nFunktion: 3.000mm Wassers\u00e4ule: Wind- &amp; wasserabweisend, atmungsaktiv<br \/>\n\u00c4rmelsaum, Kapuze und Saum in der Weite verstellbar<\/p>\n<p>Die Softshelljacke von Ocean ist funktional und citytauglich.<br \/>\nWer m\u00f6chte nicht von einem w\u00e4rmenden Fleecefutter an k\u00fchlen Tagen verw\u00f6hnt werden?<br \/>\nDie Kapuzenjacke mit regulierbaren S\u00e4umen, 2-Wege-Rei\u00dfverschluss mit Kinnschutz und verschlie\u00dfbaren Taschen hat auf jeden Fall eine gro\u00dfe Portion Tragespa\u00df zu bieten und \u00fcberzeugt zus\u00e4tzlich durch ihr elastisches Material.<\/p>\n<p>Material: Obermaterial: 96% Polyester, 4% Elasthan. Innenseite: 100% Polyester<br \/>\nInstrucciones de cuidado: Lavar a m\u00e1quina<\/p>\n<p>Color: negro<br \/>\nPatr\u00f3n: sin<br \/>\nTalla: 50<\/p>\n<p>Anchura de los hombros: 47 cm<br \/>\nAnchura del pecho: 130 cm<br \/>\nLongitud de la manga: 65 cm<br \/>\nLongitud total: 82 cm<\/p>","protected":false},"excerpt":{"rendered":"<table class=\"dv_characteristicsTable\">\n<tbody>\n<tr>\n<td class=\"left\">Talla<\/td>\n<td>50<\/td>\n<\/tr>\n<tr>\n<td class=\"left\">Gr\u00f6\u00dfentyp<\/td>\n<td>Normalgr\u00f6\u00dfen<\/td>\n<\/tr>\n<tr>\n<td class=\"left\">Composici\u00f3n del material<\/td>\n<td>Obermaterial: 96% Polyester, 4% Elasthan. Innenseite: 100% Polyester<\/td>\n<\/tr>\n<tr>\n<td class=\"left\">Materialart<\/td>\n<td>Softshell<\/td>\n<\/tr>\n<tr>\n<td class=\"left\">Materialeigenschaften<\/td>\n<td>atmungsaktiv, w\u00e4rmend, wasserabweisend, windabweisend<\/td>\n<\/tr>\n<tr>\n<td class=\"left\">Instrucciones de cuidado<\/td>\n<td>Lavado a m\u00e1quina<\/td>\n<\/tr>\n<tr>\n<td class=\"left\">Stil<\/td>\n<td>sportlich<\/td>\n<\/tr>\n<tr>\n<td class=\"left\">Color<\/td>\n<td>schwarz (Softshelljacke aus nachhaltigem Material)<\/td>\n<\/tr>\n<tr>\n<td class=\"left\">Kragen<\/td>\n<td>hochschlie\u00dfender Kragen<\/td>\n<\/tr>\n<tr>\n<td class=\"left\">Kragendetails<\/td>\n<td>mit Fleece gef\u00fcttert<\/td>\n<\/tr>\n<tr>\n<td class=\"left\">\u00c4rmel<\/td>\n<td>Manga larga<\/td>\n<\/tr>\n<tr>\n<td class=\"left\">\u00c4rmelabschlussdetails<\/td>\n<td>verstellbar, mit Klettverschluss<\/td>\n<\/tr>\n<tr>\n<td class=\"left\">Schnittform L\u00e4nge<\/td>\n<td>Po-bedeckend<\/td>\n<\/tr>\n<tr>\n<td class=\"left\">Cap\u00f3<\/td>\n<td>mit Kapuze<\/td>\n<\/tr>\n<tr>\n<td class=\"left\">Kapuzendetails<\/td>\n<td>mit Kordelz\u00fcgen<\/td>\n<\/tr>\n<tr>\n<td class=\"left\">Kapuzenf\u00fctterung<\/td>\n<td>gef\u00fcttert<\/td>\n<\/tr>\n<tr>\n<td class=\"left\">Applikationen<\/td>\n<td>Badge<\/td>\n<\/tr>\n<tr>\n<td class=\"left\">Bolsas<\/td>\n<td>Rei\u00dfverschlusstaschen<\/td>\n<\/tr>\n<tr>\n<td class=\"left\">Verschluss<\/td>\n<td>Cierre de cremallera<\/td>\n<\/tr>\n<\/tbody>\n<\/table>","protected":false},"featured_media":82115,"comment_status":"open","ping_status":"closed","template":"","meta":{"_seopress_robots_primary_cat":"","_seopress_titles_title":"","_seopress_titles_desc":"","_seopress_robots_index":""},"product_brand":[],"product_cat":[1348,1354,1645],"product_tag":[],"class_list":{"0":"post-82017","1":"product","2":"type-product","3":"status-publish","4":"has-post-thumbnail","6":"product_cat-damen-mode","7":"product_cat-jacken-maentel","8":"product_cat-softshelljacken","9":"product_shipping_class-standard-versand","11":"first","12":"instock","13":"taxable","14":"shipping-taxable","15":"purchasable","16":"product-type-simple"},"_links":{"self":[{"href":"https:\/\/www.soanam.de\/es\/wp-json\/wp\/v2\/product\/82017","targetHints":{"allow":["GET"]}}],"collection":[{"href":"https:\/\/www.soanam.de\/es\/wp-json\/wp\/v2\/product"}],"about":[{"href":"https:\/\/www.soanam.de\/es\/wp-json\/wp\/v2\/types\/product"}],"replies":[{"embeddable":true,"href":"https:\/\/www.soanam.de\/es\/wp-json\/wp\/v2\/comments?post=82017"}],"wp:featuredmedia":[{"embeddable":true,"href":"https:\/\/www.soanam.de\/es\/wp-json\/wp\/v2\/media\/82115"}],"wp:attachment":[{"href":"https:\/\/www.soanam.de\/es\/wp-json\/wp\/v2\/media?parent=82017"}],"wp:term":[{"taxonomy":"product_brand","embeddable":true,"href":"https:\/\/www.soanam.de\/es\/wp-json\/wp\/v2\/product_brand?post=82017"},{"taxonomy":"product_cat","embeddable":true,"href":"https:\/\/www.soanam.de\/es\/wp-json\/wp\/v2\/product_cat?post=82017"},{"taxonomy":"product_tag","embeddable":true,"href":"https:\/\/www.soanam.de\/es\/wp-json\/wp\/v2\/product_tag?post=82017"}],"curies":[{"name":"wp","href":"https:\/\/api.w.org\/{rel}","templated":true}]}}