{"id":81996,"date":"2023-12-14T02:10:07","date_gmt":"2023-12-14T01:10:07","guid":{"rendered":"https:\/\/www.soanam.de\/?post_type=product&#038;p=81996"},"modified":"2023-12-14T02:12:15","modified_gmt":"2023-12-14T01:12:15","slug":"aniston-selected-jersey-de-punto-con-cuello-alto-en-blanco-negro-talla-36","status":"publish","type":"product","link":"https:\/\/www.soanam.de\/es\/produkt\/aniston-selected-strickpullover-mit-stehkragen-in-schwarz-weiss-groesse-36\/","title":{"rendered":"Jersey de punto Aniston SELECTED con cuello alzado, en blanco y negro, talla 36"},"content":{"rendered":"<p>Jersey de punto fino Aniston SELECCIONADO<br \/>\nCon un peque\u00f1o cuello alto y mangas ragl\u00e1n largas<br \/>\nCon pu\u00f1os de canal\u00e9 en el escote, el bajo y las mangas<br \/>\nCorte informal<br \/>\nEn suave calidad de punto<\/p>\n<p>Suave jersey de punto de Aniston Selected.<br \/>\nDestacan el cuello alto corto y a la moda, el corte desenfadado, el bonito estampado gr\u00e1fico en un atractivo look blanco y negro y, por \u00faltimo, pero no por ello menos importante, el c\u00f3modo punto fino confeccionado en una mezcla de viscosa.<\/p>\n<p>Material: viscosa 50%, poliamida 26%, poli\u00e9ster 24%<br \/>\nInstrucciones de cuidado: Lavar a m\u00e1quina<\/p>\n<p>Color: blanco y negro<br \/>\nPatr\u00f3n: gr\u00e1fico<br \/>\nTalla: 36<\/p>\n<p>Anchura de los hombros: 505 cm<br \/>\nAnchura del pecho: 100 cm<br \/>\nLongitud de la manga: 48 cm<br \/>\nLongitud total: 66 cm<\/p>\n<p>Este nuevo art\u00edculo es una devoluci\u00f3n de un cliente sin etiqueta.<\/p>","protected":false},"excerpt":{"rendered":"<table class=\"dv_characteristicsTable\">\n<tbody>\n<tr>\n<td class=\"left\">Talla<\/td>\n<td>36<\/td>\n<\/tr>\n<tr>\n<td class=\"left\">Gr\u00f6\u00dfentyp<\/td>\n<td>Normalgr\u00f6\u00dfen<\/td>\n<\/tr>\n<tr>\n<td class=\"left\">Composici\u00f3n del material<\/td>\n<td>Obermaterial: 50% Viskose, 26% Polyamid, 24% Polyester<\/td>\n<\/tr>\n<tr>\n<td class=\"left\">Materialart<\/td>\n<td>Feinstrick<\/td>\n<\/tr>\n<tr>\n<td class=\"left\">Instrucciones de cuidado<\/td>\n<td>Lavado a m\u00e1quina<\/td>\n<\/tr>\n<tr>\n<td class=\"left\">Optik<\/td>\n<td>gemustert<\/td>\n<\/tr>\n<tr>\n<td class=\"left\">Stil<\/td>\n<td>elegant<\/td>\n<\/tr>\n<tr>\n<td class=\"left\">Color<\/td>\n<td>blanco y negro<\/td>\n<\/tr>\n<tr>\n<td class=\"left\">Kragen<\/td>\n<td>Cuello alto<\/td>\n<\/tr>\n<tr>\n<td class=\"left\">\u00c4rmel<\/td>\n<td>Manga larga<\/td>\n<\/tr>\n<tr>\n<td class=\"left\">\u00c4rmelabschluss<\/td>\n<td>Rippstrickb\u00fcndchen<\/td>\n<\/tr>\n<tr>\n<td class=\"left\">Rumpfabschluss<\/td>\n<td>Rippstrick<\/td>\n<\/tr>\n<tr>\n<td class=\"left\">Ajuste<\/td>\n<td>l\u00e4ssig geschnitten<\/td>\n<\/tr>\n<tr>\n<td class=\"left\">Schnittform L\u00e4nge<\/td>\n<td>h\u00fcftbedeckend<\/td>\n<\/tr>\n<tr>\n<td class=\"left\">Besondere Merkmale<\/td>\n<td>mit modisch kurzem Stehkragen<\/td>\n<\/tr>\n<\/tbody>\n<\/table>","protected":false},"featured_media":82099,"comment_status":"open","ping_status":"closed","template":"","meta":{"_seopress_robots_primary_cat":"","_seopress_titles_title":"","_seopress_titles_desc":"","_seopress_robots_index":""},"product_brand":[],"product_cat":[1348,1456,1465],"product_tag":[],"class_list":{"0":"post-81996","1":"product","2":"type-product","3":"status-publish","4":"has-post-thumbnail","6":"product_cat-damen-mode","7":"product_cat-pullover-sweater","8":"product_cat-strickpullover","9":"product_shipping_class-standard-versand","11":"first","12":"instock","13":"sale","14":"taxable","15":"shipping-taxable","16":"purchasable","17":"product-type-simple"},"_links":{"self":[{"href":"https:\/\/www.soanam.de\/es\/wp-json\/wp\/v2\/product\/81996","targetHints":{"allow":["GET"]}}],"collection":[{"href":"https:\/\/www.soanam.de\/es\/wp-json\/wp\/v2\/product"}],"about":[{"href":"https:\/\/www.soanam.de\/es\/wp-json\/wp\/v2\/types\/product"}],"replies":[{"embeddable":true,"href":"https:\/\/www.soanam.de\/es\/wp-json\/wp\/v2\/comments?post=81996"}],"wp:featuredmedia":[{"embeddable":true,"href":"https:\/\/www.soanam.de\/es\/wp-json\/wp\/v2\/media\/82099"}],"wp:attachment":[{"href":"https:\/\/www.soanam.de\/es\/wp-json\/wp\/v2\/media?parent=81996"}],"wp:term":[{"taxonomy":"product_brand","embeddable":true,"href":"https:\/\/www.soanam.de\/es\/wp-json\/wp\/v2\/product_brand?post=81996"},{"taxonomy":"product_cat","embeddable":true,"href":"https:\/\/www.soanam.de\/es\/wp-json\/wp\/v2\/product_cat?post=81996"},{"taxonomy":"product_tag","embeddable":true,"href":"https:\/\/www.soanam.de\/es\/wp-json\/wp\/v2\/product_tag?post=81996"}],"curies":[{"name":"wp","href":"https:\/\/api.w.org\/{rel}","templated":true}]}}