{"id":81973,"date":"2023-12-14T02:09:42","date_gmt":"2023-12-14T01:09:42","guid":{"rendered":"https:\/\/www.soanam.de\/?post_type=product&#038;p=81973"},"modified":"2023-12-14T02:11:50","modified_gmt":"2023-12-14T01:11:50","slug":"kangaroos-jersey-cuello-pico-en-color-caqui-talla-40-42","status":"publish","type":"product","link":"https:\/\/www.soanam.de\/es\/produkt\/kangaroos-v-ausschnitt-pullover-in-khaki-groesse-40-42\/","title":{"rendered":"Jersey KangaROOS con cuello de pico, en color caqui, talla 40\/42"},"content":{"rendered":"<p>Jersey largo de canal\u00e9 con cuello en V by KangaROOS<br \/>\nAjuste perfecto gracias al punto el\u00e1stico<br \/>\nCon agujeros para los pulgares en las mangas<br \/>\nCon peque\u00f1a etiqueta impresa en la manga<br \/>\nHecho de una hermosa mezcla de algod\u00f3n<\/p>\n<p>El jersey de punto de color liso con un profundo escote en V de Kangaroos est\u00e1 h\u00e1bilmente aderezado con trabillas para el pulgar en los anchos pu\u00f1os y la inscripci\u00f3n de la etiqueta en la manga.<br \/>\nGracias a su punto de canal\u00e9 especialmente ancho y c\u00f3modo, el jersey abraza suavemente el cuerpo y realza la silueta.<\/p>\n<p>Material: algod\u00f3n 50% , poliacr\u00edlico 50%<br \/>\nInstrucciones de cuidado: Lavar a m\u00e1quina<\/p>\n<p>Color: caqui<br \/>\nPatr\u00f3n: sin<br \/>\nTalla: 40\/42<\/p>\n<p>Anchura de los hombros: 40 cm<br \/>\nAnchura del pecho: 102 cm<br \/>\nLongitud de la manga: 66 cm<br \/>\nLongitud total: 68 cm<\/p>","protected":false},"excerpt":{"rendered":"<table class=\"dv_characteristicsTable\">\n<tbody>\n<tr>\n<td class=\"left\">Talla<\/td>\n<td>40\/42 (M)<\/td>\n<\/tr>\n<tr>\n<td class=\"left\">Gr\u00f6\u00dfentyp<\/td>\n<td>Normalgr\u00f6\u00dfen<\/td>\n<\/tr>\n<tr>\n<td class=\"left\">Composici\u00f3n del material<\/td>\n<td>Obermaterial: 50% Baumwolle, 50% Polyacryl<\/td>\n<\/tr>\n<tr>\n<td class=\"left\">Materialart<\/td>\n<td>Rippstrick<\/td>\n<\/tr>\n<tr>\n<td class=\"left\">Instrucciones de cuidado<\/td>\n<td>Lavado a m\u00e1quina<\/td>\n<\/tr>\n<tr>\n<td class=\"left\">Optik<\/td>\n<td>unifarben<\/td>\n<\/tr>\n<tr>\n<td class=\"left\">Stil<\/td>\n<td>Basic<\/td>\n<\/tr>\n<tr>\n<td class=\"left\">Color<\/td>\n<td>khaki<\/td>\n<\/tr>\n<tr>\n<td class=\"left\">Ausschnitt<\/td>\n<td>Cuello en V<\/td>\n<\/tr>\n<tr>\n<td class=\"left\">\u00c4rmel<\/td>\n<td>Manga larga<\/td>\n<\/tr>\n<tr>\n<td class=\"left\">\u00c4rmelabschluss<\/td>\n<td>Pu\u00f1os de canal\u00e9<\/td>\n<\/tr>\n<tr>\n<td class=\"left\">\u00c4rmelabschlussdetails<\/td>\n<td>mit Daumenl\u00f6chern<\/td>\n<\/tr>\n<tr>\n<td class=\"left\">Rumpfabschluss<\/td>\n<td>Pu\u00f1os de canal\u00e9<\/td>\n<\/tr>\n<tr>\n<td class=\"left\">Ajuste<\/td>\n<td>sehr figurbetont<\/td>\n<\/tr>\n<tr>\n<td class=\"left\">Schnittform L\u00e4nge<\/td>\n<td>h\u00fcftlang<\/td>\n<\/tr>\n<tr>\n<td class=\"left\">Applikationen<\/td>\n<td>Markenlabel, Print<\/td>\n<\/tr>\n<tr>\n<td class=\"left\">Besondere Merkmale<\/td>\n<td>in breit geripptem Feinstrick<\/td>\n<\/tr>\n<\/tbody>\n<\/table>","protected":false},"featured_media":82078,"comment_status":"open","ping_status":"closed","template":"","meta":{"_seopress_robots_primary_cat":"","_seopress_titles_title":"","_seopress_titles_desc":"","_seopress_robots_index":""},"product_brand":[],"product_cat":[1348,1456,1465],"product_tag":[],"class_list":{"0":"post-81973","1":"product","2":"type-product","3":"status-publish","4":"has-post-thumbnail","6":"product_cat-damen-mode","7":"product_cat-pullover-sweater","8":"product_cat-strickpullover","9":"product_shipping_class-standard-versand","11":"first","12":"instock","13":"taxable","14":"shipping-taxable","15":"purchasable","16":"product-type-simple"},"_links":{"self":[{"href":"https:\/\/www.soanam.de\/es\/wp-json\/wp\/v2\/product\/81973","targetHints":{"allow":["GET"]}}],"collection":[{"href":"https:\/\/www.soanam.de\/es\/wp-json\/wp\/v2\/product"}],"about":[{"href":"https:\/\/www.soanam.de\/es\/wp-json\/wp\/v2\/types\/product"}],"replies":[{"embeddable":true,"href":"https:\/\/www.soanam.de\/es\/wp-json\/wp\/v2\/comments?post=81973"}],"wp:featuredmedia":[{"embeddable":true,"href":"https:\/\/www.soanam.de\/es\/wp-json\/wp\/v2\/media\/82078"}],"wp:attachment":[{"href":"https:\/\/www.soanam.de\/es\/wp-json\/wp\/v2\/media?parent=81973"}],"wp:term":[{"taxonomy":"product_brand","embeddable":true,"href":"https:\/\/www.soanam.de\/es\/wp-json\/wp\/v2\/product_brand?post=81973"},{"taxonomy":"product_cat","embeddable":true,"href":"https:\/\/www.soanam.de\/es\/wp-json\/wp\/v2\/product_cat?post=81973"},{"taxonomy":"product_tag","embeddable":true,"href":"https:\/\/www.soanam.de\/es\/wp-json\/wp\/v2\/product_tag?post=81973"}],"curies":[{"name":"wp","href":"https:\/\/api.w.org\/{rel}","templated":true}]}}