{"id":81954,"date":"2023-12-14T02:09:19","date_gmt":"2023-12-14T01:09:19","guid":{"rendered":"https:\/\/www.soanam.de\/?post_type=product&#038;p=81954"},"modified":"2023-12-14T02:11:30","modified_gmt":"2023-12-14T01:11:30","slug":"kangaroos-jersey-de-cuello-redondo-a-rayas-tricolor-talla-40-42","status":"publish","type":"product","link":"https:\/\/www.soanam.de\/es\/produkt\/kangaroos-rundhalspullover-in-streifenoptik-dreifarbig-groesse-40-42\/","title":{"rendered":"KangaROOS jersey de cuello redondo a rayas, tricolor, talla 40\/42"},"content":{"rendered":"<p>Jersey de punto fino de KangaROOS<br \/>\nBasic Form, figurbetont geschnitten<br \/>\nCon un moderno look a rayas<br \/>\nAus angenehmer Baumwollmischung<\/p>\n<p>Der Feinstrickpullover von Kangaroos kombiniert selbstbewusst breite, mehrfarbige Blockstreifen im Oberk\u00f6rper mit s\u00fc\u00dfen Ringeln an den \u00c4rmeln.<br \/>\nDurch die l\u00e4ssige Rollkante am Rundhalsausschnitt und das kleine Label am Arm erh\u00e4lt das modische Langarmshirt weitere Pluspunkte.<\/p>\n<p>Material: algod\u00f3n 50% , poliacr\u00edlico 50%<br \/>\nInstrucciones de cuidado: Lavar a m\u00e1quina<\/p>\n<p>Farbe: wollwei\u00df-rosa-dunkelgr\u00fcn<br \/>\nMotivo: Rayas<br \/>\nTalla: 40\/42<\/p>\n<p>Anchura de los hombros: 41 cm<br \/>\nAnchura del pecho: 102 cm<br \/>\nLongitud de la manga: 66 cm<br \/>\nLongitud total: 66 cm<\/p>","protected":false},"excerpt":{"rendered":"<table class=\"dv_characteristicsTable\">\n<tbody>\n<tr>\n<td class=\"left\">Talla<\/td>\n<td>40\/42 (M)<\/td>\n<\/tr>\n<tr>\n<td class=\"left\">Gr\u00f6\u00dfentyp<\/td>\n<td>Normalgr\u00f6\u00dfen<\/td>\n<\/tr>\n<tr>\n<td class=\"left\">Composici\u00f3n del material<\/td>\n<td>Obermaterial: 50% Baumwolle, 50% Polyacryl<\/td>\n<\/tr>\n<tr>\n<td class=\"left\">Materialart<\/td>\n<td>Feinstrick<\/td>\n<\/tr>\n<tr>\n<td class=\"left\">Instrucciones de cuidado<\/td>\n<td>Lavado a m\u00e1quina<\/td>\n<\/tr>\n<tr>\n<td class=\"left\">Optik<\/td>\n<td>gestreift<\/td>\n<\/tr>\n<tr>\n<td class=\"left\">Stil<\/td>\n<td>casual<\/td>\n<\/tr>\n<tr>\n<td class=\"left\">Color<\/td>\n<td>wollwei\u00df-rosa-dunkelgr\u00fcn<\/td>\n<\/tr>\n<tr>\n<td class=\"left\">Ausschnitt<\/td>\n<td>Rundhals<\/td>\n<\/tr>\n<tr>\n<td class=\"left\">Ausschnittdetails<\/td>\n<td>Rollkante<\/td>\n<\/tr>\n<tr>\n<td class=\"left\">\u00c4rmel<\/td>\n<td>Manga larga<\/td>\n<\/tr>\n<tr>\n<td class=\"left\">\u00c4rmeldetails<\/td>\n<td>eingesetzt<\/td>\n<\/tr>\n<tr>\n<td class=\"left\">\u00c4rmelabschluss<\/td>\n<td>Rippstrickb\u00fcndchen<\/td>\n<\/tr>\n<tr>\n<td class=\"left\">Rumpfabschluss<\/td>\n<td>Pu\u00f1os de canal\u00e9<\/td>\n<\/tr>\n<tr>\n<td class=\"left\">Ajuste<\/td>\n<td>figurbetont<\/td>\n<\/tr>\n<tr>\n<td class=\"left\">Schnittform L\u00e4nge<\/td>\n<td>h\u00fcftlang<\/td>\n<\/tr>\n<tr>\n<td class=\"left\">Applikationen<\/td>\n<td>Markenlabel, Badge<\/td>\n<\/tr>\n<tr>\n<td class=\"left\">Besondere Merkmale<\/td>\n<td>in modischer Streifenoptik<\/td>\n<\/tr>\n<\/tbody>\n<\/table>","protected":false},"featured_media":82063,"comment_status":"open","ping_status":"closed","template":"","meta":{"_seopress_robots_primary_cat":"","_seopress_titles_title":"","_seopress_titles_desc":"","_seopress_robots_index":""},"product_brand":[],"product_cat":[1348,1456,1465],"product_tag":[],"class_list":{"0":"post-81954","1":"product","2":"type-product","3":"status-publish","4":"has-post-thumbnail","6":"product_cat-damen-mode","7":"product_cat-pullover-sweater","8":"product_cat-strickpullover","9":"product_shipping_class-standard-versand","11":"first","12":"instock","13":"sale","14":"taxable","15":"shipping-taxable","16":"purchasable","17":"product-type-simple"},"_links":{"self":[{"href":"https:\/\/www.soanam.de\/es\/wp-json\/wp\/v2\/product\/81954","targetHints":{"allow":["GET"]}}],"collection":[{"href":"https:\/\/www.soanam.de\/es\/wp-json\/wp\/v2\/product"}],"about":[{"href":"https:\/\/www.soanam.de\/es\/wp-json\/wp\/v2\/types\/product"}],"replies":[{"embeddable":true,"href":"https:\/\/www.soanam.de\/es\/wp-json\/wp\/v2\/comments?post=81954"}],"wp:featuredmedia":[{"embeddable":true,"href":"https:\/\/www.soanam.de\/es\/wp-json\/wp\/v2\/media\/82063"}],"wp:attachment":[{"href":"https:\/\/www.soanam.de\/es\/wp-json\/wp\/v2\/media?parent=81954"}],"wp:term":[{"taxonomy":"product_brand","embeddable":true,"href":"https:\/\/www.soanam.de\/es\/wp-json\/wp\/v2\/product_brand?post=81954"},{"taxonomy":"product_cat","embeddable":true,"href":"https:\/\/www.soanam.de\/es\/wp-json\/wp\/v2\/product_cat?post=81954"},{"taxonomy":"product_tag","embeddable":true,"href":"https:\/\/www.soanam.de\/es\/wp-json\/wp\/v2\/product_tag?post=81954"}],"curies":[{"name":"wp","href":"https:\/\/api.w.org\/{rel}","templated":true}]}}