{"id":81925,"date":"2023-12-14T02:08:50","date_gmt":"2023-12-14T01:08:50","guid":{"rendered":"https:\/\/www.soanam.de\/?post_type=product&#038;p=81925"},"modified":"2023-12-14T02:10:29","modified_gmt":"2023-12-14T01:10:29","slug":"pepe-jeans-strickpullover-fiona-in-natur-groesse-xl","status":"publish","type":"product","link":"https:\/\/www.soanam.de\/es\/produkt\/pepe-jeans-strickpullover-fiona-in-natur-groesse-xl\/","title":{"rendered":"Jersey de punto Pepe Jeans FIONA, en color natural, talla XL"},"content":{"rendered":"<p>Feinstrickpullover Fiona von Pepe Jeans<br \/>\nMit Stehkragen und langen \u00c4rmeln in toller Strick-Qualit\u00e4t<br \/>\nIn schlichter unifarbener Optik<br \/>\nAus pflegeleichter Baumwollmischung mit w\u00e4rmenden Eigenschaften<\/p>\n<p>Der Feinstrickpullover von Pepe Jeans hat eine regul\u00e4re Passform, einen hohen gerippten Kragen und S\u00e4ume mit weichen Ripp-B\u00fcndchen.<br \/>\nAm Saum befindet sich ein Metall Logoplate<br \/>\nDie angenehm weiche Baumwollmischung ist super bequem, weich und w\u00e4rmend.<\/p>\n<p>Material: 48% Baumwolle, 43% Wolle, 9% Nylon<br \/>\nInstrucciones de cuidado: Lavar a m\u00e1quina<\/p>\n<p>Farbe: buttermilk<br \/>\nPatr\u00f3n: sin<br \/>\nTalla: XL<\/p>\n<p>Anchura de los hombros: 36 cm<br \/>\nAnchura del pecho: 94 cm<br \/>\nLongitud de la manga: 62 cm<br \/>\nLongitud total: 58 cm<\/p>","protected":false},"excerpt":{"rendered":"<table class=\"dv_characteristicsTable\">\n<tbody>\n<tr>\n<td class=\"left\">Talla<\/td>\n<td>XL<\/td>\n<\/tr>\n<tr>\n<td class=\"left\">Gr\u00f6\u00dfentyp<\/td>\n<td>Normalgr\u00f6\u00dfen<\/td>\n<\/tr>\n<tr>\n<td class=\"left\">Composici\u00f3n del material<\/td>\n<td>48% Baumwolle, 43% Wolle, 9% Nylon<\/td>\n<\/tr>\n<tr>\n<td class=\"left\">Materialart<\/td>\n<td>Strick<\/td>\n<\/tr>\n<tr>\n<td class=\"left\">Materialeigenschaften<\/td>\n<td>pflegeleicht, w\u00e4rmend<\/td>\n<\/tr>\n<tr>\n<td class=\"left\">Instrucciones de cuidado<\/td>\n<td>Lavado a m\u00e1quina<\/td>\n<\/tr>\n<tr>\n<td class=\"left\">Optik<\/td>\n<td>unifarben<\/td>\n<\/tr>\n<tr>\n<td class=\"left\">Stil<\/td>\n<td>casual<\/td>\n<\/tr>\n<tr>\n<td class=\"left\">Color<\/td>\n<td>825 Buttermilk<\/td>\n<\/tr>\n<tr>\n<td class=\"left\">Kragen<\/td>\n<td>hoher Kragen<\/td>\n<\/tr>\n<tr>\n<td class=\"left\">Ausschnitt<\/td>\n<td>Rundhals<\/td>\n<\/tr>\n<tr>\n<td class=\"left\">\u00c4rmel<\/td>\n<td>Manga larga<\/td>\n<\/tr>\n<tr>\n<td class=\"left\">Ajuste<\/td>\n<td>bequem<\/td>\n<\/tr>\n<\/tbody>\n<\/table>\n<p>&nbsp;<\/p>","protected":false},"featured_media":82012,"comment_status":"open","ping_status":"closed","template":"","meta":{"_seopress_robots_primary_cat":"","_seopress_titles_title":"","_seopress_titles_desc":"","_seopress_robots_index":""},"product_brand":[],"product_cat":[1348,1456,1465],"product_tag":[],"class_list":{"0":"post-81925","1":"product","2":"type-product","3":"status-publish","4":"has-post-thumbnail","6":"product_cat-damen-mode","7":"product_cat-pullover-sweater","8":"product_cat-strickpullover","9":"product_shipping_class-standard-versand","11":"first","12":"instock","13":"sale","14":"taxable","15":"shipping-taxable","16":"purchasable","17":"product-type-simple"},"_links":{"self":[{"href":"https:\/\/www.soanam.de\/es\/wp-json\/wp\/v2\/product\/81925","targetHints":{"allow":["GET"]}}],"collection":[{"href":"https:\/\/www.soanam.de\/es\/wp-json\/wp\/v2\/product"}],"about":[{"href":"https:\/\/www.soanam.de\/es\/wp-json\/wp\/v2\/types\/product"}],"replies":[{"embeddable":true,"href":"https:\/\/www.soanam.de\/es\/wp-json\/wp\/v2\/comments?post=81925"}],"wp:featuredmedia":[{"embeddable":true,"href":"https:\/\/www.soanam.de\/es\/wp-json\/wp\/v2\/media\/82012"}],"wp:attachment":[{"href":"https:\/\/www.soanam.de\/es\/wp-json\/wp\/v2\/media?parent=81925"}],"wp:term":[{"taxonomy":"product_brand","embeddable":true,"href":"https:\/\/www.soanam.de\/es\/wp-json\/wp\/v2\/product_brand?post=81925"},{"taxonomy":"product_cat","embeddable":true,"href":"https:\/\/www.soanam.de\/es\/wp-json\/wp\/v2\/product_cat?post=81925"},{"taxonomy":"product_tag","embeddable":true,"href":"https:\/\/www.soanam.de\/es\/wp-json\/wp\/v2\/product_tag?post=81925"}],"curies":[{"name":"wp","href":"https:\/\/api.w.org\/{rel}","templated":true}]}}