{"id":81888,"date":"2023-12-14T02:08:00","date_gmt":"2023-12-14T01:08:00","guid":{"rendered":"https:\/\/www.soanam.de\/?post_type=product&#038;p=81888"},"modified":"2023-12-14T02:09:51","modified_gmt":"2023-12-14T01:09:51","slug":"vero-moda-rundhalspullover-vmdoffy-in-north-atlantic-groesse-m","status":"publish","type":"product","link":"https:\/\/www.soanam.de\/es\/produkt\/vero-moda-rundhalspullover-vmdoffy-in-north-atlantic-groesse-m\/","title":{"rendered":"Vero Moda Rundhalspullover VMDOFFY, in North Atlantic, Gr\u00f6\u00dfe M"},"content":{"rendered":"<p>Jersey b\u00e1sico de VERO MODA<br \/>\nCorte ce\u00f1ido<br \/>\nCalidad acogedora con efecto melange<br \/>\nDe punto f\u00e1cil de cuidar y el\u00e1stico<\/p>\n<p>Un cl\u00e1sico de punto con escote redondo y pu\u00f1os de canal\u00e9, este jersey de Vero Moda es atemporal y vers\u00e1til.<br \/>\nSu mezcla de materiales ligeramente el\u00e1sticos tiene un atractivo aspecto moteado que realza tambi\u00e9n su car\u00e1cter acogedor.<\/p>\n<p>Material: poli\u00e9ster 52%, poli\u00e9ster 42%, elastano 3%, nailon 3%<br \/>\nInstrucciones de cuidado: Lavado suave<\/p>\n<p>Farbe: north atlantic<br \/>\nPatr\u00f3n: sin<br \/>\nTalla: M<\/p>\n<p>Anchura de los hombros: 44 cm<br \/>\nAnchura del pecho: 89 cm<br \/>\nLongitud de la manga: 68 cm<br \/>\nLongitud total: 60 cm<\/p>","protected":false},"excerpt":{"rendered":"<table class=\"dv_characteristicsTable\">\n<tbody>\n<tr>\n<td class=\"left\">Talla<\/td>\n<td>M<\/td>\n<\/tr>\n<tr>\n<td class=\"left\">Gr\u00f6\u00dfentyp<\/td>\n<td>Normalgr\u00f6\u00dfen<\/td>\n<\/tr>\n<tr>\n<td class=\"left\">Composici\u00f3n del material<\/td>\n<td>Obermaterial: 52% Polyester\u00a0, 42% Polyester, 3% Elasthan, 3% Nylon<\/td>\n<\/tr>\n<tr>\n<td class=\"left\">Materialart<\/td>\n<td>Strick<\/td>\n<\/tr>\n<tr>\n<td class=\"left\">Materialeigenschaften<\/td>\n<td>Stretch<\/td>\n<\/tr>\n<tr>\n<td class=\"left\">Instrucciones de cuidado<\/td>\n<td>Lavado a m\u00e1quina<\/td>\n<\/tr>\n<tr>\n<td class=\"left\">Optik<\/td>\n<td>meliert<\/td>\n<\/tr>\n<tr>\n<td class=\"left\">Stil<\/td>\n<td>Basic<\/td>\n<\/tr>\n<tr>\n<td class=\"left\">Color<\/td>\n<td>north atlantic<\/td>\n<\/tr>\n<tr>\n<td class=\"left\">Ausschnitt<\/td>\n<td>Rundhals<\/td>\n<\/tr>\n<tr>\n<td class=\"left\">Ausschnittdetails<\/td>\n<td>Pu\u00f1os de canal\u00e9<\/td>\n<\/tr>\n<tr>\n<td class=\"left\">\u00c4rmel<\/td>\n<td>Manga larga<\/td>\n<\/tr>\n<tr>\n<td class=\"left\">\u00c4rmeldetails<\/td>\n<td>Mangas ragl\u00e1n<\/td>\n<\/tr>\n<tr>\n<td class=\"left\">\u00c4rmelabschluss<\/td>\n<td>Rippstrickb\u00fcndchen<\/td>\n<\/tr>\n<tr>\n<td class=\"left\">Rumpfabschluss<\/td>\n<td>Pu\u00f1os de canal\u00e9<\/td>\n<\/tr>\n<tr>\n<td class=\"left\">Ajuste<\/td>\n<td>figurumspielend<\/td>\n<\/tr>\n<tr>\n<td class=\"left\">Schnittform L\u00e4nge<\/td>\n<td>h\u00fcftlang<\/td>\n<\/tr>\n<tr>\n<td class=\"left\">Besondere Merkmale<\/td>\n<td>in melierter Optik<\/td>\n<\/tr>\n<\/tbody>\n<\/table>","protected":false},"featured_media":81979,"comment_status":"open","ping_status":"closed","template":"","meta":{"_seopress_robots_primary_cat":"","_seopress_titles_title":"","_seopress_titles_desc":"","_seopress_robots_index":""},"product_brand":[],"product_cat":[1348,1456,1465],"product_tag":[],"class_list":{"0":"post-81888","1":"product","2":"type-product","3":"status-publish","4":"has-post-thumbnail","6":"product_cat-damen-mode","7":"product_cat-pullover-sweater","8":"product_cat-strickpullover","9":"product_shipping_class-standard-versand","11":"first","12":"instock","13":"sale","14":"taxable","15":"shipping-taxable","16":"purchasable","17":"product-type-simple"},"_links":{"self":[{"href":"https:\/\/www.soanam.de\/es\/wp-json\/wp\/v2\/product\/81888","targetHints":{"allow":["GET"]}}],"collection":[{"href":"https:\/\/www.soanam.de\/es\/wp-json\/wp\/v2\/product"}],"about":[{"href":"https:\/\/www.soanam.de\/es\/wp-json\/wp\/v2\/types\/product"}],"replies":[{"embeddable":true,"href":"https:\/\/www.soanam.de\/es\/wp-json\/wp\/v2\/comments?post=81888"}],"wp:featuredmedia":[{"embeddable":true,"href":"https:\/\/www.soanam.de\/es\/wp-json\/wp\/v2\/media\/81979"}],"wp:attachment":[{"href":"https:\/\/www.soanam.de\/es\/wp-json\/wp\/v2\/media?parent=81888"}],"wp:term":[{"taxonomy":"product_brand","embeddable":true,"href":"https:\/\/www.soanam.de\/es\/wp-json\/wp\/v2\/product_brand?post=81888"},{"taxonomy":"product_cat","embeddable":true,"href":"https:\/\/www.soanam.de\/es\/wp-json\/wp\/v2\/product_cat?post=81888"},{"taxonomy":"product_tag","embeddable":true,"href":"https:\/\/www.soanam.de\/es\/wp-json\/wp\/v2\/product_tag?post=81888"}],"curies":[{"name":"wp","href":"https:\/\/api.w.org\/{rel}","templated":true}]}}