{"id":81867,"date":"2023-12-14T02:07:36","date_gmt":"2023-12-14T01:07:36","guid":{"rendered":"https:\/\/www.soanam.de\/?post_type=product&#038;p=81867"},"modified":"2023-12-14T02:09:25","modified_gmt":"2023-12-14T01:09:25","slug":"ajc-streifenpullover-mit-kontrastdetails-in-grau-neonpink-groesse-36-38","status":"publish","type":"product","link":"https:\/\/www.soanam.de\/es\/produkt\/ajc-streifenpullover-mit-kontrastdetails-in-grau-neonpink-groesse-36-38\/","title":{"rendered":"AJC Streifenpullover mit Kontrastdetails, in Grau-Neonpink, Gr\u00f6\u00dfe 36\/38"},"content":{"rendered":"<p>Strickpullover von AJC<br \/>\nTolles Basic mit modischen Blockstreifen<br \/>\nArm-Patches und Oberteil in trendigem Neonpink<br \/>\nSehr figurbetonte Form mit Rundhalsausschnitt<br \/>\nKuscheliger Feinstrick mit hohem Baumwollanteil<\/p>\n<p>Dieser tolle Pullover von AJC sorgt mit seinen schicken Blockstreifen f\u00fcr Fashionkontraste.<br \/>\nDesignhighlight sind die oberangesagten Ellbogenpatches, die farblich perfekt auf die Streifen abgestimmt sind.<br \/>\nDer Rundhalsausschnitt und die breiten Rippstrickb\u00fcndchen an den \u00c4rmeln sorgen f\u00fcr den unentbehrlichen Wohlf\u00fchlbonus.<\/p>\n<p>Material: 56% Baumwolle, 44% Polyacryl<br \/>\nInstrucciones de cuidado: Lavar a m\u00e1quina<\/p>\n<p>Farbe: grau-neonpink<br \/>\nMotivo: Rayas<br \/>\nTalla: 36\/38<\/p>\n<p>Anchura de los hombros: 36 cm<br \/>\nBrustweite: 86cm<br \/>\nLongitud de la manga: 60 cm<br \/>\nLongitud total: 60 cm<\/p>","protected":false},"excerpt":{"rendered":"<table class=\"dv_characteristicsTable\">\n<tbody>\n<tr>\n<td class=\"left\">Talla<\/td>\n<td>36\/38 (S)<\/td>\n<\/tr>\n<tr>\n<td class=\"left\">Gr\u00f6\u00dfentyp<\/td>\n<td>Normalgr\u00f6\u00dfen<\/td>\n<\/tr>\n<tr>\n<td class=\"left\">Composici\u00f3n del material<\/td>\n<td>Obermaterial: 56% Baumwolle, 44% Polyacryl<\/td>\n<\/tr>\n<tr>\n<td class=\"left\">Materialart<\/td>\n<td>Feinstrick<\/td>\n<\/tr>\n<tr>\n<td class=\"left\">Instrucciones de cuidado<\/td>\n<td>Lavado a m\u00e1quina<\/td>\n<\/tr>\n<tr>\n<td class=\"left\">Optik<\/td>\n<td>gestreift<\/td>\n<\/tr>\n<tr>\n<td class=\"left\">Stil<\/td>\n<td>Basic<\/td>\n<\/tr>\n<tr>\n<td class=\"left\">Color<\/td>\n<td>grau-gestreift-neonpink<\/td>\n<\/tr>\n<tr>\n<td class=\"left\">Kragen<\/td>\n<td>ohne Kragen<\/td>\n<\/tr>\n<tr>\n<td class=\"left\">Ausschnitt<\/td>\n<td>Rundhals<\/td>\n<\/tr>\n<tr>\n<td class=\"left\">\u00c4rmel<\/td>\n<td>Manga larga<\/td>\n<\/tr>\n<tr>\n<td class=\"left\">\u00c4rmelabschluss<\/td>\n<td>Pu\u00f1os de canal\u00e9<\/td>\n<\/tr>\n<tr>\n<td class=\"left\">Rumpfabschluss<\/td>\n<td>Pu\u00f1os de canal\u00e9<\/td>\n<\/tr>\n<tr>\n<td class=\"left\">Ajuste<\/td>\n<td>sehr figurbetont<\/td>\n<\/tr>\n<tr>\n<td class=\"left\">Schnittform L\u00e4nge<\/td>\n<td>h\u00fcftlang<\/td>\n<\/tr>\n<tr>\n<td class=\"left\">Applikationen<\/td>\n<td>Patch<\/td>\n<\/tr>\n<tr>\n<td class=\"left\">Besondere Merkmale<\/td>\n<td>mit neonfarbigen Kontrastdetails<\/td>\n<\/tr>\n<\/tbody>\n<\/table>","protected":false},"featured_media":81959,"comment_status":"open","ping_status":"closed","template":"","meta":{"_seopress_robots_primary_cat":"","_seopress_titles_title":"","_seopress_titles_desc":"","_seopress_robots_index":""},"product_brand":[],"product_cat":[1348,1456,1465],"product_tag":[],"class_list":{"0":"post-81867","1":"product","2":"type-product","3":"status-publish","4":"has-post-thumbnail","6":"product_cat-damen-mode","7":"product_cat-pullover-sweater","8":"product_cat-strickpullover","9":"product_shipping_class-standard-versand","11":"first","12":"outofstock","13":"taxable","14":"shipping-taxable","15":"purchasable","16":"product-type-simple"},"_links":{"self":[{"href":"https:\/\/www.soanam.de\/es\/wp-json\/wp\/v2\/product\/81867","targetHints":{"allow":["GET"]}}],"collection":[{"href":"https:\/\/www.soanam.de\/es\/wp-json\/wp\/v2\/product"}],"about":[{"href":"https:\/\/www.soanam.de\/es\/wp-json\/wp\/v2\/types\/product"}],"replies":[{"embeddable":true,"href":"https:\/\/www.soanam.de\/es\/wp-json\/wp\/v2\/comments?post=81867"}],"wp:featuredmedia":[{"embeddable":true,"href":"https:\/\/www.soanam.de\/es\/wp-json\/wp\/v2\/media\/81959"}],"wp:attachment":[{"href":"https:\/\/www.soanam.de\/es\/wp-json\/wp\/v2\/media?parent=81867"}],"wp:term":[{"taxonomy":"product_brand","embeddable":true,"href":"https:\/\/www.soanam.de\/es\/wp-json\/wp\/v2\/product_brand?post=81867"},{"taxonomy":"product_cat","embeddable":true,"href":"https:\/\/www.soanam.de\/es\/wp-json\/wp\/v2\/product_cat?post=81867"},{"taxonomy":"product_tag","embeddable":true,"href":"https:\/\/www.soanam.de\/es\/wp-json\/wp\/v2\/product_tag?post=81867"}],"curies":[{"name":"wp","href":"https:\/\/api.w.org\/{rel}","templated":true}]}}