{"id":81826,"date":"2023-12-14T02:06:47","date_gmt":"2023-12-14T01:06:47","guid":{"rendered":"https:\/\/www.soanam.de\/?post_type=product&#038;p=81826"},"modified":"2023-12-14T02:08:47","modified_gmt":"2023-12-14T01:08:47","slug":"uniqlo-damen-teddyfleece-jacke-in-off-white-groesse-xs","status":"publish","type":"product","link":"https:\/\/www.soanam.de\/es\/produkt\/uniqlo-damen-teddyfleece-jacke-in-off-white-groesse-xs\/","title":{"rendered":"Uniqlo Damen Teddyfleece Jacke, in Off White, Gr\u00f6\u00dfe XS"},"content":{"rendered":"<p>Teddyfleecejacke von Uniqlo<\/p>\n<p>Super weich und soft<\/p>\n<p>Leicht, sanft und w\u00e4rmend<\/p>\n<p>Mit Stehkragen, Rei\u00dfverschluss und seitlichen Eingrifftaschen<\/p>\n<p>Aus supersoftem Teddyfleece ist der Wohlf\u00fchlfaktor 100%ig garantiert.<\/p>\n<div><span style=\"font-family: Arial;\">Das verfeinerte Teddyfleece-Material bietet optimalen Komfort f\u00fcr moderne Looks.<\/span><\/div>\n<div><span style=\"font-family: Arial;\">Das Teddyfleece ist leicht, sanft und w\u00e4rmt.<\/span><\/div>\n<div><span style=\"font-family: Arial;\">Die Jacke kann allein oder im Lagen-Look getragen werden.<\/span><\/div>\n<div><span style=\"font-family: Arial;\">Der Kragen st\u00f6rt nicht dein Gesicht.<\/span><\/div>\n<div><span style=\"font-family: Arial;\">Das h\u00fcftlange Design bietet W\u00e4rme und Komfort.<\/span><\/div>\n<p>Material: poli\u00e9ster 100%<br \/>\nPflegehinweise: Maschinenw\u00e4sche im Schonwaschgang<\/p>\n<p>Farbe: off white<br \/>\nPatr\u00f3n: sin<br \/>\nGr\u00f6\u00dfe: XS f\u00e4llt aber gro\u00df aus<\/p>\n<p>Anchura de los hombros: 44 cm<br \/>\nAnchura del pecho: 106 cm<br \/>\n\u00c4rmell\u00e4nge: 58cm<br \/>\nLongitud total: 67 cm<\/p>","protected":false},"excerpt":{"rendered":"<table class=\"dv_characteristicsTable\">\n<tbody>\n<tr>\n<td class=\"left\">Talla<\/td>\n<td>XS<\/td>\n<\/tr>\n<tr>\n<td class=\"left\">Gr\u00f6\u00dfentyp<\/td>\n<td>Normalgr\u00f6\u00dfen<\/td>\n<\/tr>\n<tr>\n<td class=\"left\">Composici\u00f3n del material<\/td>\n<td>Material superior: poli\u00e9ster 100%<\/td>\n<\/tr>\n<tr>\n<td class=\"left\">Materialart<\/td>\n<td>Teddyfleece<\/td>\n<\/tr>\n<tr>\n<td class=\"left\">Materialeigenschaften<\/td>\n<td>leicht, w\u00e4rmend<\/td>\n<\/tr>\n<tr>\n<td class=\"left\">Instrucciones de cuidado<\/td>\n<td>Schonw\u00e4sche<\/td>\n<\/tr>\n<tr>\n<td class=\"left\">Optik<\/td>\n<td>unifarben<\/td>\n<\/tr>\n<tr>\n<td class=\"left\">Stil<\/td>\n<td>feminin<\/td>\n<\/tr>\n<tr>\n<td class=\"left\">Color<\/td>\n<td>blanco roto<\/td>\n<\/tr>\n<tr>\n<td class=\"left\">Kragen<\/td>\n<td>Cuello alto<\/td>\n<\/tr>\n<tr>\n<td class=\"left\">Schnittform L\u00e4nge<\/td>\n<td>h\u00fcftlang<\/td>\n<\/tr>\n<tr>\n<td class=\"left\">Verschluss<\/td>\n<td>Cierre de cremallera<\/td>\n<\/tr>\n<tr>\n<td class=\"left\">Besondere Merkmale<\/td>\n<td>f\u00e4llt gr\u00f6\u00dfer aus<\/td>\n<\/tr>\n<tr>\n<td class=\"left\"><\/td>\n<td><\/td>\n<\/tr>\n<tr>\n<td class=\"left\"><\/td>\n<td><\/td>\n<\/tr>\n<tr>\n<td class=\"left\"><\/td>\n<td><\/td>\n<\/tr>\n<tr>\n<td class=\"left\"><\/td>\n<td><\/td>\n<\/tr>\n<\/tbody>\n<\/table>","protected":false},"featured_media":81921,"comment_status":"open","ping_status":"closed","template":"","meta":{"_seopress_robots_primary_cat":"","_seopress_titles_title":"","_seopress_titles_desc":"","_seopress_robots_index":""},"product_brand":[],"product_cat":[1348,1456,1465],"product_tag":[],"class_list":{"0":"post-81826","1":"product","2":"type-product","3":"status-publish","4":"has-post-thumbnail","6":"product_cat-damen-mode","7":"product_cat-pullover-sweater","8":"product_cat-strickpullover","9":"product_shipping_class-standard-versand","11":"first","12":"instock","13":"sale","14":"taxable","15":"shipping-taxable","16":"purchasable","17":"product-type-simple"},"_links":{"self":[{"href":"https:\/\/www.soanam.de\/es\/wp-json\/wp\/v2\/product\/81826","targetHints":{"allow":["GET"]}}],"collection":[{"href":"https:\/\/www.soanam.de\/es\/wp-json\/wp\/v2\/product"}],"about":[{"href":"https:\/\/www.soanam.de\/es\/wp-json\/wp\/v2\/types\/product"}],"replies":[{"embeddable":true,"href":"https:\/\/www.soanam.de\/es\/wp-json\/wp\/v2\/comments?post=81826"}],"wp:featuredmedia":[{"embeddable":true,"href":"https:\/\/www.soanam.de\/es\/wp-json\/wp\/v2\/media\/81921"}],"wp:attachment":[{"href":"https:\/\/www.soanam.de\/es\/wp-json\/wp\/v2\/media?parent=81826"}],"wp:term":[{"taxonomy":"product_brand","embeddable":true,"href":"https:\/\/www.soanam.de\/es\/wp-json\/wp\/v2\/product_brand?post=81826"},{"taxonomy":"product_cat","embeddable":true,"href":"https:\/\/www.soanam.de\/es\/wp-json\/wp\/v2\/product_cat?post=81826"},{"taxonomy":"product_tag","embeddable":true,"href":"https:\/\/www.soanam.de\/es\/wp-json\/wp\/v2\/product_tag?post=81826"}],"curies":[{"name":"wp","href":"https:\/\/api.w.org\/{rel}","templated":true}]}}