{"id":81824,"date":"2023-12-14T02:06:46","date_gmt":"2023-12-14T01:06:46","guid":{"rendered":"https:\/\/www.soanam.de\/?post_type=product&#038;p=81824"},"modified":"2023-12-14T02:08:39","modified_gmt":"2023-12-14T01:08:39","slug":"bruno-banani-6-tlg-handtuch-set-maja-in-magenta","status":"publish","type":"product","link":"https:\/\/www.soanam.de\/es\/produkt\/bruno-banani-6-tlg-handtuch-set-maja-in-magenta\/","title":{"rendered":"Juego de toallas Bruno Banani Maja de 6 piezas, en magenta"},"content":{"rendered":"<p>6-tlg. Handtuch Set von Bruno Banani<br \/>\nMit feiner Logostickerei<br \/>\nMit Kordelanh\u00e4nger<br \/>\nIn weicher Qualit\u00e4t<br \/>\nAus 100% Baumwolle hergestellt (unterst\u00fctzt Cotton made in Africa)<br \/>\nHautfreundlich und bis 60\u00b0C waschbar<\/p>\n<p>Das Set Maja aus der Kollektion von BRUNO BANANI umfasst 2 Handt\u00fccher, 2 G\u00e4stet\u00fccher und 2 Waschhandschuhe.<br \/>\nNeben der stilvollen Optik bieten dir die Badtextilien eine extraweiche Haptik.<br \/>\nSie sind aus einer hautschmeichelnden Walkfrottee-Qualit\u00e4t hergestellt und bestechen durch ihre hochwertige Verarbeitung.<br \/>\nGleichzeitig zeichnen sich die Handt\u00fccher durch eine gute Feuchtigkeitsaufnahme aus.<br \/>\nEin weiterer Pluspunkt sind die pflegeleichten Eigenschaften: Sie sind maschinenwaschbar bei bis zu 60 \u00b0C und trocknerbest\u00e4ndig.<\/p>\n<p>Material: algod\u00f3n 100%<br \/>\nInstrucciones de cuidado: Lavar a m\u00e1quina<\/p>\n<p>Farbe: magenta<br \/>\nMotivo: Logotipo bordado<br \/>\nAnzahl: 6 Teile, alle in magenta, bestehend aus:<br \/>\n2 Handt\u00fccher (50x100 cm)<br \/>\n2 G\u00e4stet\u00fccher (30x50 cm)<br \/>\n2 Waschhandschuhe (16x21 cm)<\/p>","protected":false},"excerpt":{"rendered":"<table class=\"dv_characteristicsTable\">\n<tbody>\n<tr>\n<td class=\"left\">Color<\/td>\n<td>magenta<\/td>\n<\/tr>\n<tr>\n<td class=\"left\">Optik<\/td>\n<td>gestreift<\/td>\n<\/tr>\n<tr>\n<td class=\"left\">Bord\u00fcre<\/td>\n<td>gestreift<\/td>\n<\/tr>\n<\/tbody>\n<\/table>\n<table class=\"dv_characteristicsTable\">\n<tbody>\n<tr>\n<td class=\"left\">Logotipo<\/td>\n<td>gestickt<\/td>\n<\/tr>\n<tr>\n<td class=\"left\">Aufh\u00e4ngung<\/td>\n<td>Kordel<\/td>\n<\/tr>\n<\/tbody>\n<\/table>\n<table class=\"dv_characteristicsTable\">\n<tbody>\n<tr>\n<td class=\"left\">Composici\u00f3n del material<\/td>\n<td>Obermaterial: 100% Baumwolle<\/td>\n<\/tr>\n<tr>\n<td class=\"left\">Fl\u00e4chengewicht<\/td>\n<td>420 g\/m\u00b2<\/td>\n<\/tr>\n<tr>\n<td class=\"left\">F\u00e4rbung<\/td>\n<td>st\u00fcckgef\u00e4rbt<\/td>\n<\/tr>\n<tr>\n<td class=\"left\">Materialart<\/td>\n<td>Walkfrottee<\/td>\n<\/tr>\n<\/tbody>\n<\/table>\n<table class=\"dv_characteristicsTable\">\n<tbody>\n<tr>\n<td class=\"left\">Instrucciones de cuidado<\/td>\n<td>60\u00b0C Maschinenw\u00e4sche<\/td>\n<\/tr>\n<\/tbody>\n<\/table>","protected":false},"featured_media":81915,"comment_status":"open","ping_status":"closed","template":"","meta":{"_seopress_robots_primary_cat":"","_seopress_titles_title":"","_seopress_titles_desc":"","_seopress_robots_index":""},"product_brand":[],"product_cat":[1400,1420],"product_tag":[],"class_list":{"0":"post-81824","1":"product","2":"type-product","3":"status-publish","4":"has-post-thumbnail","6":"product_cat-wohnzubehoer","7":"product_cat-wohndekoration","8":"product_shipping_class-standard-versand","10":"first","11":"instock","12":"sale","13":"taxable","14":"shipping-taxable","15":"purchasable","16":"product-type-simple"},"_links":{"self":[{"href":"https:\/\/www.soanam.de\/es\/wp-json\/wp\/v2\/product\/81824","targetHints":{"allow":["GET"]}}],"collection":[{"href":"https:\/\/www.soanam.de\/es\/wp-json\/wp\/v2\/product"}],"about":[{"href":"https:\/\/www.soanam.de\/es\/wp-json\/wp\/v2\/types\/product"}],"replies":[{"embeddable":true,"href":"https:\/\/www.soanam.de\/es\/wp-json\/wp\/v2\/comments?post=81824"}],"wp:featuredmedia":[{"embeddable":true,"href":"https:\/\/www.soanam.de\/es\/wp-json\/wp\/v2\/media\/81915"}],"wp:attachment":[{"href":"https:\/\/www.soanam.de\/es\/wp-json\/wp\/v2\/media?parent=81824"}],"wp:term":[{"taxonomy":"product_brand","embeddable":true,"href":"https:\/\/www.soanam.de\/es\/wp-json\/wp\/v2\/product_brand?post=81824"},{"taxonomy":"product_cat","embeddable":true,"href":"https:\/\/www.soanam.de\/es\/wp-json\/wp\/v2\/product_cat?post=81824"},{"taxonomy":"product_tag","embeddable":true,"href":"https:\/\/www.soanam.de\/es\/wp-json\/wp\/v2\/product_tag?post=81824"}],"curies":[{"name":"wp","href":"https:\/\/api.w.org\/{rel}","templated":true}]}}