{"id":81755,"date":"2023-12-14T02:05:26","date_gmt":"2023-12-14T01:05:26","guid":{"rendered":"https:\/\/www.soanam.de\/?post_type=product&#038;p=81755"},"modified":"2023-12-14T02:07:42","modified_gmt":"2023-12-14T01:07:42","slug":"bikinitop-strapless-con-tirantes-anchos-y-hebilla-metalica-en-negro-talla-40","status":"publish","type":"product","link":"https:\/\/www.soanam.de\/es\/produkt\/bikinitop-buegellos-mit-breiten-traegern-und-metallschliesse-in-schwarz-groesse-40\/","title":{"rendered":"Top de bikini, con aros, tirantes anchos y cierre met\u00e1lico en negro, talla 40"},"content":{"rendered":"<h3>Descripci\u00f3n del producto<\/h3>\n<p>Gef\u00fcttertes, b\u00fcgelloses Bikinitop mit breiten Tr\u00e4gern und \u00fcberlappender Front mit Cut-out.<br \/>\nBreiter unterer Abschluss mit Metallschlie\u00dfe im R\u00fccken.<br \/>\nDie Polyamid- und Polyesteranteile sind zum Teil recycelt.<\/p>\n<p><strong>Talla<\/strong><br \/>\nDas Model ist 174cm\/5'9\" gro\u00df und tr\u00e4gt Gr\u00f6\u00dfe 36<\/p>\n<p><strong>Composici\u00f3n<\/strong><br \/>\nFutter: Polyester 88%, Elasthan 12%<br \/>\n\u00c4u\u00dfere Schicht: Polyamid 72%, Elasthan 28%<\/p>\n<p><strong>detalles<\/strong><br \/>\nStyle: Wickelschnitt, B\u00fcgelloser BH<br \/>\nComposici\u00f3n:<br \/>\nFutter: Polyester 88%, Elasthan 12%<br \/>\n\u00c4u\u00dfere Schicht: Polyamid 72%, Elasthan 28%<br \/>\nInstrucciones de cuidado: Lavado a m\u00e1quina 40<br \/>\nDescripci\u00f3n: Negro, Unicolor<br \/>\nWissenswertes: Conscious<\/p>","protected":false},"excerpt":{"rendered":"<h3>Artikelmerkmale<\/h3>\n<p>Artikelzustand: Neu mit Etikett - Neuer, unbenutzter und nicht getragener Artikel in der Originalverpackung<\/p>\n<table dir=\"ltr\" border=\"1\" cellspacing=\"0\" cellpadding=\"0\">\n<colgroup>\n<col width=\"194\" \/>\n<col width=\"223\" \/><\/colgroup>\n<tbody>\n<tr>\n<td data-sheets-value=\"{&quot;1&quot;:2,&quot;2&quot;:&quot;Abteilung:&quot;}\">Abteilung:<\/td>\n<td data-sheets-value=\"{&quot;1&quot;:2,&quot;2&quot;:&quot;Damen&quot;}\">Damen<\/td>\n<\/tr>\n<tr>\n<td data-sheets-value=\"{&quot;1&quot;:2,&quot;2&quot;:&quot;Besonderheiten:&quot;}\">Caracter\u00edsticas especiales:<\/td>\n<td data-sheets-value=\"{&quot;1&quot;:2,&quot;2&quot;:&quot;Metallschlie\u00dfe&quot;}\">Metallschlie\u00dfe<\/td>\n<\/tr>\n<tr>\n<td data-sheets-value=\"{&quot;1&quot;:2,&quot;2&quot;:&quot;Farbe:&quot;}\">Color:<\/td>\n<td data-sheets-value=\"{&quot;1&quot;:2,&quot;2&quot;:&quot;Schwarz&quot;}\">Negro<\/td>\n<\/tr>\n<tr>\n<td data-sheets-value=\"{&quot;1&quot;:2,&quot;2&quot;:&quot;Gr\u00f6\u00dfe:&quot;}\">Gr\u00f6\u00dfe:<\/td>\n<td data-sheets-value=\"{&quot;1&quot;:3,&quot;3&quot;:40}\">40<\/td>\n<\/tr>\n<tr>\n<td data-sheets-value=\"{&quot;1&quot;:2,&quot;2&quot;:&quot;Gr\u00f6\u00dfenkategorie:&quot;}\">Gr\u00f6\u00dfenkategorie:<\/td>\n<td data-sheets-value=\"{&quot;1&quot;:2,&quot;2&quot;:&quot;Normalgr\u00f6\u00dfe&quot;}\">Normalgr\u00f6\u00dfe<\/td>\n<\/tr>\n<tr>\n<td data-sheets-value=\"{&quot;1&quot;:2,&quot;2&quot;:&quot;K\u00f6rbchengr\u00f6\u00dfe:&quot;}\">K\u00f6rbchengr\u00f6\u00dfe:<\/td>\n<td data-sheets-value=\"{&quot;1&quot;:2,&quot;2&quot;:&quot;ohne Angabe&quot;}\">ohne Angabe<\/td>\n<\/tr>\n<tr>\n<td data-sheets-value=\"{&quot;1&quot;:2,&quot;2&quot;:&quot;Marke:&quot;}\">Marke:<\/td>\n<td data-sheets-value=\"{&quot;1&quot;:2,&quot;2&quot;:&quot;H&amp;M&quot;}\">H&amp;M<\/td>\n<\/tr>\n<tr>\n<td data-sheets-value=\"{&quot;1&quot;:2,&quot;2&quot;:&quot;Material:&quot;}\">Material:<\/td>\n<td data-sheets-value=\"{&quot;1&quot;:2,&quot;2&quot;:&quot;Polyamid&quot;}\">Poliamida<\/td>\n<\/tr>\n<tr>\n<td data-sheets-value=\"{&quot;1&quot;:2,&quot;2&quot;:&quot;Muster:&quot;}\">Patr\u00f3n:<\/td>\n<td data-sheets-value=\"{&quot;1&quot;:2,&quot;2&quot;:&quot;Ohne Muster&quot;}\">Ohne Muster<\/td>\n<\/tr>\n<tr>\n<td data-sheets-value=\"{&quot;1&quot;:2,&quot;2&quot;:&quot;Produktart:&quot;}\">Produktart:<\/td>\n<td data-sheets-value=\"{&quot;1&quot;:2,&quot;2&quot;:&quot;Top&quot;}\">Top<\/td>\n<\/tr>\n<tr>\n<td data-sheets-value=\"{&quot;1&quot;:2,&quot;2&quot;:&quot;Schwimmoberteil-Stil:&quot;}\">Schwimmoberteil-Stil:<\/td>\n<td data-sheets-value=\"{&quot;1&quot;:2,&quot;2&quot;:&quot;Bikini-Top&quot;}\">Bikini-Top<\/td>\n<\/tr>\n<tr>\n<td data-sheets-value=\"{&quot;1&quot;:2,&quot;2&quot;:&quot;Thema:&quot;}\">Thema:<\/td>\n<td data-sheets-value=\"{&quot;1&quot;:2,&quot;2&quot;:&quot;Strand&quot;}\">Strand<\/td>\n<\/tr>\n<tr>\n<td data-sheets-value=\"{&quot;1&quot;:2,&quot;2&quot;:&quot;Tr\u00e4ger-\/Riemenart:&quot;}\">Tr\u00e4ger-\/Riemenart:<\/td>\n<td data-sheets-value=\"{&quot;1&quot;:2,&quot;2&quot;:&quot;Breite Tr\u00e4ger&quot;}\">Correas anchas<\/td>\n<\/tr>\n<tr>\n<td data-sheets-value=\"{&quot;1&quot;:2,&quot;2&quot;:&quot;Vintage:&quot;}\">Vintage:<\/td>\n<td data-sheets-value=\"{&quot;1&quot;:2,&quot;2&quot;:&quot;Nein&quot;}\">Nein<\/td>\n<\/tr>\n<\/tbody>\n<\/table>","protected":false},"featured_media":81870,"comment_status":"open","ping_status":"closed","template":"","meta":{"_seopress_robots_primary_cat":"","_seopress_titles_title":"","_seopress_titles_desc":"","_seopress_robots_index":""},"product_brand":[],"product_cat":[1348,1562,1563],"product_tag":[],"class_list":{"0":"post-81755","1":"product","2":"type-product","3":"status-publish","4":"has-post-thumbnail","6":"product_cat-damen-mode","7":"product_cat-bademode","8":"product_cat-einzelteile-bademode","9":"product_shipping_class-standard-versand","11":"first","12":"instock","13":"sale","14":"taxable","15":"shipping-taxable","16":"purchasable","17":"product-type-simple"},"_links":{"self":[{"href":"https:\/\/www.soanam.de\/es\/wp-json\/wp\/v2\/product\/81755","targetHints":{"allow":["GET"]}}],"collection":[{"href":"https:\/\/www.soanam.de\/es\/wp-json\/wp\/v2\/product"}],"about":[{"href":"https:\/\/www.soanam.de\/es\/wp-json\/wp\/v2\/types\/product"}],"replies":[{"embeddable":true,"href":"https:\/\/www.soanam.de\/es\/wp-json\/wp\/v2\/comments?post=81755"}],"wp:featuredmedia":[{"embeddable":true,"href":"https:\/\/www.soanam.de\/es\/wp-json\/wp\/v2\/media\/81870"}],"wp:attachment":[{"href":"https:\/\/www.soanam.de\/es\/wp-json\/wp\/v2\/media?parent=81755"}],"wp:term":[{"taxonomy":"product_brand","embeddable":true,"href":"https:\/\/www.soanam.de\/es\/wp-json\/wp\/v2\/product_brand?post=81755"},{"taxonomy":"product_cat","embeddable":true,"href":"https:\/\/www.soanam.de\/es\/wp-json\/wp\/v2\/product_cat?post=81755"},{"taxonomy":"product_tag","embeddable":true,"href":"https:\/\/www.soanam.de\/es\/wp-json\/wp\/v2\/product_tag?post=81755"}],"curies":[{"name":"wp","href":"https:\/\/api.w.org\/{rel}","templated":true}]}}