{"id":81717,"date":"2023-12-14T02:04:32","date_gmt":"2023-12-14T01:04:32","guid":{"rendered":"https:\/\/www.soanam.de\/?post_type=product&#038;p=81717"},"modified":"2023-12-14T02:07:02","modified_gmt":"2023-12-14T01:07:02","slug":"colcha-my-home-amanda-en-gris-rosa-140cm-x-210cm","status":"publish","type":"product","link":"https:\/\/www.soanam.de\/es\/produkt\/my-home-tagesdecke-amanda-in-grau-rosa-140cm-x-210cm\/","title":{"rendered":"Colcha My Home Amanda, en gris-rosa, 140cm x 210cm"},"content":{"rendered":"<p>Manta reversible de My Home<\/p>\n<p>Colcha con motivos florales finamente acolchados<br \/>\nDe microfibra 100%<br \/>\nAgradable a la piel y f\u00e1cil de cuidar<br \/>\nLavable a m\u00e1quina hasta 30\u00b0C<\/p>\n<p>La colcha lisa Amanda de la marca my home proporciona un cambio acertado con su aspecto reversible.<br \/>\nLos colores, bellamente coordinados, se complementan a la perfecci\u00f3n con el estampado floral finamente acolchado.<br \/>\nEl suave tejido es de poli\u00e9ster 100% y puede lavarse a m\u00e1quina a 30 \u00b0C.<\/p>\n<p>Material: poli\u00e9ster 100%<br \/>\nInstrucciones de cuidado: Lavar a m\u00e1quina<\/p>\n<p>Color: gris-rosa<br \/>\nMotivo: Flores<br \/>\nAnchura: 140 cm<br \/>\nLongitud: 210 cm<\/p>","protected":false},"excerpt":{"rendered":"<table class=\"dv_characteristicsTable\">\n<tbody>\n<tr>\n<td class=\"left\">Color<\/td>\n<td>grau<br \/>\nrosa<\/td>\n<\/tr>\n<tr>\n<td class=\"left\">Optik<\/td>\n<td>unifarben<\/td>\n<\/tr>\n<\/tbody>\n<\/table>\n<table class=\"dv_characteristicsTable\">\n<caption>\u00a0<\/caption>\n<tbody>\n<tr>\n<td class=\"left\">Composici\u00f3n del material<\/td>\n<td>Obermaterial: 100% Polyester. Futter: 100% Polyester<\/td>\n<\/tr>\n<tr>\n<td class=\"left\">Material<\/td>\n<td>Kunstfaser<\/td>\n<\/tr>\n<tr>\n<td class=\"left\">Fl\u00e4chengewicht<\/td>\n<td>70 g\/m\u00b2<\/td>\n<\/tr>\n<tr>\n<td class=\"left\">F\u00fcllung<\/td>\n<td>Mit F\u00fcllung<\/td>\n<\/tr>\n<\/tbody>\n<\/table>\n<table class=\"dv_characteristicsTable\">\n<caption>\u00a0<\/caption>\n<tbody>\n<tr>\n<td class=\"left\">Seitlicher \u00dcberhang<\/td>\n<td>2-seitig<\/td>\n<\/tr>\n<\/tbody>\n<\/table>\n<table class=\"dv_characteristicsTable\">\n<tbody>\n<tr>\n<td class=\"left\">Breite<\/td>\n<td>140 cm<\/td>\n<\/tr>\n<tr>\n<td class=\"left\">L\u00e4nge<\/td>\n<td>210 cm<\/td>\n<\/tr>\n<\/tbody>\n<\/table>\n<table class=\"dv_characteristicsTable\">\n<tbody>\n<tr>\n<td class=\"left\">Geeignet f\u00fcr Bettgr\u00f6\u00dfe<\/td>\n<td>90-100x200 cm<\/td>\n<\/tr>\n<\/tbody>\n<\/table>\n<table class=\"dv_characteristicsTable\">\n<tbody>\n<tr>\n<td class=\"left\">Instrucciones de cuidado<\/td>\n<td>30\u00b0C Maschinenw\u00e4sche<br \/>\nnicht trocknergeeignet<\/td>\n<\/tr>\n<\/tbody>\n<\/table>","protected":false},"featured_media":81836,"comment_status":"open","ping_status":"closed","template":"","meta":{"_seopress_robots_primary_cat":"","_seopress_titles_title":"","_seopress_titles_desc":"","_seopress_robots_index":""},"product_brand":[],"product_cat":[1400,1420],"product_tag":[],"class_list":{"0":"post-81717","1":"product","2":"type-product","3":"status-publish","4":"has-post-thumbnail","6":"product_cat-wohnzubehoer","7":"product_cat-wohndekoration","9":"first","10":"instock","11":"sale","12":"taxable","13":"shipping-taxable","14":"purchasable","15":"product-type-simple"},"_links":{"self":[{"href":"https:\/\/www.soanam.de\/es\/wp-json\/wp\/v2\/product\/81717","targetHints":{"allow":["GET"]}}],"collection":[{"href":"https:\/\/www.soanam.de\/es\/wp-json\/wp\/v2\/product"}],"about":[{"href":"https:\/\/www.soanam.de\/es\/wp-json\/wp\/v2\/types\/product"}],"replies":[{"embeddable":true,"href":"https:\/\/www.soanam.de\/es\/wp-json\/wp\/v2\/comments?post=81717"}],"wp:featuredmedia":[{"embeddable":true,"href":"https:\/\/www.soanam.de\/es\/wp-json\/wp\/v2\/media\/81836"}],"wp:attachment":[{"href":"https:\/\/www.soanam.de\/es\/wp-json\/wp\/v2\/media?parent=81717"}],"wp:term":[{"taxonomy":"product_brand","embeddable":true,"href":"https:\/\/www.soanam.de\/es\/wp-json\/wp\/v2\/product_brand?post=81717"},{"taxonomy":"product_cat","embeddable":true,"href":"https:\/\/www.soanam.de\/es\/wp-json\/wp\/v2\/product_cat?post=81717"},{"taxonomy":"product_tag","embeddable":true,"href":"https:\/\/www.soanam.de\/es\/wp-json\/wp\/v2\/product_tag?post=81717"}],"curies":[{"name":"wp","href":"https:\/\/api.w.org\/{rel}","templated":true}]}}