{"id":81672,"date":"2023-12-14T02:03:40","date_gmt":"2023-12-14T01:03:40","guid":{"rendered":"https:\/\/www.soanam.de\/?post_type=product&#038;p=81672"},"modified":"2023-12-14T02:06:04","modified_gmt":"2023-12-14T01:06:04","slug":"s-oliver-winterstiefel-mit-warmem-futter-in-rose-groesse-40","status":"publish","type":"product","link":"https:\/\/www.soanam.de\/es\/produkt\/s-oliver-winterstiefel-mit-warmem-futter-in-rose-groesse-40\/","title":{"rendered":"Botas de invierno S.Oliver con forro c\u00e1lido, en rosa, talla 40"},"content":{"rendered":"<p>Warme Winterstiefel von s.Oliver<br \/>\nObermaterial aus Synthetik<br \/>\nSohle mit rutschhemmender Profilierung<br \/>\nInnenmaterial aus Textil<br \/>\nWeich und warm gef\u00fcttert<\/p>\n<p>Der gef\u00fctterte Kurzstiefel von s.Oliver ist l\u00e4ssig und bequem.<br \/>\nSoftweiches Obermaterial in rose mit Accessoires am Schaft machen diesen Kurzstiefel so attraktiv.<br \/>\nMit einer Schafth\u00f6he von ca. 13 cm passt dieser Kurzstiefel einfach zu jeder Garderobe.<br \/>\nEin wohlig warmes Innenfutter verleiht den F\u00fc\u00dfen ein traumhaft angenehmes Tragegef\u00fchl.<\/p>\n<p>Material: Synthetik<br \/>\nLaufsohle: Gummi<\/p>\n<p>Farbe: rose<br \/>\nMuster: 0hne<br \/>\nTalla: 40<\/p>","protected":false},"excerpt":{"rendered":"<p>Schuhweite: normal<\/p>\n<p>Obermaterial: Synthetik<\/p>\n<p>Material interior: textil<\/p>\n<p>Wechselfu\u00dfbett: nein<\/p>\n<p>Farbangabe des Herstellers: ROSE<\/p>\n<p>Marke: s.Oliver<\/p>\n<p>Gr\u00f6\u00dfenhinweis: f\u00e4llt normal aus<\/p>\n<p>Verschluss: Gummizug<\/p>\n<p>Material: IMIT SUEDE<\/p>\n<p>Schaftweite: normal<\/p>\n<p>Schafth\u00f6he: 13<\/p>","protected":false},"featured_media":81786,"comment_status":"open","ping_status":"closed","template":"","meta":{"_seopress_robots_primary_cat":"","_seopress_titles_title":"","_seopress_titles_desc":"","_seopress_robots_index":""},"product_brand":[],"product_cat":[1348,1360,1385,1386],"product_tag":[],"class_list":{"0":"post-81672","1":"product","2":"type-product","3":"status-publish","4":"has-post-thumbnail","6":"product_cat-damen-mode","7":"product_cat-schuhe","8":"product_cat-stiefel","9":"product_cat-schneestiefel","10":"product_shipping_class-standard-versand","12":"first","13":"instock","14":"sale","15":"taxable","16":"shipping-taxable","17":"purchasable","18":"product-type-simple"},"_links":{"self":[{"href":"https:\/\/www.soanam.de\/es\/wp-json\/wp\/v2\/product\/81672","targetHints":{"allow":["GET"]}}],"collection":[{"href":"https:\/\/www.soanam.de\/es\/wp-json\/wp\/v2\/product"}],"about":[{"href":"https:\/\/www.soanam.de\/es\/wp-json\/wp\/v2\/types\/product"}],"replies":[{"embeddable":true,"href":"https:\/\/www.soanam.de\/es\/wp-json\/wp\/v2\/comments?post=81672"}],"wp:featuredmedia":[{"embeddable":true,"href":"https:\/\/www.soanam.de\/es\/wp-json\/wp\/v2\/media\/81786"}],"wp:attachment":[{"href":"https:\/\/www.soanam.de\/es\/wp-json\/wp\/v2\/media?parent=81672"}],"wp:term":[{"taxonomy":"product_brand","embeddable":true,"href":"https:\/\/www.soanam.de\/es\/wp-json\/wp\/v2\/product_brand?post=81672"},{"taxonomy":"product_cat","embeddable":true,"href":"https:\/\/www.soanam.de\/es\/wp-json\/wp\/v2\/product_cat?post=81672"},{"taxonomy":"product_tag","embeddable":true,"href":"https:\/\/www.soanam.de\/es\/wp-json\/wp\/v2\/product_tag?post=81672"}],"curies":[{"name":"wp","href":"https:\/\/api.w.org\/{rel}","templated":true}]}}