{"id":81632,"date":"2023-12-14T02:02:47","date_gmt":"2023-12-14T01:02:47","guid":{"rendered":"https:\/\/www.soanam.de\/?post_type=product&#038;p=81632"},"modified":"2023-12-14T02:05:16","modified_gmt":"2023-12-14T01:05:16","slug":"x-vodka-caramellino-vodka-licor-con-sabor-a-caramelo-07l","status":"publish","type":"product","link":"https:\/\/www.soanam.de\/es\/produkt\/x-vodka-caramellino-vodka-likoer-mit-karamellgeschmack-07l\/","title":{"rendered":"X-VODKA CARAMELLINO - Licor de vodka con sabor a caramelo 0,7L"},"content":{"rendered":"<h3>Descripci\u00f3n del producto<\/h3>\n<p>Si quiere probar el licor de una forma nueva, el CARAMELLINO de X-VODKA es la elecci\u00f3n perfecta. Este licor es delicioso por s\u00ed solo, pero tambi\u00e9n es adecuado para dar sabor a bebidas combinadas y caf\u00e9.<\/p>\n<p>X-VODKA CARAMELLINO es una especialidad \"MADE IN AUSTRIA\" que combina VODKA de alta calidad con el sutil dulzor del caramelo. En el proceso de producci\u00f3n se utiliza vodka destilado 6 veces. El sabor \u00fanico de la bebida espirituosa procede del fino aroma a caramelo, que confiere al vodka una nota suave y agradablemente dulce. El vodka con sabor a caramelo es una delicia por s\u00ed solo como chupito, pero tambi\u00e9n puede utilizarlo para condimentar bebidas o refinar especialidades de caf\u00e9.<\/p>\n<p>Grado alcoh\u00f3lico: 30% VOL.\/ALC.<br \/>\nContenido: 0,7l<br \/>\nCaracter\u00edstica especial: Filtrado de oro y diamantes<\/p>\n<p><strong>Sugerencia<\/strong><br \/>\nEntrega s\u00f3lo a mayores de 18 a\u00f1os<\/p>","protected":false},"excerpt":{"rendered":"<h3>Artikelmerkmale<\/h3>\n<p>Artikelzustand: Neu - Neuer, unbenutzter und unbesch\u00e4digter Artikel in der unge\u00f6ffneten Verpackung<\/p>\n<table dir=\"ltr\" border=\"1\" cellspacing=\"0\" cellpadding=\"0\">\n<colgroup>\n<col width=\"194\" \/>\n<col width=\"223\" \/><\/colgroup>\n<tbody>\n<tr>\n<td data-sheets-value=\"{&quot;1&quot;:2,&quot;2&quot;:&quot;Alkoholgehalt:&quot;}\">Alkoholgehalt:<\/td>\n<td data-sheets-value=\"{&quot;1&quot;:2,&quot;2&quot;:&quot;20,1-30%&quot;}\">20,1-30%<\/td>\n<\/tr>\n<tr>\n<td data-sheets-value=\"{&quot;1&quot;:2,&quot;2&quot;:&quot;Basis:&quot;}\">Basis:<\/td>\n<td data-sheets-value=\"{&quot;1&quot;:2,&quot;2&quot;:&quot;Vodka&quot;}\">Vodka<\/td>\n<\/tr>\n<tr>\n<td data-sheets-value=\"{&quot;1&quot;:2,&quot;2&quot;:&quot;EAN:&quot;}\">EAN:<\/td>\n<td data-sheets-value=\"{&quot;1&quot;:3,&quot;3&quot;:9120078030660}\">9120078030660<\/td>\n<\/tr>\n<tr>\n<td data-sheets-value=\"{&quot;1&quot;:2,&quot;2&quot;:&quot;Eigenschaften:&quot;}\">Propiedades:<\/td>\n<td data-sheets-value=\"{&quot;1&quot;:2,&quot;2&quot;:&quot;feines Karamellaroma&quot;}\">feines Karamellaroma<\/td>\n<\/tr>\n<tr>\n<td data-sheets-value=\"{&quot;1&quot;:2,&quot;2&quot;:&quot;Lebensmittelspezifikationen:&quot;}\">Lebensmittelspezifikationen:<\/td>\n<td data-sheets-value=\"{&quot;1&quot;:2,&quot;2&quot;:&quot;Alkoholhaltig&quot;}\">Alkoholhaltig<\/td>\n<\/tr>\n<tr>\n<td data-sheets-value=\"{&quot;1&quot;:2,&quot;2&quot;:&quot;Marke:&quot;}\">Marke:<\/td>\n<td data-sheets-value=\"{&quot;1&quot;:2,&quot;2&quot;:&quot;X-Vodka&quot;}\">X-Vodka<\/td>\n<\/tr>\n<tr>\n<td data-sheets-value=\"{&quot;1&quot;:2,&quot;2&quot;:&quot;Produktart:&quot;}\">Produktart:<\/td>\n<td data-sheets-value=\"{&quot;1&quot;:2,&quot;2&quot;:&quot;Wodka&quot;}\">Wodka<\/td>\n<\/tr>\n<tr>\n<td data-sheets-value=\"{&quot;1&quot;:2,&quot;2&quot;:&quot;Signiert:&quot;}\">Signiert:<\/td>\n<td data-sheets-value=\"{&quot;1&quot;:2,&quot;2&quot;:&quot;Nein&quot;}\">Nein<\/td>\n<\/tr>\n<tr>\n<td data-sheets-value=\"{&quot;1&quot;:2,&quot;2&quot;:&quot;Verpackung:&quot;}\">Verpackung:<\/td>\n<td data-sheets-value=\"{&quot;1&quot;:2,&quot;2&quot;:&quot;Flasche&quot;}\">Flasche<\/td>\n<\/tr>\n<tr>\n<td data-sheets-value=\"{&quot;1&quot;:2,&quot;2&quot;:&quot;Volumen:&quot;}\">Volumen:<\/td>\n<td data-sheets-value=\"{&quot;1&quot;:2,&quot;2&quot;:&quot;0,7 L&quot;}\">0,7 L<\/td>\n<\/tr>\n<\/tbody>\n<\/table>","protected":false},"featured_media":81745,"comment_status":"open","ping_status":"closed","template":"","meta":{"_seopress_robots_primary_cat":"","_seopress_titles_title":"","_seopress_titles_desc":"","_seopress_robots_index":""},"product_brand":[],"product_cat":[1499,1500],"product_tag":[],"class_list":{"0":"post-81632","1":"product","2":"type-product","3":"status-publish","4":"has-post-thumbnail","6":"product_cat-alkoholische-getraenke","7":"product_cat-spirituosen","8":"product_shipping_class-standard-versand","10":"first","11":"instock","12":"sale","13":"taxable","14":"shipping-taxable","15":"purchasable","16":"product-type-simple"},"_links":{"self":[{"href":"https:\/\/www.soanam.de\/es\/wp-json\/wp\/v2\/product\/81632","targetHints":{"allow":["GET"]}}],"collection":[{"href":"https:\/\/www.soanam.de\/es\/wp-json\/wp\/v2\/product"}],"about":[{"href":"https:\/\/www.soanam.de\/es\/wp-json\/wp\/v2\/types\/product"}],"replies":[{"embeddable":true,"href":"https:\/\/www.soanam.de\/es\/wp-json\/wp\/v2\/comments?post=81632"}],"wp:featuredmedia":[{"embeddable":true,"href":"https:\/\/www.soanam.de\/es\/wp-json\/wp\/v2\/media\/81745"}],"wp:attachment":[{"href":"https:\/\/www.soanam.de\/es\/wp-json\/wp\/v2\/media?parent=81632"}],"wp:term":[{"taxonomy":"product_brand","embeddable":true,"href":"https:\/\/www.soanam.de\/es\/wp-json\/wp\/v2\/product_brand?post=81632"},{"taxonomy":"product_cat","embeddable":true,"href":"https:\/\/www.soanam.de\/es\/wp-json\/wp\/v2\/product_cat?post=81632"},{"taxonomy":"product_tag","embeddable":true,"href":"https:\/\/www.soanam.de\/es\/wp-json\/wp\/v2\/product_tag?post=81632"}],"curies":[{"name":"wp","href":"https:\/\/api.w.org\/{rel}","templated":true}]}}