{"id":81435,"date":"2023-12-14T01:58:53","date_gmt":"2023-12-14T00:58:53","guid":{"rendered":"https:\/\/www.soanam.de\/?post_type=product&#038;p=81435"},"modified":"2023-12-14T02:01:06","modified_gmt":"2023-12-14T01:01:06","slug":"picardias-lascana-con-estampado-etnico-en-marron-estampado-talla-40-42","status":"publish","type":"product","link":"https:\/\/www.soanam.de\/es\/produkt\/lascana-neglige-mit-ethno-muster-in-braun-gemustert-groesse-40-42\/","title":{"rendered":"Picard\u00edas LASCANA con estampado \u00e9tnico, en marr\u00f3n, estampado, talla 40\/42"},"content":{"rendered":"<p>Camis\u00f3n con tirantes de Lascana<br \/>\nCon escote en V fruncido y estampado \u00e9tnico<br \/>\nCon tirantes ajustables<br \/>\nDe c\u00f3moda viscosa<\/p>\n<p>El picard\u00edas de corte sencillo de Lascana presenta un estupendo estampado integral de aspecto \u00e9tnico.<br \/>\nEl escote en V con volantes, los tirantes finos ajustables y el corte holgado completan el dise\u00f1o de este vestido para dormir.<br \/>\nPor \u00faltimo, el c\u00f3modo material garantiza que te sientas absolutamente a gusto con ellos, tanto de d\u00eda como de noche.<\/p>\n<p>Material: viscosa 100%<br \/>\nInstrucciones de cuidado: Lavar a m\u00e1quina<\/p>\n<p>Color: marr\u00f3n, negro<br \/>\nMotivo: Motivo \u00e9tnico<br \/>\nTalla: 40\/42<\/p>\n<p>Anchura del pecho: 94 cm<br \/>\nLongitud total sin tirantes: 73 cm<\/p>\n<p>Este nuevo art\u00edculo es una devoluci\u00f3n de un cliente sin etiqueta.<\/p>\n<p>&nbsp;<\/p>","protected":false},"excerpt":{"rendered":"<table class=\"dv_characteristicsTable\">\n<tbody>\n<tr>\n<td class=\"left\">Talla<\/td>\n<td>40\/42<\/td>\n<\/tr>\n<tr>\n<td class=\"left\">Gr\u00f6\u00dfentyp<\/td>\n<td>Normalgr\u00f6\u00dfen<\/td>\n<\/tr>\n<tr>\n<td class=\"left\">Composici\u00f3n del material<\/td>\n<td>Obermaterial: 100% Viskose<\/td>\n<\/tr>\n<tr>\n<td class=\"left\">Instrucciones de cuidado<\/td>\n<td>Lavado a m\u00e1quina<\/td>\n<\/tr>\n<tr>\n<td class=\"left\">Optik<\/td>\n<td>kontrastfarbene Details<\/td>\n<\/tr>\n<tr>\n<td class=\"left\">Stil<\/td>\n<td>elegant<\/td>\n<\/tr>\n<tr>\n<td class=\"left\">Ausschnitt<\/td>\n<td>Cuello en V<\/td>\n<\/tr>\n<tr>\n<td class=\"left\">Ausschnittdetails<\/td>\n<td>gerafft<\/td>\n<\/tr>\n<tr>\n<td class=\"left\">\u00c4rmel<\/td>\n<td>ohne \u00c4rmel<\/td>\n<\/tr>\n<tr>\n<td class=\"left\">Tr\u00e4ger<\/td>\n<td>Tirantes de espagueti<\/td>\n<\/tr>\n<tr>\n<td class=\"left\">Kleidersaumdetails<\/td>\n<td>kontrastfarben<\/td>\n<\/tr>\n<tr>\n<td class=\"left\">Tr\u00e4gerdetails<\/td>\n<td>verstellbar<\/td>\n<\/tr>\n<tr>\n<td class=\"left\">Schnittform L\u00e4nge<\/td>\n<td>ca. Mitte Oberschenkel<\/td>\n<\/tr>\n<tr>\n<td class=\"left\">Color<\/td>\n<td>gemustert-braun<\/td>\n<\/tr>\n<tr>\n<td class=\"left\">Applikationen<\/td>\n<td>Kontrastdetails<\/td>\n<\/tr>\n<tr>\n<td class=\"left\">Besondere Merkmale<\/td>\n<td>mit Ethno-Muster<\/td>\n<\/tr>\n<\/tbody>\n<\/table>\n<div class=\"spec-holder\">\n<div class=\"row\">\n<div class=\"col-xs-5 spec-name\"><\/div>\n<\/div>\n<\/div>","protected":false},"featured_media":81549,"comment_status":"open","ping_status":"closed","template":"","meta":{"_seopress_robots_primary_cat":"","_seopress_titles_title":"","_seopress_titles_desc":"","_seopress_robots_index":""},"product_brand":[],"product_cat":[1348,1520,1616],"product_tag":[],"class_list":{"0":"post-81435","1":"product","2":"type-product","3":"status-publish","4":"has-post-thumbnail","6":"product_cat-damen-mode","7":"product_cat-nachtwaesche","8":"product_cat-nachthemden","9":"product_shipping_class-standard-versand","11":"first","12":"instock","13":"sale","14":"taxable","15":"shipping-taxable","16":"purchasable","17":"product-type-simple"},"_links":{"self":[{"href":"https:\/\/www.soanam.de\/es\/wp-json\/wp\/v2\/product\/81435","targetHints":{"allow":["GET"]}}],"collection":[{"href":"https:\/\/www.soanam.de\/es\/wp-json\/wp\/v2\/product"}],"about":[{"href":"https:\/\/www.soanam.de\/es\/wp-json\/wp\/v2\/types\/product"}],"replies":[{"embeddable":true,"href":"https:\/\/www.soanam.de\/es\/wp-json\/wp\/v2\/comments?post=81435"}],"wp:featuredmedia":[{"embeddable":true,"href":"https:\/\/www.soanam.de\/es\/wp-json\/wp\/v2\/media\/81549"}],"wp:attachment":[{"href":"https:\/\/www.soanam.de\/es\/wp-json\/wp\/v2\/media?parent=81435"}],"wp:term":[{"taxonomy":"product_brand","embeddable":true,"href":"https:\/\/www.soanam.de\/es\/wp-json\/wp\/v2\/product_brand?post=81435"},{"taxonomy":"product_cat","embeddable":true,"href":"https:\/\/www.soanam.de\/es\/wp-json\/wp\/v2\/product_cat?post=81435"},{"taxonomy":"product_tag","embeddable":true,"href":"https:\/\/www.soanam.de\/es\/wp-json\/wp\/v2\/product_tag?post=81435"}],"curies":[{"name":"wp","href":"https:\/\/api.w.org\/{rel}","templated":true}]}}