{"id":81420,"date":"2023-12-14T01:58:31","date_gmt":"2023-12-14T00:58:31","guid":{"rendered":"https:\/\/www.soanam.de\/?post_type=product&#038;p=81420"},"modified":"2023-12-14T02:00:54","modified_gmt":"2023-12-14T01:00:54","slug":"antoine-laurain-liebe-mit-zwei-unbekannten-gebundene-ausgabe-deutsch-2015","status":"publish","type":"product","link":"https:\/\/www.soanam.de\/es\/produkt\/antoine-laurain-liebe-mit-zwei-unbekannten-gebundene-ausgabe-deutsch-2015\/","title":{"rendered":"Antoine Laurain \"Amor con dos desconocidos\" edici\u00f3n tapa dura, alem\u00e1n, 2015"},"content":{"rendered":"<h3>Descripci\u00f3n del producto<\/h3>\n<p>Laure und Laurent sind sich nie begegnet. Beide leben in Paris. Eines Morgens findet Laurent eine elegante Damenhandtasche - augenscheinlich gestohlen und achtlos weggeworfen. Die Tasche verr\u00e4t ihm zwar nicht den Namen der Besitzerin, doch ihr Inhalt gibt einiges \u00fcber sie preis: Fotos, ein altmodischer Spiegel, ein Roman mit Widmung des Autors und ein rotes Notizbuch, in dem die Unbekannte ihre geheimsten Gedanken und Tr\u00e4ume festgehalten hat. Laurent ist fasziniert von dieser Frau, immer mehr verliebt er sich in ihre Gedanken. Also beschlie\u00dft er, sich auf die Suche nach ihr zu machen. Aber wie soll er sie finden?<\/p>\n<p><strong>detalles<\/strong><br \/>\nEncuadernaci\u00f3n: r\u00fastica<br \/>\nSeitenzahl: 240<br \/>\nErscheinungsdatum: 14.02.2015<br \/>\nIdioma: alem\u00e1n<br \/>\nISBN: 978-3-455-60017-9<br \/>\nVerlag: Atlantik Verlag<br \/>\nMa\u00dfe (L\/B\/H): 21,3\/13,4\/2,5 cm<br \/>\nGewicht: 365 g<br \/>\nOriginaltitel: La femme au carnet rouge<br \/>\n\u00dcbersetzer Claudia Kalscheuer<\/p>","protected":false},"excerpt":{"rendered":"<h3>Artikelmerkmale<\/h3>\n<p>Artikelzustand: Neu - Neues, ungelesenes, ungebrauchtes Buch in makellosem Zustand<\/p>\n<table dir=\"ltr\" border=\"1\" cellspacing=\"0\" cellpadding=\"0\">\n<colgroup>\n<col width=\"194\" \/>\n<col width=\"223\" \/><\/colgroup>\n<tbody>\n<tr>\n<td data-sheets-value=\"{&quot;1&quot;:2,&quot;2&quot;:&quot;Anzahl der Seiten:&quot;}\">Anzahl der Seiten:<\/td>\n<td data-sheets-value=\"{&quot;1&quot;:2,&quot;2&quot;:&quot;240 Seiten&quot;}\">240 Seiten<\/td>\n<\/tr>\n<tr>\n<td data-sheets-value=\"{&quot;1&quot;:2,&quot;2&quot;:&quot;Autor:&quot;}\">Autor:<\/td>\n<td data-sheets-value=\"{&quot;1&quot;:2,&quot;2&quot;:&quot;Antoine Laurain&quot;}\">Antoine Laurain<\/td>\n<\/tr>\n<tr>\n<td data-sheets-value=\"{&quot;1&quot;:2,&quot;2&quot;:&quot;Besonderheiten:&quot;}\">Caracter\u00edsticas especiales:<\/td>\n<td data-sheets-value=\"{&quot;1&quot;:2,&quot;2&quot;:&quot;Schutzumschlag&quot;}\">Schutzumschlag<\/td>\n<\/tr>\n<tr>\n<td data-sheets-value=\"{&quot;1&quot;:2,&quot;2&quot;:&quot;Buchtitel:&quot;}\">Buchtitel:<\/td>\n<td data-sheets-value=\"{&quot;1&quot;:2,&quot;2&quot;:&quot;Liebe mit Zwei Unbekannten&quot;}\">Liebe mit Zwei Unbekannten<\/td>\n<\/tr>\n<tr>\n<td data-sheets-value=\"{&quot;1&quot;:2,&quot;2&quot;:&quot;Einbandart:&quot;}\">Einbandart:<\/td>\n<td data-sheets-value=\"{&quot;1&quot;:2,&quot;2&quot;:&quot;gebundene Ausgabe&quot;}\">gebundene Ausgabe<\/td>\n<\/tr>\n<tr>\n<td data-sheets-value=\"{&quot;1&quot;:2,&quot;2&quot;:&quot;Erscheinungsjahr:&quot;}\">Erscheinungsjahr:<\/td>\n<td data-sheets-value=\"{&quot;1&quot;:3,&quot;3&quot;:2015}\">2015<\/td>\n<\/tr>\n<tr>\n<td data-sheets-value=\"{&quot;1&quot;:2,&quot;2&quot;:&quot;Format:&quot;}\">Format:<\/td>\n<td data-sheets-value=\"{&quot;1&quot;:2,&quot;2&quot;:&quot;Gebundene Ausgabe&quot;}\">Edici\u00f3n de tapa dura<\/td>\n<\/tr>\n<tr>\n<td data-sheets-value=\"{&quot;1&quot;:2,&quot;2&quot;:&quot;Genre:&quot;}\">Genre:<\/td>\n<td data-sheets-value=\"{&quot;1&quot;:2,&quot;2&quot;:&quot;Liebe &amp; Romantik&quot;}\">Liebe &amp; Romantik<\/td>\n<\/tr>\n<tr>\n<td data-sheets-value=\"{&quot;1&quot;:2,&quot;2&quot;:&quot;Gewicht:&quot;}\">Gewicht:<\/td>\n<td data-sheets-value=\"{&quot;1&quot;:2,&quot;2&quot;:&quot;364g&quot;}\">364g<\/td>\n<\/tr>\n<tr>\n<td data-sheets-value=\"{&quot;1&quot;:2,&quot;2&quot;:&quot;Herstellungsland und -region:&quot;}\">Herstellungsland und -region:<\/td>\n<td data-sheets-value=\"{&quot;1&quot;:2,&quot;2&quot;:&quot;Deutschland&quot;}\">Alemania<\/td>\n<\/tr>\n<tr>\n<td data-sheets-value=\"{&quot;1&quot;:2,&quot;2&quot;:&quot;ISBN:&quot;}\">ISBN:<\/td>\n<td data-sheets-value=\"{&quot;1&quot;:3,&quot;3&quot;:9783455600179}\">9783455600179<\/td>\n<\/tr>\n<tr>\n<td data-sheets-value=\"{&quot;1&quot;:2,&quot;2&quot;:&quot;Literarische Gattung:&quot;}\">Literarische Gattung:<\/td>\n<td data-sheets-value=\"{&quot;1&quot;:2,&quot;2&quot;:&quot;Belletristik&quot;}\">Belletristik<\/td>\n<\/tr>\n<tr>\n<td data-sheets-value=\"{&quot;1&quot;:2,&quot;2&quot;:&quot;Produktart:&quot;}\">Produktart:<\/td>\n<td data-sheets-value=\"{&quot;1&quot;:2,&quot;2&quot;:&quot;Roman&quot;}\">Roman<\/td>\n<\/tr>\n<tr>\n<td data-sheets-value=\"{&quot;1&quot;:2,&quot;2&quot;:&quot;Seitenzahl:&quot;}\">Seitenzahl:<\/td>\n<td data-sheets-value=\"{&quot;1&quot;:3,&quot;3&quot;:240}\">240<\/td>\n<\/tr>\n<tr>\n<td data-sheets-value=\"{&quot;1&quot;:2,&quot;2&quot;:&quot;Sprache:&quot;}\">Sprache:<\/td>\n<td data-sheets-value=\"{&quot;1&quot;:2,&quot;2&quot;:&quot;Deutsch&quot;}\">Alem\u00e1n<\/td>\n<\/tr>\n<tr>\n<td data-sheets-value=\"{&quot;1&quot;:2,&quot;2&quot;:&quot;Thematik:&quot;}\">Thematik:<\/td>\n<td data-sheets-value=\"{&quot;1&quot;:2,&quot;2&quot;:&quot;Liebe&quot;}\">Liebe<\/td>\n<\/tr>\n<tr>\n<td data-sheets-value=\"{&quot;1&quot;:2,&quot;2&quot;:&quot;Verlag:&quot;}\">Verlag:<\/td>\n<td data-sheets-value=\"{&quot;1&quot;:2,&quot;2&quot;:&quot;Atlantik Verlag&quot;}\">Atlantik Verlag<\/td>\n<\/tr>\n<tr>\n<td data-sheets-value=\"{&quot;1&quot;:2,&quot;2&quot;:&quot;Zielgruppe:&quot;}\">Zielgruppe:<\/td>\n<td data-sheets-value=\"{&quot;1&quot;:2,&quot;2&quot;:&quot;Jugendliche, Erwachsene&quot;}\">Jugendliche, Erwachsene<\/td>\n<\/tr>\n<\/tbody>\n<\/table>","protected":false},"featured_media":81537,"comment_status":"open","ping_status":"closed","template":"","meta":{"_seopress_robots_primary_cat":"","_seopress_titles_title":"","_seopress_titles_desc":"","_seopress_robots_index":""},"product_brand":[],"product_cat":[1428,1429,1434,1451,1452],"product_tag":[],"class_list":{"0":"post-81420","1":"product","2":"type-product","3":"status-publish","4":"has-post-thumbnail","6":"product_cat-buecher","7":"product_cat-jugend","8":"product_cat-erwachsene","9":"product_cat-romane","10":"product_cat-romane-jugend","11":"product_shipping_class-standard-versand","13":"first","14":"instock","15":"taxable","16":"shipping-taxable","17":"purchasable","18":"product-type-simple"},"_links":{"self":[{"href":"https:\/\/www.soanam.de\/es\/wp-json\/wp\/v2\/product\/81420","targetHints":{"allow":["GET"]}}],"collection":[{"href":"https:\/\/www.soanam.de\/es\/wp-json\/wp\/v2\/product"}],"about":[{"href":"https:\/\/www.soanam.de\/es\/wp-json\/wp\/v2\/types\/product"}],"replies":[{"embeddable":true,"href":"https:\/\/www.soanam.de\/es\/wp-json\/wp\/v2\/comments?post=81420"}],"wp:featuredmedia":[{"embeddable":true,"href":"https:\/\/www.soanam.de\/es\/wp-json\/wp\/v2\/media\/81537"}],"wp:attachment":[{"href":"https:\/\/www.soanam.de\/es\/wp-json\/wp\/v2\/media?parent=81420"}],"wp:term":[{"taxonomy":"product_brand","embeddable":true,"href":"https:\/\/www.soanam.de\/es\/wp-json\/wp\/v2\/product_brand?post=81420"},{"taxonomy":"product_cat","embeddable":true,"href":"https:\/\/www.soanam.de\/es\/wp-json\/wp\/v2\/product_cat?post=81420"},{"taxonomy":"product_tag","embeddable":true,"href":"https:\/\/www.soanam.de\/es\/wp-json\/wp\/v2\/product_tag?post=81420"}],"curies":[{"name":"wp","href":"https:\/\/api.w.org\/{rel}","templated":true}]}}