{"id":81417,"date":"2023-12-14T01:58:30","date_gmt":"2023-12-14T00:58:30","guid":{"rendered":"https:\/\/www.soanam.de\/?post_type=product&#038;p=81417"},"modified":"2023-12-14T02:00:44","modified_gmt":"2023-12-14T01:00:44","slug":"holger-stromberg-essen-aendert-alles-taschenbuch-deutsch-2019","status":"publish","type":"product","link":"https:\/\/www.soanam.de\/es\/produkt\/holger-stromberg-essen-aendert-alles-taschenbuch-deutsch-2019\/","title":{"rendered":"Holger Stromberg - Essen \u00e4ndert alles, Taschenbuch, Deutsch, 2019"},"content":{"rendered":"<h3>Descripci\u00f3n del producto<\/h3>\n<p>Das Rezept f\u00fcr ein gesundes, nachhaltiges Leben<\/p>\n<p>Wie geht Ern\u00e4hrung, ohne den Planeten weiter zu zerst\u00f6ren? Ganz einfach: ohne Lebensmittelverschwendung und pflanzenbasiert.<\/p>\n<p>Einfach draufloskochen und -essen war gestern. Doch was darf man eigentlich noch essen, um gesund zu bleiben und gleichzeitig die schwindenden Ressourcen der Erde f\u00fcr uns und unsere Nachkommen zu bewahren?<\/p>\n<p>Holger Stromberg zeigt, wie\u2019s geht, und hat dazu ein nachhaltiges Ern\u00e4hrungskonzept parat: So wenig Foodwaste wie m\u00f6glich, beste Zutaten und alles schnell auf dem Teller = Genussfaktor mit Sternequalit\u00e4t. Meal Prep &amp; Sous-vide machen\u2019s m\u00f6glich.<\/p>\n<p><strong>Das Basisbuch f\u00fcr Einsteiger und Genie\u00dfer mit<\/strong><\/p>\n<p>\u2022 Ern\u00e4hrungsplan f\u00fcr die ganze Woche<\/p>\n<p>\u2022 35 feinsten Rezepten<\/p>\n<p>\u2022 Tipps und Tricks zu Meal-Prep<\/p>\n<p>\u2022 Einkaufsplan f\u00fcr entspannteres, g\u00fcnstiges Einkaufen<\/p>\n<p>\u2022 spannendem Hintergrundwissen rund um Essen und Ern\u00e4hrung<\/p>\n<p>F\u00fcr alle, die sich zeiteffizient, gesund und vollwertig ern\u00e4hren wollen.<\/p>\n<p>Ausstattung: circa 70 farbige Abbildungen<\/p>\n<p><strong>Detalles del producto<\/strong><\/p>\n<p>Cubierta: R\u00fastica<br \/>\nSeitenzahl: 192<br \/>\nErscheinungsdatum: 27.12.2019<br \/>\nIdioma: alem\u00e1n<br \/>\nISBN: 978-3-517-09903-3<br \/>\nVerlag: S\u00fcdwest<br \/>\nMa\u00dfe (L\/B\/H): 23,8\/16,9\/2,2 cm<br \/>\nGewicht: 567 g<br \/>\nAbbildungen: circa 70 farbige Abbildungen<br \/>\nAuflage: 4<\/p>","protected":false},"excerpt":{"rendered":"<h3>Artikelmerkmale<\/h3>\n<p>Artikelzustand: Neu - Neues, ungelesenes, ungebrauchtes Buch in makellosem Zustand<\/p>\n<table dir=\"ltr\" border=\"1\" cellspacing=\"0\" cellpadding=\"0\">\n<colgroup>\n<col width=\"194\" \/>\n<col width=\"223\" \/><\/colgroup>\n<tbody>\n<tr>\n<td data-sheets-value=\"{&quot;1&quot;:2,&quot;2&quot;:&quot;Altersempfehlung:&quot;}\">Altersempfehlung:<\/td>\n<td data-sheets-value=\"{&quot;1&quot;:2,&quot;2&quot;:&quot;Erwachsene, Jugendliche&quot;}\">Erwachsene, Jugendliche<\/td>\n<\/tr>\n<tr>\n<td data-sheets-value=\"{&quot;1&quot;:2,&quot;2&quot;:&quot;Anzahl der Seiten:&quot;}\">Anzahl der Seiten:<\/td>\n<td data-sheets-value=\"{&quot;1&quot;:3,&quot;3&quot;:192}\">192<\/td>\n<\/tr>\n<tr>\n<td data-sheets-value=\"{&quot;1&quot;:2,&quot;2&quot;:&quot;Autor:&quot;}\">Autor:<\/td>\n<td data-sheets-value=\"{&quot;1&quot;:2,&quot;2&quot;:&quot;Holger Stromberg&quot;}\">Holger Stromberg<\/td>\n<\/tr>\n<tr>\n<td data-sheets-value=\"{&quot;1&quot;:2,&quot;2&quot;:&quot;Breite:&quot;}\">Breite:<\/td>\n<td data-sheets-value=\"{&quot;1&quot;:2,&quot;2&quot;:&quot;16,9cm&quot;}\">16,9cm<\/td>\n<\/tr>\n<tr>\n<td data-sheets-value=\"{&quot;1&quot;:2,&quot;2&quot;:&quot;Buchtitel:&quot;}\">Buchtitel:<\/td>\n<td data-sheets-value=\"{&quot;1&quot;:2,&quot;2&quot;:&quot;Essen \u00e4ndert alles&quot;}\">Essen \u00e4ndert alles<\/td>\n<\/tr>\n<tr>\n<td data-sheets-value=\"{&quot;1&quot;:2,&quot;2&quot;:&quot;Eigenschaften:&quot;}\">Propiedades:<\/td>\n<td data-sheets-value=\"{&quot;1&quot;:2,&quot;2&quot;:&quot;Illustriert&quot;}\">Illustriert<\/td>\n<\/tr>\n<tr>\n<td data-sheets-value=\"{&quot;1&quot;:2,&quot;2&quot;:&quot;Einbandart:&quot;}\">Einbandart:<\/td>\n<td data-sheets-value=\"{&quot;1&quot;:2,&quot;2&quot;:&quot;Paperback&quot;}\">Paperback<\/td>\n<\/tr>\n<tr>\n<td data-sheets-value=\"{&quot;1&quot;:2,&quot;2&quot;:&quot;Erscheinungsjahr:2&quot;}\">Erscheinungsjahr:2<\/td>\n<td data-sheets-value=\"{&quot;1&quot;:3,&quot;3&quot;:19}\">19<\/td>\n<\/tr>\n<tr>\n<td data-sheets-value=\"{&quot;1&quot;:2,&quot;2&quot;:&quot;Format:&quot;}\">Format:<\/td>\n<td data-sheets-value=\"{&quot;1&quot;:2,&quot;2&quot;:&quot;Taschenbuch&quot;}\">R\u00fastica<\/td>\n<\/tr>\n<tr>\n<td data-sheets-value=\"{&quot;1&quot;:2,&quot;2&quot;:&quot;Gewicht:&quot;}\">Gewicht:<\/td>\n<td data-sheets-value=\"{&quot;1&quot;:2,&quot;2&quot;:&quot;567g&quot;}\">567g<\/td>\n<\/tr>\n<tr>\n<td data-sheets-value=\"{&quot;1&quot;:2,&quot;2&quot;:&quot;H\u00f6he:&quot;}\">H\u00f6he:<\/td>\n<td data-sheets-value=\"{&quot;1&quot;:2,&quot;2&quot;:&quot;2,2cm&quot;}\">2,2cm<\/td>\n<\/tr>\n<tr>\n<td data-sheets-value=\"{&quot;1&quot;:2,&quot;2&quot;:&quot;ISBN:&quot;}\">ISBN:<\/td>\n<td data-sheets-value=\"{&quot;1&quot;:3,&quot;3&quot;:9783517770789}\">9783517770789<\/td>\n<\/tr>\n<tr>\n<td data-sheets-value=\"{&quot;1&quot;:2,&quot;2&quot;:&quot;Kochbuchthema:&quot;}\">Kochbuchthema:<\/td>\n<td data-sheets-value=\"{&quot;1&quot;:2,&quot;2&quot;:&quot;Gesundheit&quot;}\">Gesundheit<\/td>\n<\/tr>\n<tr>\n<td data-sheets-value=\"{&quot;1&quot;:2,&quot;2&quot;:&quot;Land:&quot;}\">Land:<\/td>\n<td data-sheets-value=\"{&quot;1&quot;:2,&quot;2&quot;:&quot;Deutschland&quot;}\">Alemania<\/td>\n<\/tr>\n<tr>\n<td data-sheets-value=\"{&quot;1&quot;:2,&quot;2&quot;:&quot;L\u00e4nderk\u00fcche:&quot;}\">L\u00e4nderk\u00fcche:<\/td>\n<td data-sheets-value=\"{&quot;1&quot;:2,&quot;2&quot;:&quot;ohne Angabe&quot;}\">ohne Angabe<\/td>\n<\/tr>\n<tr>\n<td data-sheets-value=\"{&quot;1&quot;:2,&quot;2&quot;:&quot;L\u00e4nge:&quot;}\">L\u00e4nge:<\/td>\n<td data-sheets-value=\"{&quot;1&quot;:2,&quot;2&quot;:&quot;23,8cm&quot;}\">23,8cm<\/td>\n<\/tr>\n<tr>\n<td data-sheets-value=\"{&quot;1&quot;:2,&quot;2&quot;:&quot;Modifizierter Artikel:&quot;}\">Modifizierter Artikel:<\/td>\n<td data-sheets-value=\"{&quot;1&quot;:2,&quot;2&quot;:&quot;Nein&quot;}\">Nein<\/td>\n<\/tr>\n<tr>\n<td data-sheets-value=\"{&quot;1&quot;:2,&quot;2&quot;:&quot;Originalsprache:&quot;}\">Originalsprache:<\/td>\n<td data-sheets-value=\"{&quot;1&quot;:2,&quot;2&quot;:&quot;Deutsch&quot;}\">Alem\u00e1n<\/td>\n<\/tr>\n<tr>\n<td data-sheets-value=\"{&quot;1&quot;:2,&quot;2&quot;:&quot;Produktart:&quot;}\">Produktart:<\/td>\n<td data-sheets-value=\"{&quot;1&quot;:2,&quot;2&quot;:&quot;Ratgeber&quot;}\">Consejero<\/td>\n<\/tr>\n<tr>\n<td data-sheets-value=\"{&quot;1&quot;:2,&quot;2&quot;:&quot;Region:&quot;}\">Region:<\/td>\n<td data-sheets-value=\"{&quot;1&quot;:2,&quot;2&quot;:&quot;Europa&quot;}\">Europa<\/td>\n<\/tr>\n<tr>\n<td data-sheets-value=\"{&quot;1&quot;:2,&quot;2&quot;:&quot;Reihe:&quot;}\">Reihe:<\/td>\n<td data-sheets-value=\"{&quot;1&quot;:2,&quot;2&quot;:&quot;keine&quot;}\">keine<\/td>\n<\/tr>\n<tr>\n<td data-sheets-value=\"{&quot;1&quot;:2,&quot;2&quot;:&quot;Seitenzahl:&quot;}\">Seitenzahl:<\/td>\n<td data-sheets-value=\"{&quot;1&quot;:3,&quot;3&quot;:192}\">192<\/td>\n<\/tr>\n<tr>\n<td data-sheets-value=\"{&quot;1&quot;:2,&quot;2&quot;:&quot;Sprache:&quot;}\">Sprache:<\/td>\n<td data-sheets-value=\"{&quot;1&quot;:2,&quot;2&quot;:&quot;Deutsch&quot;}\">Alem\u00e1n<\/td>\n<\/tr>\n<tr>\n<td data-sheets-value=\"{&quot;1&quot;:2,&quot;2&quot;:&quot;Stadt:&quot;}\">Stadt:<\/td>\n<td data-sheets-value=\"{&quot;1&quot;:2,&quot;2&quot;:&quot;nicht zutreffend&quot;}\">nicht zutreffend<\/td>\n<\/tr>\n<tr>\n<td data-sheets-value=\"{&quot;1&quot;:2,&quot;2&quot;:&quot;Thema:&quot;}\">Thema:<\/td>\n<td data-sheets-value=\"{&quot;1&quot;:2,&quot;2&quot;:&quot;Essen&quot;}\">Essen<\/td>\n<\/tr>\n<tr>\n<td data-sheets-value=\"{&quot;1&quot;:2,&quot;2&quot;:&quot;Themenbereich:&quot;}\">Themenbereich:<\/td>\n<td data-sheets-value=\"{&quot;1&quot;:2,&quot;2&quot;:&quot;Gesundheit, Ern\u00e4hrung &amp; Medizin&quot;}\">Gesundheit, Ern\u00e4hrung &amp; Medizin<\/td>\n<\/tr>\n<tr>\n<td data-sheets-value=\"{&quot;1&quot;:2,&quot;2&quot;:&quot;Verlag:&quot;}\">Verlag:<\/td>\n<td data-sheets-value=\"{&quot;1&quot;:2,&quot;2&quot;:&quot;S\u00fcdwest&quot;}\">S\u00fcdwest<\/td>\n<\/tr>\n<\/tbody>\n<\/table>","protected":false},"featured_media":81530,"comment_status":"open","ping_status":"closed","template":"","meta":{"_seopress_robots_primary_cat":"","_seopress_titles_title":"","_seopress_titles_desc":"","_seopress_robots_index":""},"product_brand":[],"product_cat":[1428,1429,1434,1447,1530],"product_tag":[],"class_list":{"0":"post-81417","1":"product","2":"type-product","3":"status-publish","4":"has-post-thumbnail","6":"product_cat-buecher","7":"product_cat-jugend","8":"product_cat-erwachsene","9":"product_cat-ratgeber","10":"product_cat-ratgeber-jugend","11":"product_shipping_class-standard-versand","13":"first","14":"instock","15":"taxable","16":"shipping-taxable","17":"purchasable","18":"product-type-simple"},"_links":{"self":[{"href":"https:\/\/www.soanam.de\/es\/wp-json\/wp\/v2\/product\/81417","targetHints":{"allow":["GET"]}}],"collection":[{"href":"https:\/\/www.soanam.de\/es\/wp-json\/wp\/v2\/product"}],"about":[{"href":"https:\/\/www.soanam.de\/es\/wp-json\/wp\/v2\/types\/product"}],"replies":[{"embeddable":true,"href":"https:\/\/www.soanam.de\/es\/wp-json\/wp\/v2\/comments?post=81417"}],"wp:featuredmedia":[{"embeddable":true,"href":"https:\/\/www.soanam.de\/es\/wp-json\/wp\/v2\/media\/81530"}],"wp:attachment":[{"href":"https:\/\/www.soanam.de\/es\/wp-json\/wp\/v2\/media?parent=81417"}],"wp:term":[{"taxonomy":"product_brand","embeddable":true,"href":"https:\/\/www.soanam.de\/es\/wp-json\/wp\/v2\/product_brand?post=81417"},{"taxonomy":"product_cat","embeddable":true,"href":"https:\/\/www.soanam.de\/es\/wp-json\/wp\/v2\/product_cat?post=81417"},{"taxonomy":"product_tag","embeddable":true,"href":"https:\/\/www.soanam.de\/es\/wp-json\/wp\/v2\/product_tag?post=81417"}],"curies":[{"name":"wp","href":"https:\/\/api.w.org\/{rel}","templated":true}]}}