{"id":81318,"date":"2023-12-14T01:56:25","date_gmt":"2023-12-14T00:56:25","guid":{"rendered":"https:\/\/www.soanam.de\/?post_type=product&#038;p=81318"},"modified":"2023-12-14T01:58:45","modified_gmt":"2023-12-14T00:58:45","slug":"tommy-jeans-kordkleid-mini-in-schwarz-groesse-s","status":"publish","type":"product","link":"https:\/\/www.soanam.de\/es\/produkt\/tommy-jeans-kordkleid-mini-in-schwarz-groesse-s\/","title":{"rendered":"Tommy Jeans mini vestido de pana, en negro, talla S"},"content":{"rendered":"<p>Minikleid von Tommy Jeans<br \/>\nIm Slim Fit<br \/>\nMit Druckkn\u00f6pfen<br \/>\nMarkenstickerei und Hilfiger Flag<\/p>\n<p>Das Kleid von Tommy Jeans ist der ideale Begleiter im Fr\u00fchjahr, Herbst und Winter, wenn du gern Markenware tr\u00e4gst aber dennoch es schlicht und nicht so auff\u00e4lig magst.<br \/>\nDas Kordkleid ist figurbetont und in Minil\u00e4nge, hat lange \u00c4rmel, ist komplett durchgekn\u00f6pft, im Hemdblusenstil mit 2 Brusttaschen und nat\u00fcrlich d\u00fcrfen Markenlogo und die typische Hilfiger Flag nicht fehlen.<\/p>\n<p>Material: 98% Baumwolle, 2% Elastan<br \/>\nInstrucciones de cuidado: Lavar a m\u00e1quina<\/p>\n<p>Color: negro<br \/>\nPatr\u00f3n: sin<br \/>\nTalla: S<\/p>\n<p>Anchura del pecho: 89 cm<br \/>\nLongitud de la manga: 60 cm<br \/>\nLongitud total: 86 cm<\/p>\n<p>&nbsp;<\/p>","protected":false},"excerpt":{"rendered":"<div class=\"spec-holder\">\n<div class=\"row\">\n<div class=\"col-xs-5 spec-name\">\n<table class=\"dv_characteristicsTable\">\n<tbody>\n<tr>\n<td class=\"left\">Talla<\/td>\n<td>S<\/td>\n<\/tr>\n<tr>\n<td class=\"left\">Gr\u00f6\u00dfentyp<\/td>\n<td>Normalgr\u00f6\u00dfen<\/td>\n<\/tr>\n<tr>\n<td class=\"left\">Composici\u00f3n del material<\/td>\n<td>98% Baumwolle, 2% Elastan<\/td>\n<\/tr>\n<tr>\n<td class=\"left\">Materialart<\/td>\n<td>Cord<\/td>\n<\/tr>\n<tr>\n<td class=\"left\">Instrucciones de cuidado<\/td>\n<td>Lavado a m\u00e1quina<\/td>\n<\/tr>\n<tr>\n<td class=\"left\">Optik<\/td>\n<td>Alltag<\/td>\n<\/tr>\n<tr>\n<td class=\"left\">Stil<\/td>\n<td>Hemdblusenkleid<\/td>\n<\/tr>\n<tr>\n<td class=\"left\">Ausschnitt<\/td>\n<td>Hemdkragen<\/td>\n<\/tr>\n<tr>\n<td class=\"left\">\u00c4rmel<\/td>\n<td>lange \u00c4rmel<\/td>\n<\/tr>\n<tr>\n<td class=\"left\">Besonderheit<\/td>\n<td>durchgehend Druckkn\u00f6pfe<\/td>\n<\/tr>\n<tr>\n<td class=\"left\">Ajuste<\/td>\n<td>slim<\/td>\n<\/tr>\n<tr>\n<td class=\"left\">Schnittform L\u00e4nge<\/td>\n<td>Mini<\/td>\n<\/tr>\n<tr>\n<td class=\"left\">Color<\/td>\n<td>schwarz<\/td>\n<\/tr>\n<tr>\n<td class=\"left\">Cap\u00f3<\/td>\n<td>ohne<\/td>\n<\/tr>\n<tr>\n<td class=\"left\">Applikationen<\/td>\n<td>Logotipo bordado<\/td>\n<\/tr>\n<tr>\n<td class=\"left\"><\/td>\n<td><\/td>\n<\/tr>\n<tr>\n<td class=\"left\"><\/td>\n<td><\/td>\n<\/tr>\n<tr>\n<td class=\"left\"><\/td>\n<td><\/td>\n<\/tr>\n<\/tbody>\n<\/table>\n<\/div>\n<\/div>\n<\/div>","protected":false},"featured_media":81428,"comment_status":"open","ping_status":"closed","template":"","meta":{"_seopress_robots_primary_cat":"","_seopress_titles_title":"","_seopress_titles_desc":"","_seopress_robots_index":""},"product_brand":[],"product_cat":[1348,1379,1632],"product_tag":[],"class_list":{"0":"post-81318","1":"product","2":"type-product","3":"status-publish","4":"has-post-thumbnail","6":"product_cat-damen-mode","7":"product_cat-kleider","8":"product_cat-hemdblusenkleider","9":"product_shipping_class-standard-versand","11":"first","12":"instock","13":"sale","14":"taxable","15":"shipping-taxable","16":"purchasable","17":"product-type-simple"},"_links":{"self":[{"href":"https:\/\/www.soanam.de\/es\/wp-json\/wp\/v2\/product\/81318","targetHints":{"allow":["GET"]}}],"collection":[{"href":"https:\/\/www.soanam.de\/es\/wp-json\/wp\/v2\/product"}],"about":[{"href":"https:\/\/www.soanam.de\/es\/wp-json\/wp\/v2\/types\/product"}],"replies":[{"embeddable":true,"href":"https:\/\/www.soanam.de\/es\/wp-json\/wp\/v2\/comments?post=81318"}],"wp:featuredmedia":[{"embeddable":true,"href":"https:\/\/www.soanam.de\/es\/wp-json\/wp\/v2\/media\/81428"}],"wp:attachment":[{"href":"https:\/\/www.soanam.de\/es\/wp-json\/wp\/v2\/media?parent=81318"}],"wp:term":[{"taxonomy":"product_brand","embeddable":true,"href":"https:\/\/www.soanam.de\/es\/wp-json\/wp\/v2\/product_brand?post=81318"},{"taxonomy":"product_cat","embeddable":true,"href":"https:\/\/www.soanam.de\/es\/wp-json\/wp\/v2\/product_cat?post=81318"},{"taxonomy":"product_tag","embeddable":true,"href":"https:\/\/www.soanam.de\/es\/wp-json\/wp\/v2\/product_tag?post=81318"}],"curies":[{"name":"wp","href":"https:\/\/api.w.org\/{rel}","templated":true}]}}