{"id":81317,"date":"2023-12-14T01:56:24","date_gmt":"2023-12-14T00:56:24","guid":{"rendered":"https:\/\/www.soanam.de\/?post_type=product&#038;p=81317"},"modified":"2023-12-14T01:58:41","modified_gmt":"2023-12-14T00:58:41","slug":"lipsy-london-vestido-de-noche-en-burdeos-talla-40","status":"publish","type":"product","link":"https:\/\/www.soanam.de\/es\/produkt\/lipsy-london-abendkleid-in-bordeaux-groesse-40\/","title":{"rendered":"Vestido de noche Lipsy London, en burdeos, talla 40"},"content":{"rendered":"<p>Elegante vestido de noche de Lipsy<br \/>\nTop de encaje y lentejuelas<br \/>\nFalda fluida con abertura para caminar<br \/>\nCremallera trasera<\/p>\n<p>Con su extravagante parte superior adornada con delicado encaje y encantadores adornos de lentejuelas, este vestido de Lipsy no s\u00f3lo conquistar\u00e1 tu coraz\u00f3n, sino tambi\u00e9n el de los espectadores.<br \/>\nLa falda, por su parte, est\u00e1 hecha de un material suave y fluido y tiene una abertura a la moda.<br \/>\nEl modelo tambi\u00e9n tiene mucho que ofrecer en la parte trasera, con su seductor recorte.<br \/>\nEste vestido de Lipsy, entallado y ce\u00f1ido a la figura, atrae todas las miradas.<\/p>\n<p>Material: poli\u00e9ster 95%, elastano 5%<br \/>\nInstrucciones de cuidado: Lavar a m\u00e1quina<\/p>\n<p>Color: burdeos<br \/>\nPatr\u00f3n: Flores de encaje<br \/>\nTalla:40<\/p>\n<p>Anchura del pecho: 82 cm<br \/>\nLongitud de las mangas: sin mangas<br \/>\nLongitud total: 165 cm<\/p>\n<p>&nbsp;<\/p>","protected":false},"excerpt":{"rendered":"<div class=\"spec-holder\">\n<div class=\"row\">\n<div class=\"col-xs-5 spec-name\">\n<table class=\"dv_characteristicsTable\">\n<tbody>\n<tr>\n<td class=\"left\">Talla<\/td>\n<td>40<\/td>\n<\/tr>\n<tr>\n<td class=\"left\">Gr\u00f6\u00dfentyp<\/td>\n<td>Normalgr\u00f6\u00dfen<\/td>\n<\/tr>\n<tr>\n<td class=\"left\">Composici\u00f3n del material<\/td>\n<td>95% Polyester, 5% Elastan<\/td>\n<\/tr>\n<tr>\n<td class=\"left\">Materialart<\/td>\n<td>Top<\/td>\n<\/tr>\n<tr>\n<td class=\"left\">Instrucciones de cuidado<\/td>\n<td>Lavado a m\u00e1quina<\/td>\n<\/tr>\n<tr>\n<td class=\"left\">Optik<\/td>\n<td>floral<\/td>\n<\/tr>\n<tr>\n<td class=\"left\">Stil<\/td>\n<td>leicht transparent<\/td>\n<\/tr>\n<tr>\n<td class=\"left\">Ausschnitt<\/td>\n<td>Rundhals- Ausschnitt<\/td>\n<\/tr>\n<tr>\n<td class=\"left\">\u00c4rmel<\/td>\n<td>ohne \u00c4rmel<\/td>\n<\/tr>\n<tr>\n<td class=\"left\">Besonderheit<\/td>\n<td>mit Gehschlitz<\/td>\n<\/tr>\n<tr>\n<td class=\"left\">Ajuste<\/td>\n<td>slim<\/td>\n<\/tr>\n<tr>\n<td class=\"left\">Schnittform L\u00e4nge<\/td>\n<td>sehr lang<\/td>\n<\/tr>\n<tr>\n<td class=\"left\">Color<\/td>\n<td>bordeaux<\/td>\n<\/tr>\n<tr>\n<td class=\"left\">Cap\u00f3<\/td>\n<td>ohne<\/td>\n<\/tr>\n<tr>\n<td class=\"left\">Applikationen<\/td>\n<td>Pailletten<\/td>\n<\/tr>\n<tr>\n<td class=\"left\"><\/td>\n<td><\/td>\n<\/tr>\n<tr>\n<td class=\"left\"><\/td>\n<td><\/td>\n<\/tr>\n<tr>\n<td class=\"left\"><\/td>\n<td><\/td>\n<\/tr>\n<\/tbody>\n<\/table>\n<\/div>\n<\/div>\n<\/div>","protected":false},"featured_media":81425,"comment_status":"open","ping_status":"closed","template":"","meta":{"_seopress_robots_primary_cat":"","_seopress_titles_title":"","_seopress_titles_desc":"","_seopress_robots_index":""},"product_brand":[],"product_cat":[1348,1379,1380],"product_tag":[],"class_list":{"0":"post-81317","1":"product","2":"type-product","3":"status-publish","4":"has-post-thumbnail","6":"product_cat-damen-mode","7":"product_cat-kleider","8":"product_cat-abendkleider","9":"product_shipping_class-standard-versand","11":"first","12":"instock","13":"taxable","14":"shipping-taxable","15":"purchasable","16":"product-type-simple"},"_links":{"self":[{"href":"https:\/\/www.soanam.de\/es\/wp-json\/wp\/v2\/product\/81317","targetHints":{"allow":["GET"]}}],"collection":[{"href":"https:\/\/www.soanam.de\/es\/wp-json\/wp\/v2\/product"}],"about":[{"href":"https:\/\/www.soanam.de\/es\/wp-json\/wp\/v2\/types\/product"}],"replies":[{"embeddable":true,"href":"https:\/\/www.soanam.de\/es\/wp-json\/wp\/v2\/comments?post=81317"}],"wp:featuredmedia":[{"embeddable":true,"href":"https:\/\/www.soanam.de\/es\/wp-json\/wp\/v2\/media\/81425"}],"wp:attachment":[{"href":"https:\/\/www.soanam.de\/es\/wp-json\/wp\/v2\/media?parent=81317"}],"wp:term":[{"taxonomy":"product_brand","embeddable":true,"href":"https:\/\/www.soanam.de\/es\/wp-json\/wp\/v2\/product_brand?post=81317"},{"taxonomy":"product_cat","embeddable":true,"href":"https:\/\/www.soanam.de\/es\/wp-json\/wp\/v2\/product_cat?post=81317"},{"taxonomy":"product_tag","embeddable":true,"href":"https:\/\/www.soanam.de\/es\/wp-json\/wp\/v2\/product_tag?post=81317"}],"curies":[{"name":"wp","href":"https:\/\/api.w.org\/{rel}","templated":true}]}}