{"id":81238,"date":"2023-12-14T01:48:15","date_gmt":"2023-12-14T00:48:15","guid":{"rendered":"https:\/\/www.soanam.de\/?post_type=product&#038;p=81238"},"modified":"2023-12-14T01:57:11","modified_gmt":"2023-12-14T00:57:11","slug":"arizona-skaterkleid-mit-glitzerband-in-schwarz-groesse-176-182","status":"publish","type":"product","link":"https:\/\/www.soanam.de\/es\/produkt\/arizona-skaterkleid-mit-glitzerband-in-schwarz-groesse-176-182\/","title":{"rendered":"Vestido skater ARIZONA con lazo de purpurina, en negro, talla 176\/182"},"content":{"rendered":"<p>Skaterkleid f\u00fcr M\u00e4dchen von ARIZONA<br \/>\nModisch elastisches Glitzerband in der Taille<br \/>\n3\/4 lange \u00c4rmel<br \/>\nWeit schwingender Rock<br \/>\nElastische Jersey Qualit\u00e4t<\/p>\n<p>Das modische und zugleich bequeme Skaterkleid von Arizona begeistert mit einer h\u00fcbschen Silhouette und feinen Details, wie dem kontrastierenden Glitzerband in der Taille.<br \/>\nDas Oberteil ist mit einem paspelierten Rundhalsausschnitt und 3\/4-\u00c4rmeln ausgestattet.<br \/>\nW\u00e4hrend es in anliegender Passform geschnitten ist, bezaubert das ausgestellte Rockteil mit seinem gro\u00dfz\u00fcgigen Faltenwurf.<\/p>\n<p>Material: 95% algod\u00f3n, 5% elastano<br \/>\nInstrucciones de cuidado: Lavar a m\u00e1quina<\/p>\n<p>Color: negro<br \/>\nMuster: Glitzerband<br \/>\nGr\u00f6\u00dfe: 176\/182<\/p>\n<p>Anchura del pecho: 88 cm<br \/>\nLongitud de la manga: 47 cm<br \/>\nLongitud total: 92 cm<\/p>\n<p>&nbsp;<\/p>\n<p>Este nuevo art\u00edculo es una devoluci\u00f3n de un cliente sin etiqueta.<\/p>","protected":false},"excerpt":{"rendered":"<table class=\"dv_characteristicsTable\">\n<tbody>\n<tr>\n<td class=\"left\">Talla<\/td>\n<td>176\/182<\/td>\n<\/tr>\n<tr>\n<td class=\"left\">Gr\u00f6\u00dfentyp<\/td>\n<td>Normalgr\u00f6\u00dfen<\/td>\n<\/tr>\n<tr>\n<td class=\"left\">Composici\u00f3n del material<\/td>\n<td>Obermaterial: 95% Baumwolle, 5% Elasthan<\/td>\n<\/tr>\n<tr>\n<td class=\"left\">Materialart<\/td>\n<td>Jersey<\/td>\n<\/tr>\n<tr>\n<td class=\"left\">Materialeigenschaften<\/td>\n<td>elastisch<\/td>\n<\/tr>\n<tr>\n<td class=\"left\">Instrucciones de cuidado<\/td>\n<td>Lavado a m\u00e1quina<\/td>\n<\/tr>\n<tr>\n<td class=\"left\">Optik<\/td>\n<td>unifarben mit Farbeinsatz<\/td>\n<\/tr>\n<tr>\n<td class=\"left\">Ausschnitt<\/td>\n<td>Rundhals<\/td>\n<\/tr>\n<tr>\n<td class=\"left\">\u00c4rmel<\/td>\n<td>3\/4-\u00c4rmel<\/td>\n<\/tr>\n<tr>\n<td class=\"left\">\u00c4rmelabschluss<\/td>\n<td>abgesteppte Kante<\/td>\n<\/tr>\n<tr>\n<td class=\"left\">Kleidersaum<\/td>\n<td>abgesteppte Kante<\/td>\n<\/tr>\n<tr>\n<td class=\"left\">Ajuste<\/td>\n<td>ausgestellt<\/td>\n<\/tr>\n<tr>\n<td class=\"left\">Schnittform L\u00e4nge<\/td>\n<td>kniefrei<\/td>\n<\/tr>\n<tr>\n<td class=\"left\">Color<\/td>\n<td>schwarz<\/td>\n<\/tr>\n<tr>\n<td class=\"left\">Applikationen<\/td>\n<td>Glitzerband<\/td>\n<\/tr>\n<tr>\n<td class=\"left\">Besondere Merkmale<\/td>\n<td>mit Glitzerband<\/td>\n<\/tr>\n<\/tbody>\n<\/table>\n<div class=\"spec-holder\">\n<div class=\"row\">\n<div class=\"col-xs-5 spec-name\"><\/div>\n<\/div>\n<\/div>","protected":false},"featured_media":81350,"comment_status":"open","ping_status":"closed","template":"","meta":{"_seopress_robots_primary_cat":"","_seopress_titles_title":"","_seopress_titles_desc":"","_seopress_robots_index":""},"product_brand":[],"product_cat":[1351,1379,1380,1622,1624],"product_tag":[],"class_list":{"0":"post-81238","1":"product","2":"type-product","3":"status-publish","4":"has-post-thumbnail","6":"product_cat-kindermode","7":"product_cat-kleider","8":"product_cat-abendkleider","9":"product_cat-kleider-kindermode","10":"product_cat-shirtkleider","11":"product_shipping_class-standard-versand","13":"first","14":"instock","15":"sale","16":"taxable","17":"shipping-taxable","18":"purchasable","19":"product-type-simple"},"_links":{"self":[{"href":"https:\/\/www.soanam.de\/es\/wp-json\/wp\/v2\/product\/81238","targetHints":{"allow":["GET"]}}],"collection":[{"href":"https:\/\/www.soanam.de\/es\/wp-json\/wp\/v2\/product"}],"about":[{"href":"https:\/\/www.soanam.de\/es\/wp-json\/wp\/v2\/types\/product"}],"replies":[{"embeddable":true,"href":"https:\/\/www.soanam.de\/es\/wp-json\/wp\/v2\/comments?post=81238"}],"wp:featuredmedia":[{"embeddable":true,"href":"https:\/\/www.soanam.de\/es\/wp-json\/wp\/v2\/media\/81350"}],"wp:attachment":[{"href":"https:\/\/www.soanam.de\/es\/wp-json\/wp\/v2\/media?parent=81238"}],"wp:term":[{"taxonomy":"product_brand","embeddable":true,"href":"https:\/\/www.soanam.de\/es\/wp-json\/wp\/v2\/product_brand?post=81238"},{"taxonomy":"product_cat","embeddable":true,"href":"https:\/\/www.soanam.de\/es\/wp-json\/wp\/v2\/product_cat?post=81238"},{"taxonomy":"product_tag","embeddable":true,"href":"https:\/\/www.soanam.de\/es\/wp-json\/wp\/v2\/product_tag?post=81238"}],"curies":[{"name":"wp","href":"https:\/\/api.w.org\/{rel}","templated":true}]}}