{"id":81171,"date":"2023-12-14T01:46:56","date_gmt":"2023-12-14T00:46:56","guid":{"rendered":"https:\/\/www.soanam.de\/?post_type=product&#038;p=81171"},"modified":"2023-12-14T01:49:27","modified_gmt":"2023-12-14T00:49:27","slug":"botella-llevada-con-motivo-porque-los-angeles-no-pueden-estar-en-todas-partes-hay-gente-como-tu","status":"publish","type":"product","link":"https:\/\/www.soanam.de\/es\/produkt\/led-flasche-mit-motiv-weil-engel-nicht-ueberall-sein-koennen-gibt-es-menschen-wie-dich\/","title":{"rendered":"Botella LED con motivo, \u00a1Porque los \u00e1ngeles no pueden estar en todas partes, hay gente como t\u00fa!"},"content":{"rendered":"<h3>Descripci\u00f3n de la<\/h3>\n<p><strong>L\u00e1mpara LED para botellas con luces de hadas integradas y efecto holograma. Impresa con un motivo de WB wohn trends\u00ae.<\/strong><\/p>\n<p>Als Deko-Artikel oder Geschenk. Diese beleuchtete Flasche sieht einfach wundersch\u00f6n aus - auch im ausgeschaltetem Zustand. Die Batterien und der Schalter sind unsichtbar im Flaschenboden integriert. Bei Bedarf schalten Sie die Beleuchtung einfach ein. Die Leucht-Flasche hat einen sehr sparsamen Verbrauch, so dass die handels\u00fcblichen Batterien lange halten.<\/p>\n<p>La botella lleva impreso: Porque los \u00e1ngeles no pueden estar en todas partes, \u00a1hay gente como t\u00fa! Color de impresi\u00f3n: gris<\/p>\n<p>Cada botella LED se imprime con esmero in situ. Nuestros inusuales motivos y textos hacen que cada botella sea especial. Ya sea para usted mismo como decoraci\u00f3n o como un gran regalo. Tambi\u00e9n es ideal para bodas, invierno, Adviento, cumplea\u00f1os, Navidad o muchas otras ocasiones. Como regalo de Navidad, regalo de boda o decoraci\u00f3n de mesa.<\/p>\n<p>Para su funcionamiento se necesitan 3 pilas AAA de tipo comercial. Las pilas no se incluyen en la entrega. La botella de purpurina mide aprox. 29 cm de altura (incluido el corcho) y aprox. 7,5 cm de di\u00e1metro. S\u00f3lo para uso en interiores.<\/p>\n<p><strong>Tendencias de vida en el BM<\/strong>\u00ae es una marca registrada en la Oficina Alemana de Patentes y Marcas (DPMA).<\/p>\n<p>Aviso legal: Las botellas LED s\u00f3lo son impresas por WB wohn trends. Las botellas LED sin imprimir proceden de un importador alem\u00e1n y est\u00e1n etiquetadas y cuentan con un registro RAEE v\u00e1lido.<\/p>","protected":false},"excerpt":{"rendered":"<h3>Artikelmerkmale<\/h3>\n<p>Estado del art\u00edculo: Nuevo con etiqueta: Art\u00edculo nuevo, sin usar y sin estrenar, en su embalaje original.<\/p>\n<p>Hersteller : WB wohn trends<br \/>\nFarbe : Grau<br \/>\nBreite : 7,5 cm<br \/>\nH\u00f6he : 29 cm<br \/>\nEAN : 4250550963072<\/p>\n<p>&nbsp;<\/p>\n<p>&nbsp;<\/p>","protected":false},"featured_media":81288,"comment_status":"open","ping_status":"closed","template":"","meta":{"_seopress_robots_primary_cat":"","_seopress_titles_title":"","_seopress_titles_desc":"","_seopress_robots_index":""},"product_brand":[],"product_cat":[1400,1420],"product_tag":[],"class_list":{"0":"post-81171","1":"product","2":"type-product","3":"status-publish","4":"has-post-thumbnail","6":"product_cat-wohnzubehoer","7":"product_cat-wohndekoration","8":"product_shipping_class-standard-versand","10":"first","11":"instock","12":"sale","13":"taxable","14":"shipping-taxable","15":"purchasable","16":"product-type-simple"},"_links":{"self":[{"href":"https:\/\/www.soanam.de\/es\/wp-json\/wp\/v2\/product\/81171","targetHints":{"allow":["GET"]}}],"collection":[{"href":"https:\/\/www.soanam.de\/es\/wp-json\/wp\/v2\/product"}],"about":[{"href":"https:\/\/www.soanam.de\/es\/wp-json\/wp\/v2\/types\/product"}],"replies":[{"embeddable":true,"href":"https:\/\/www.soanam.de\/es\/wp-json\/wp\/v2\/comments?post=81171"}],"wp:featuredmedia":[{"embeddable":true,"href":"https:\/\/www.soanam.de\/es\/wp-json\/wp\/v2\/media\/81288"}],"wp:attachment":[{"href":"https:\/\/www.soanam.de\/es\/wp-json\/wp\/v2\/media?parent=81171"}],"wp:term":[{"taxonomy":"product_brand","embeddable":true,"href":"https:\/\/www.soanam.de\/es\/wp-json\/wp\/v2\/product_brand?post=81171"},{"taxonomy":"product_cat","embeddable":true,"href":"https:\/\/www.soanam.de\/es\/wp-json\/wp\/v2\/product_cat?post=81171"},{"taxonomy":"product_tag","embeddable":true,"href":"https:\/\/www.soanam.de\/es\/wp-json\/wp\/v2\/product_tag?post=81171"}],"curies":[{"name":"wp","href":"https:\/\/api.w.org\/{rel}","templated":true}]}}