{"id":81072,"date":"2023-12-14T01:44:19","date_gmt":"2023-12-14T00:44:19","guid":{"rendered":"https:\/\/www.soanam.de\/?post_type=product&#038;p=81072"},"modified":"2023-12-14T01:47:31","modified_gmt":"2023-12-14T00:47:31","slug":"vestido-de-punto-canguro-en-look-noruego-en-gris-hueso-talla-38","status":"publish","type":"product","link":"https:\/\/www.soanam.de\/es\/produkt\/kangaroos-strickkleid-im-norweger-look-in-offwhite-grau-groesse-38\/","title":{"rendered":"KangaROOS vestido de punto de aspecto noruego, en gris hueso, talla 38"},"content":{"rendered":"<p>Vestido de punto con escote redondo by KangaROOS<br \/>\nTejido de punto fino, c\u00f3modo y de alta calidad, fabricado con una mezcla de algod\u00f3n<br \/>\nEstampado de punto en color de contraste de estilo noruego<br \/>\nDise\u00f1o ce\u00f1ido<\/p>\n<p>Este vestido de punto de Kangaroos es una versi\u00f3n moderna del patr\u00f3n noruego tradicional.<br \/>\nLos bellos motivos adornan tus hombros y antebrazos en este vestido ce\u00f1ido a la figura.<br \/>\nEl escote redondo ce\u00f1ido al cuello y los cl\u00e1sicos pu\u00f1os de punto el\u00e1stico combinan a la perfecci\u00f3n con el dise\u00f1o del jersey.<br \/>\nCon su corte entallado, este c\u00f3modo vestido realza tus contornos.<br \/>\nEl suave tejido de punto es muy c\u00f3modo en contacto con la piel.<\/p>\n<p>Material: algod\u00f3n 50%, poliacr\u00edlico 50%<br \/>\nInstrucciones de cuidado: Lavar a m\u00e1quina<\/p>\n<p>Color: gris hueso<br \/>\nPatr\u00f3n: patr\u00f3n noruego<br \/>\nTalla: 38<\/p>\n<p>Anchura del pecho: 95 cm<br \/>\nLongitud de la manga: 67 cm<br \/>\nLongitud total: 87 cm<\/p>\n<p>&nbsp;<\/p>","protected":false},"excerpt":{"rendered":"<table class=\"dv_characteristicsTable\">\n<tbody>\n<tr>\n<td class=\"left\">Talla<\/td>\n<td>38<\/td>\n<\/tr>\n<tr>\n<td class=\"left\">Gr\u00f6\u00dfentyp<\/td>\n<td>Normalgr\u00f6\u00dfen<\/td>\n<\/tr>\n<tr>\n<td class=\"left\">Composici\u00f3n del material<\/td>\n<td>Obermaterial: 50% Baumwolle\u00a0, 50% Polyacryl<\/td>\n<\/tr>\n<tr>\n<td class=\"left\">Materialart<\/td>\n<td>Strick<\/td>\n<\/tr>\n<tr>\n<td class=\"left\">Instrucciones de cuidado<\/td>\n<td>Lavado a m\u00e1quina<\/td>\n<\/tr>\n<tr>\n<td class=\"left\">Optik<\/td>\n<td>Norwegermuster, Jacquardmuster<\/td>\n<\/tr>\n<tr>\n<td class=\"left\">Stil<\/td>\n<td>casual<\/td>\n<\/tr>\n<tr>\n<td class=\"left\">Ausschnitt<\/td>\n<td>Rundhals<\/td>\n<\/tr>\n<tr>\n<td class=\"left\">\u00c4rmel<\/td>\n<td>Manga larga<\/td>\n<\/tr>\n<tr>\n<td class=\"left\">\u00c4rmeldetails<\/td>\n<td>Mangas ragl\u00e1n<\/td>\n<\/tr>\n<tr>\n<td class=\"left\">\u00c4rmelabschluss<\/td>\n<td>Pu\u00f1os de canal\u00e9<\/td>\n<\/tr>\n<tr>\n<td class=\"left\">Kleidersaum<\/td>\n<td>Pu\u00f1os de canal\u00e9<\/td>\n<\/tr>\n<tr>\n<td class=\"left\">Ajuste<\/td>\n<td>figurbetont<\/td>\n<\/tr>\n<tr>\n<td class=\"left\">Schnittform L\u00e4nge<\/td>\n<td>mini<\/td>\n<\/tr>\n<tr>\n<td class=\"left\">Color<\/td>\n<td>offwhite-grau<\/td>\n<\/tr>\n<tr>\n<td class=\"left\">Applikationen<\/td>\n<td>Markenlabel<\/td>\n<\/tr>\n<tr>\n<td class=\"left\">Besondere Merkmale<\/td>\n<td>im sch\u00f6nen NorwegerMuster<\/td>\n<\/tr>\n<\/tbody>\n<\/table>\n<div class=\"spec-holder\">\n<div class=\"row\">\n<div class=\"col-xs-5 spec-name\"><\/div>\n<\/div>\n<\/div>","protected":false},"featured_media":81197,"comment_status":"open","ping_status":"closed","template":"","meta":{"_seopress_robots_primary_cat":"","_seopress_titles_title":"","_seopress_titles_desc":"","_seopress_robots_index":""},"product_brand":[],"product_cat":[1348,1379,1618],"product_tag":[],"class_list":{"0":"post-81072","1":"product","2":"type-product","3":"status-publish","4":"has-post-thumbnail","6":"product_cat-damen-mode","7":"product_cat-kleider","8":"product_cat-strickkleider","9":"product_shipping_class-standard-versand","11":"first","12":"instock","13":"taxable","14":"shipping-taxable","15":"purchasable","16":"product-type-simple"},"_links":{"self":[{"href":"https:\/\/www.soanam.de\/es\/wp-json\/wp\/v2\/product\/81072","targetHints":{"allow":["GET"]}}],"collection":[{"href":"https:\/\/www.soanam.de\/es\/wp-json\/wp\/v2\/product"}],"about":[{"href":"https:\/\/www.soanam.de\/es\/wp-json\/wp\/v2\/types\/product"}],"replies":[{"embeddable":true,"href":"https:\/\/www.soanam.de\/es\/wp-json\/wp\/v2\/comments?post=81072"}],"wp:featuredmedia":[{"embeddable":true,"href":"https:\/\/www.soanam.de\/es\/wp-json\/wp\/v2\/media\/81197"}],"wp:attachment":[{"href":"https:\/\/www.soanam.de\/es\/wp-json\/wp\/v2\/media?parent=81072"}],"wp:term":[{"taxonomy":"product_brand","embeddable":true,"href":"https:\/\/www.soanam.de\/es\/wp-json\/wp\/v2\/product_brand?post=81072"},{"taxonomy":"product_cat","embeddable":true,"href":"https:\/\/www.soanam.de\/es\/wp-json\/wp\/v2\/product_cat?post=81072"},{"taxonomy":"product_tag","embeddable":true,"href":"https:\/\/www.soanam.de\/es\/wp-json\/wp\/v2\/product_tag?post=81072"}],"curies":[{"name":"wp","href":"https:\/\/api.w.org\/{rel}","templated":true}]}}