{"id":80970,"date":"2023-12-14T01:42:11","date_gmt":"2023-12-14T00:42:11","guid":{"rendered":"https:\/\/www.soanam.de\/?post_type=product&#038;p=80970"},"modified":"2023-12-14T01:44:28","modified_gmt":"2023-12-14T00:44:28","slug":"jesper-juul-la-pubertad-cuando-la-paternidad-ya-no-funciona-edicion-tapa-dura","status":"publish","type":"product","link":"https:\/\/www.soanam.de\/es\/produkt\/jesper-juul-pubertaet-wenn-erziehen-nicht-mehr-geht-gebundene-ausgabe\/","title":{"rendered":"Jesper Juul - Pubert\u00e4t - wenn Erziehen nicht mehr geht - gebundene Ausgabe"},"content":{"rendered":"<h3>Descripci\u00f3n del producto<\/h3>\n<p>Gelassen durch st\u00fcrmische Zeiten.<br \/>\nBuch (gebunden)<\/p>\n<p><strong>Descripci\u00f3n de la<\/strong><br \/>\nIn der Pubert\u00e4t braucht es neue Wege f\u00fcr ein Miteinander, denn Erziehung wie in Kindertagen n\u00fctzt nichts mehr: Der renommierte Familientherapeut Jesper Juul gibt in diesem Bestseller Antwort auf brennende Elternfragen und zeigt, dass es auch anders geht. Kommunikation und Beziehung sind nun gefragt. Die L\u00f6sungsans\u00e4tze wurden gemeinsam mit Eltern und Jugendlichen erarbeitet und erprobt. Sie geben Orientierung, die wirklich weiterhilft!<\/p>\n<p>So klappt Kommunikation mit Jugendlichen, die dichtgemacht haben<br \/>\nZahlreiche Beispiele zu brennenden Elternfragen<\/p>\n<p><strong>Detalles del producto<\/strong><br \/>\nEncuadernaci\u00f3n: r\u00fastica<br \/>\nHerausgeber: Mathias Voelchert<br \/>\nSeitenzahl: 207<br \/>\nErscheinungsdatum: 01.03.2010<br \/>\nIdioma: alem\u00e1n<br \/>\nISBN: 978-3-466-30871-2<br \/>\nVerlag: K\u00f6sel<br \/>\nMa\u00dfe (L\/B\/H): 22,4\/14\/2,3 cm<br \/>\nGewicht: 377 g<\/p>\n<p>\u00bbJuul ist eine Lichtgestalt der modernen P\u00e4dagogik.\u00ab<br \/>\nDER SPIEGEL<\/p>","protected":false},"excerpt":{"rendered":"<h3>Artikelmerkmale<\/h3>\n<p>Artikelzustand: Neu - Neues, ungelesenes, ungebrauchtes Buch in makellosem Zustand<\/p>\n<table dir=\"ltr\" border=\"1\" cellspacing=\"0\" cellpadding=\"0\">\n<colgroup>\n<col width=\"194\" \/>\n<col width=\"223\" \/><\/colgroup>\n<tbody>\n<tr>\n<td data-sheets-value=\"{&quot;1&quot;:2,&quot;2&quot;:&quot;Altersempfehlung:&quot;}\">Altersempfehlung:<\/td>\n<td data-sheets-value=\"{&quot;1&quot;:2,&quot;2&quot;:&quot;Erwachsene, Jugendliche&quot;}\">Erwachsene, Jugendliche<\/td>\n<\/tr>\n<tr>\n<td data-sheets-value=\"{&quot;1&quot;:2,&quot;2&quot;:&quot;Anzahl der Seiten:&quot;}\">Anzahl der Seiten:<\/td>\n<td data-sheets-value=\"{&quot;1&quot;:2,&quot;2&quot;:&quot;207 Seiten&quot;}\">207 Seiten<\/td>\n<\/tr>\n<tr>\n<td data-sheets-value=\"{&quot;1&quot;:2,&quot;2&quot;:&quot;Autor:&quot;}\">Autor:<\/td>\n<td data-sheets-value=\"{&quot;1&quot;:2,&quot;2&quot;:&quot;Jesper Juul&quot;}\">Jesper Juul<\/td>\n<\/tr>\n<tr>\n<td data-sheets-value=\"{&quot;1&quot;:2,&quot;2&quot;:&quot;Buchtitel:&quot;}\">Buchtitel:<\/td>\n<td data-sheets-value=\"{&quot;1&quot;:2,&quot;2&quot;:&quot;Pubert\u00e4t-Wenn Erziehen Nicht mehr Geht&quot;}\">\n<div>\n<div>Pubert\u00e4t-Wenn Erziehen Nicht mehr Geht<\/div>\n<\/div>\n<\/td>\n<\/tr>\n<tr>\n<td data-sheets-value=\"{&quot;1&quot;:2,&quot;2&quot;:&quot;Eigenschaften:&quot;}\">Propiedades:<\/td>\n<td data-sheets-value=\"{&quot;1&quot;:2,&quot;2&quot;:&quot;gebundene Ausgabe&quot;}\">gebundene Ausgabe<\/td>\n<\/tr>\n<tr>\n<td data-sheets-value=\"{&quot;1&quot;:2,&quot;2&quot;:&quot;Erscheinungsjahr:&quot;}\">Erscheinungsjahr:<\/td>\n<td data-sheets-value=\"{&quot;1&quot;:3,&quot;3&quot;:2010}\">2010<\/td>\n<\/tr>\n<tr>\n<td data-sheets-value=\"{&quot;1&quot;:2,&quot;2&quot;:&quot;Format:&quot;}\">Format:<\/td>\n<td data-sheets-value=\"{&quot;1&quot;:2,&quot;2&quot;:&quot;Gebundene Ausgabe&quot;}\">Edici\u00f3n de tapa dura<\/td>\n<\/tr>\n<tr>\n<td data-sheets-value=\"{&quot;1&quot;:2,&quot;2&quot;:&quot;Herstellungsland und -region:&quot;}\">Herstellungsland und -region:<\/td>\n<td data-sheets-value=\"{&quot;1&quot;:2,&quot;2&quot;:&quot;Deutschland&quot;}\">Alemania<\/td>\n<\/tr>\n<tr>\n<td data-sheets-value=\"{&quot;1&quot;:2,&quot;2&quot;:&quot;ISBN:&quot;}\">ISBN:<\/td>\n<td data-sheets-value=\"{&quot;1&quot;:3,&quot;3&quot;:9783466308712}\">9783466308712<\/td>\n<\/tr>\n<tr>\n<td data-sheets-value=\"{&quot;1&quot;:2,&quot;2&quot;:&quot;Originalsprache:&quot;}\">Originalsprache:<\/td>\n<td data-sheets-value=\"{&quot;1&quot;:2,&quot;2&quot;:&quot;D\u00e4nisch&quot;}\">D\u00e4nisch<\/td>\n<\/tr>\n<tr>\n<td data-sheets-value=\"{&quot;1&quot;:2,&quot;2&quot;:&quot;Produktart:&quot;}\">Produktart:<\/td>\n<td data-sheets-value=\"{&quot;1&quot;:2,&quot;2&quot;:&quot;L\u00f6sungsbuch&quot;}\">L\u00f6sungsbuch<\/td>\n<\/tr>\n<tr>\n<td data-sheets-value=\"{&quot;1&quot;:2,&quot;2&quot;:&quot;Reihe:&quot;}\">Reihe:<\/td>\n<td data-sheets-value=\"{&quot;1&quot;:2,&quot;2&quot;:&quot;familyab&quot;}\">familyab<\/td>\n<\/tr>\n<tr>\n<td data-sheets-value=\"{&quot;1&quot;:2,&quot;2&quot;:&quot;Sprache:&quot;}\">Sprache:<\/td>\n<td data-sheets-value=\"{&quot;1&quot;:2,&quot;2&quot;:&quot;Deutsch&quot;}\">Alem\u00e1n<\/td>\n<\/tr>\n<tr>\n<td data-sheets-value=\"{&quot;1&quot;:2,&quot;2&quot;:&quot;Thema:&quot;}\">Thema:<\/td>\n<td data-sheets-value=\"{&quot;1&quot;:2,&quot;2&quot;:&quot;Pubert\u00e4t&quot;}\">Pubert\u00e4t<\/td>\n<\/tr>\n<tr>\n<td data-sheets-value=\"{&quot;1&quot;:2,&quot;2&quot;:&quot;Themenbereich:&quot;}\">Themenbereich:<\/td>\n<td data-sheets-value=\"{&quot;1&quot;:2,&quot;2&quot;:&quot;Eltern, Ehe &amp; Familie&quot;}\">Eltern, Ehe &amp; Familie<\/td>\n<\/tr>\n<tr>\n<td data-sheets-value=\"{&quot;1&quot;:2,&quot;2&quot;:&quot;Verlag:&quot;}\">Verlag:<\/td>\n<td data-sheets-value=\"{&quot;1&quot;:2,&quot;2&quot;:&quot;K\u00f6sel-Verlag, K\u00f6sel&quot;}\">K\u00f6sel-Verlag, K\u00f6sel<\/td>\n<\/tr>\n<\/tbody>\n<\/table>","protected":false},"featured_media":81077,"comment_status":"open","ping_status":"closed","template":"","meta":{"_seopress_robots_primary_cat":"","_seopress_titles_title":"","_seopress_titles_desc":"","_seopress_robots_index":""},"product_brand":[],"product_cat":[1428,1429,1434,1447,1530],"product_tag":[],"class_list":{"0":"post-80970","1":"product","2":"type-product","3":"status-publish","4":"has-post-thumbnail","6":"product_cat-buecher","7":"product_cat-jugend","8":"product_cat-erwachsene","9":"product_cat-ratgeber","10":"product_cat-ratgeber-jugend","11":"product_shipping_class-standard-versand","13":"first","14":"instock","15":"sale","16":"taxable","17":"shipping-taxable","18":"purchasable","19":"product-type-simple"},"_links":{"self":[{"href":"https:\/\/www.soanam.de\/es\/wp-json\/wp\/v2\/product\/80970","targetHints":{"allow":["GET"]}}],"collection":[{"href":"https:\/\/www.soanam.de\/es\/wp-json\/wp\/v2\/product"}],"about":[{"href":"https:\/\/www.soanam.de\/es\/wp-json\/wp\/v2\/types\/product"}],"replies":[{"embeddable":true,"href":"https:\/\/www.soanam.de\/es\/wp-json\/wp\/v2\/comments?post=80970"}],"wp:featuredmedia":[{"embeddable":true,"href":"https:\/\/www.soanam.de\/es\/wp-json\/wp\/v2\/media\/81077"}],"wp:attachment":[{"href":"https:\/\/www.soanam.de\/es\/wp-json\/wp\/v2\/media?parent=80970"}],"wp:term":[{"taxonomy":"product_brand","embeddable":true,"href":"https:\/\/www.soanam.de\/es\/wp-json\/wp\/v2\/product_brand?post=80970"},{"taxonomy":"product_cat","embeddable":true,"href":"https:\/\/www.soanam.de\/es\/wp-json\/wp\/v2\/product_cat?post=80970"},{"taxonomy":"product_tag","embeddable":true,"href":"https:\/\/www.soanam.de\/es\/wp-json\/wp\/v2\/product_tag?post=80970"}],"curies":[{"name":"wp","href":"https:\/\/api.w.org\/{rel}","templated":true}]}}