{"id":80967,"date":"2023-12-14T01:42:10","date_gmt":"2023-12-14T00:42:10","guid":{"rendered":"https:\/\/www.soanam.de\/?post_type=product&#038;p=80967"},"modified":"2023-12-14T01:44:22","modified_gmt":"2023-12-14T00:44:22","slug":"tamaris-vestido-de-jersey-con-mangas-3-4-en-negro-talla-44","status":"publish","type":"product","link":"https:\/\/www.soanam.de\/es\/produkt\/tamaris-jerseykleid-mit-3-4-arm-in-schwarz-groesse-44\/","title":{"rendered":"Vestido Tamaris de punto con mangas 3\/4, en negro, talla 44"},"content":{"rendered":"<p>Vestido b\u00e1sico de TAMARIS<br \/>\nEscote redondo<br \/>\nForma favorecedora con mangas 3\/4<br \/>\nMit G\u00fcrtelschlaufen - G\u00fcrtel ist nicht enthalten<br \/>\nMezcla de viscosa supersuave<\/p>\n<p>Vestido de punto de Tamaris con mangas 3\/4.<br \/>\nEst\u00e1 confeccionado en una fina mezcla de viscosa el\u00e1stica y tiene cuello redondo.<br \/>\nEl top tiene un corte ce\u00f1ido. La falda es acampanada.<br \/>\nEl vestido de punto el\u00e1stico es entallado y tiene trabillas para cintur\u00f3n, que no est\u00e1 incluido.<br \/>\nEl largo llega hasta la rodilla.<\/p>\n<p>Material: 95% viscosa, 5% elast\u00e1n<br \/>\nInstrucciones de cuidado: Lavar a m\u00e1quina<\/p>\n<p>Color: negro<br \/>\nPatr\u00f3n: sin<br \/>\nTalla: 44<\/p>\n<p>Anchura del pecho: 104 cm<br \/>\nLongitud de la manga: 43 cm<br \/>\nLongitud total: 102 cm<\/p>","protected":false},"excerpt":{"rendered":"<div class=\"spec-holder\">\n<div class=\"row\">\n<div class=\"col-xs-5 spec-name\">\n<table class=\"dv_characteristicsTable\">\n<tbody>\n<tr>\n<td class=\"left\">Talla<\/td>\n<td>44<\/td>\n<\/tr>\n<tr>\n<td class=\"left\">Gr\u00f6\u00dfentyp<\/td>\n<td>Normalgr\u00f6\u00dfen<\/td>\n<\/tr>\n<tr>\n<td class=\"left\">Composici\u00f3n del material<\/td>\n<td>Obermaterial: 95% Viskose, 5% Elastan<\/td>\n<\/tr>\n<tr>\n<td class=\"left\">Instrucciones de cuidado<\/td>\n<td>Lavado a m\u00e1quina<\/td>\n<\/tr>\n<tr>\n<td class=\"left\">Optik<\/td>\n<td>einfarbig<\/td>\n<\/tr>\n<tr>\n<td class=\"left\">Stil<\/td>\n<td>casual<\/td>\n<\/tr>\n<tr>\n<td class=\"left\">Color<\/td>\n<td>schwarz<\/td>\n<\/tr>\n<tr>\n<td class=\"left\">Besondere Merkmale<\/td>\n<td>mit G\u00fcrtelschlaufen<\/td>\n<\/tr>\n<\/tbody>\n<\/table>\n<\/div>\n<\/div>\n<\/div>","protected":false},"featured_media":81073,"comment_status":"open","ping_status":"closed","template":"","meta":{"_seopress_robots_primary_cat":"","_seopress_titles_title":"","_seopress_titles_desc":"","_seopress_robots_index":""},"product_brand":[],"product_cat":[1348,1379,1620],"product_tag":[],"class_list":{"0":"post-80967","1":"product","2":"type-product","3":"status-publish","4":"has-post-thumbnail","6":"product_cat-damen-mode","7":"product_cat-kleider","8":"product_cat-jerseykleider","9":"product_shipping_class-standard-versand","11":"first","12":"instock","13":"sale","14":"taxable","15":"shipping-taxable","16":"purchasable","17":"product-type-simple"},"_links":{"self":[{"href":"https:\/\/www.soanam.de\/es\/wp-json\/wp\/v2\/product\/80967","targetHints":{"allow":["GET"]}}],"collection":[{"href":"https:\/\/www.soanam.de\/es\/wp-json\/wp\/v2\/product"}],"about":[{"href":"https:\/\/www.soanam.de\/es\/wp-json\/wp\/v2\/types\/product"}],"replies":[{"embeddable":true,"href":"https:\/\/www.soanam.de\/es\/wp-json\/wp\/v2\/comments?post=80967"}],"wp:featuredmedia":[{"embeddable":true,"href":"https:\/\/www.soanam.de\/es\/wp-json\/wp\/v2\/media\/81073"}],"wp:attachment":[{"href":"https:\/\/www.soanam.de\/es\/wp-json\/wp\/v2\/media?parent=80967"}],"wp:term":[{"taxonomy":"product_brand","embeddable":true,"href":"https:\/\/www.soanam.de\/es\/wp-json\/wp\/v2\/product_brand?post=80967"},{"taxonomy":"product_cat","embeddable":true,"href":"https:\/\/www.soanam.de\/es\/wp-json\/wp\/v2\/product_cat?post=80967"},{"taxonomy":"product_tag","embeddable":true,"href":"https:\/\/www.soanam.de\/es\/wp-json\/wp\/v2\/product_tag?post=80967"}],"curies":[{"name":"wp","href":"https:\/\/api.w.org\/{rel}","templated":true}]}}