{"id":80944,"date":"2023-12-14T01:41:44","date_gmt":"2023-12-14T00:41:44","guid":{"rendered":"https:\/\/www.soanam.de\/?post_type=product&#038;p=80944"},"modified":"2023-12-14T01:43:48","modified_gmt":"2023-12-14T00:43:48","slug":"vestido-de-punto-canguros-con-motivo-navideno-en-negro-talla-38","status":"publish","type":"product","link":"https:\/\/www.soanam.de\/es\/produkt\/kangaroos-strickkleid-mit-christmas-motiv-in-schwarz-groesse-38\/","title":{"rendered":"KangaROOS vestido de punto con motivos navide\u00f1os, en negro, talla 38"},"content":{"rendered":"<p>Vestido de punto fino de KangaROOS<br \/>\nCon motivo navide\u00f1o \"ciervo\" de lentejuelas y abalorios<br \/>\nForma ce\u00f1ida, ligeramente afilada<br \/>\nFabricado con una atractiva mezcla de viscosa<\/p>\n<p>Confeccionado en un fino punto de viscosa, este minivestido de KangaROOS se ci\u00f1e a la figura y es c\u00f3modo, con escote redondo y pu\u00f1os de canal\u00e9.<br \/>\nCon el brillante motivo de ciervo hecho de lentejuelas y abalorios aplicados, estar\u00e1s perfectamente vestida para la Navidad.<\/p>\n<p>Material: viscosa 70%, poliamida 30%<br \/>\nInstrucciones de cuidado: Lavar a m\u00e1quina<\/p>\n<p>Color: negro<br \/>\nPatr\u00f3n: motivo navide\u00f1o<br \/>\nTalla: 38<\/p>\n<p>Anchura del pecho: 88 cm<br \/>\nLongitud de la manga: 61 cm<br \/>\nLongitud total: 90 cm<\/p>","protected":false},"excerpt":{"rendered":"<div class=\"spec-holder\">\n<div class=\"row\">\n<div class=\"col-xs-5 spec-name\">\n<table class=\"dv_characteristicsTable\">\n<tbody>\n<tr>\n<td class=\"left\">Talla<\/td>\n<td>38<\/td>\n<\/tr>\n<tr>\n<td class=\"left\">Gr\u00f6\u00dfentyp<\/td>\n<td>Normalgr\u00f6\u00dfen<\/td>\n<\/tr>\n<tr>\n<td class=\"left\">Composici\u00f3n del material<\/td>\n<td>Obermaterial: 70% Viskose, 30% Polyamid<\/td>\n<\/tr>\n<tr>\n<td class=\"left\">Materialart<\/td>\n<td>Feinstrick<\/td>\n<\/tr>\n<tr>\n<td class=\"left\">Materialeigenschaften<\/td>\n<td>elastisch<\/td>\n<\/tr>\n<tr>\n<td class=\"left\">Instrucciones de cuidado<\/td>\n<td>Lavado a m\u00e1quina<\/td>\n<\/tr>\n<tr>\n<td class=\"left\">Ausschnitt<\/td>\n<td>Rundhals<\/td>\n<\/tr>\n<tr>\n<td class=\"left\">\u00c4rmel<\/td>\n<td>Manga larga<\/td>\n<\/tr>\n<tr>\n<td class=\"left\">\u00c4rmelabschluss<\/td>\n<td>Pu\u00f1os de canal\u00e9<\/td>\n<\/tr>\n<tr>\n<td class=\"left\">Rumpfabschluss<\/td>\n<td>Pu\u00f1os de canal\u00e9<\/td>\n<\/tr>\n<tr>\n<td class=\"left\">Schnittform L\u00e4nge<\/td>\n<td>mini<\/td>\n<\/tr>\n<tr>\n<td class=\"left\">Color<\/td>\n<td>schwarz-silberfarben<\/td>\n<\/tr>\n<tr>\n<td class=\"left\">Besondere Merkmale<\/td>\n<td>mit glitzerndem Christmas-Motiv<\/td>\n<\/tr>\n<\/tbody>\n<\/table>\n<\/div>\n<\/div>\n<\/div>","protected":false},"featured_media":81041,"comment_status":"open","ping_status":"closed","template":"","meta":{"_seopress_robots_primary_cat":"","_seopress_titles_title":"","_seopress_titles_desc":"","_seopress_robots_index":""},"product_brand":[],"product_cat":[1348,1379,1618],"product_tag":[],"class_list":{"0":"post-80944","1":"product","2":"type-product","3":"status-publish","4":"has-post-thumbnail","6":"product_cat-damen-mode","7":"product_cat-kleider","8":"product_cat-strickkleider","9":"product_shipping_class-standard-versand","11":"first","12":"instock","13":"sale","14":"taxable","15":"shipping-taxable","16":"purchasable","17":"product-type-simple"},"_links":{"self":[{"href":"https:\/\/www.soanam.de\/es\/wp-json\/wp\/v2\/product\/80944","targetHints":{"allow":["GET"]}}],"collection":[{"href":"https:\/\/www.soanam.de\/es\/wp-json\/wp\/v2\/product"}],"about":[{"href":"https:\/\/www.soanam.de\/es\/wp-json\/wp\/v2\/types\/product"}],"replies":[{"embeddable":true,"href":"https:\/\/www.soanam.de\/es\/wp-json\/wp\/v2\/comments?post=80944"}],"wp:featuredmedia":[{"embeddable":true,"href":"https:\/\/www.soanam.de\/es\/wp-json\/wp\/v2\/media\/81041"}],"wp:attachment":[{"href":"https:\/\/www.soanam.de\/es\/wp-json\/wp\/v2\/media?parent=80944"}],"wp:term":[{"taxonomy":"product_brand","embeddable":true,"href":"https:\/\/www.soanam.de\/es\/wp-json\/wp\/v2\/product_brand?post=80944"},{"taxonomy":"product_cat","embeddable":true,"href":"https:\/\/www.soanam.de\/es\/wp-json\/wp\/v2\/product_cat?post=80944"},{"taxonomy":"product_tag","embeddable":true,"href":"https:\/\/www.soanam.de\/es\/wp-json\/wp\/v2\/product_tag?post=80944"}],"curies":[{"name":"wp","href":"https:\/\/api.w.org\/{rel}","templated":true}]}}