{"id":80927,"date":"2023-12-14T01:41:21","date_gmt":"2023-12-14T00:41:21","guid":{"rendered":"https:\/\/www.soanam.de\/?post_type=product&#038;p=80927"},"modified":"2023-12-14T01:43:38","modified_gmt":"2023-12-14T00:43:38","slug":"vestido-blusa-esprit-en-azul-marino-talla-40","status":"publish","type":"product","link":"https:\/\/www.soanam.de\/es\/produkt\/esprit-blusenkleid-in-marineblau-groesse-40\/","title":{"rendered":"Vestido blus\u00f3n Esprit, en azul marino, talla 40"},"content":{"rendered":"<p>Vestido blusa de Esprit<br \/>\nManga larga<br \/>\ncuello drapeado<br \/>\nCon cenefa<br \/>\nDe viscosa ligera<\/p>\n<p>Vestido corto con mangas largas de Esprit.<br \/>\nEl vestido tiene escote redondo, es drapeado por delante y lleva un volante adosado.<br \/>\nSe abrocha con un bot\u00f3n en la espalda y tambi\u00e9n tiene botones en los pu\u00f1os.<br \/>\nSu calidad de viscosa superligera hace que sea c\u00f3moda de llevar incluso en los d\u00edas frescos de verano.<\/p>\n<p>Material: viscosa 100%<br \/>\nInstrucciones de cuidado: Lavar a m\u00e1quina<\/p>\n<p>Color: azul marino<br \/>\nPatr\u00f3n: sin<br \/>\nTalla: 40<\/p>\n<p>Anchura del pecho: 108 cm<br \/>\nLongitud de la manga: 60 cm<br \/>\nLongitud total: 92 cm<\/p>","protected":false},"excerpt":{"rendered":"<div class=\"spec-holder\">\n<div class=\"row\">\n<div class=\"col-xs-5 spec-name\">EAN-Code<\/div>\n<div class=\"col-xs-7 spec-value\">4063702258496<\/div>\n<\/div>\n<\/div>\n<div class=\"spec-holder\">\n<div class=\"row\">\n<div class=\"col-xs-5 spec-name\">Waschen<\/div>\n<div class=\"col-xs-7 spec-value\">Bei 30\u00b0C Schonwaschgang waschen<\/div>\n<\/div>\n<\/div>\n<div class=\"spec-holder\">\n<div class=\"row\">\n<div class=\"col-xs-5 spec-name\">Zum Trocknen<\/div>\n<div class=\"col-xs-7 spec-value\">Nicht maschinell trocknen<\/div>\n<\/div>\n<\/div>\n<div class=\"spec-holder\">\n<div class=\"row\">\n<div class=\"col-xs-5 spec-name\">Zu gl\u00e4tten<\/div>\n<div class=\"col-xs-7 spec-value\">Durchschnittstemperatur (150\u00b0C)<\/div>\n<\/div>\n<\/div>\n<div class=\"spec-holder\">\n<div class=\"row\">\n<div class=\"col-xs-5 spec-name\">Komposition<\/div>\n<div class=\"col-xs-7 spec-value\">100 % Viskose<\/div>\n<\/div>\n<\/div>\n<div class=\"spec-holder\">\n<div class=\"row\">\n<div class=\"col-xs-5 spec-name\">Color<\/div>\n<div class=\"col-xs-7 spec-value\">Azul marino<\/div>\n<\/div>\n<\/div>","protected":false},"featured_media":81032,"comment_status":"open","ping_status":"closed","template":"","meta":{"_seopress_robots_primary_cat":"","_seopress_titles_title":"","_seopress_titles_desc":"","_seopress_robots_index":""},"product_brand":[],"product_cat":[1348,1379,1541],"product_tag":[],"class_list":{"0":"post-80927","1":"product","2":"type-product","3":"status-publish","4":"has-post-thumbnail","6":"product_cat-damen-mode","7":"product_cat-kleider","8":"product_cat-freizeitkleider","9":"product_shipping_class-standard-versand","11":"first","12":"instock","13":"sale","14":"taxable","15":"shipping-taxable","16":"purchasable","17":"product-type-simple"},"_links":{"self":[{"href":"https:\/\/www.soanam.de\/es\/wp-json\/wp\/v2\/product\/80927","targetHints":{"allow":["GET"]}}],"collection":[{"href":"https:\/\/www.soanam.de\/es\/wp-json\/wp\/v2\/product"}],"about":[{"href":"https:\/\/www.soanam.de\/es\/wp-json\/wp\/v2\/types\/product"}],"replies":[{"embeddable":true,"href":"https:\/\/www.soanam.de\/es\/wp-json\/wp\/v2\/comments?post=80927"}],"wp:featuredmedia":[{"embeddable":true,"href":"https:\/\/www.soanam.de\/es\/wp-json\/wp\/v2\/media\/81032"}],"wp:attachment":[{"href":"https:\/\/www.soanam.de\/es\/wp-json\/wp\/v2\/media?parent=80927"}],"wp:term":[{"taxonomy":"product_brand","embeddable":true,"href":"https:\/\/www.soanam.de\/es\/wp-json\/wp\/v2\/product_brand?post=80927"},{"taxonomy":"product_cat","embeddable":true,"href":"https:\/\/www.soanam.de\/es\/wp-json\/wp\/v2\/product_cat?post=80927"},{"taxonomy":"product_tag","embeddable":true,"href":"https:\/\/www.soanam.de\/es\/wp-json\/wp\/v2\/product_tag?post=80927"}],"curies":[{"name":"wp","href":"https:\/\/api.w.org\/{rel}","templated":true}]}}