{"id":80925,"date":"2023-12-14T01:41:20","date_gmt":"2023-12-14T00:41:20","guid":{"rendered":"https:\/\/www.soanam.de\/?post_type=product&#038;p=80925"},"modified":"2023-12-14T01:43:27","modified_gmt":"2023-12-14T00:43:27","slug":"boysens-falda-de-punto-en-gris-claro-jaspeado-talla-50","status":"publish","type":"product","link":"https:\/\/www.soanam.de\/es\/produkt\/boysens-strickrock-in-hellgrau-meliert-groesse-50\/","title":{"rendered":"Falda de punto Boysen, en gris claro jaspeado, talla 50"},"content":{"rendered":"<p>Falda de punto acanalado de Boysens<br \/>\nIntroducir<br \/>\nPunto firme y suave<br \/>\nAjuste perfecto gracias al punto el\u00e1stico<br \/>\nCon elastano para un ajuste perfecto<\/p>\n<p>La silueta ce\u00f1ida al cuerpo y el acogedor material de canal\u00e9 con c\u00f3moda elasticidad hacen que esta falda midi de Boysens sea sencilla y f\u00e1cil de llevar.<br \/>\nLa cintura el\u00e1stica en la que deslizarse acent\u00faa el dise\u00f1o c\u00f3modo y la cintura de talle alto completa el look.<\/p>\n<p>Material: 74% poliacr\u00edlico, 23% poliamida, 3% elastano<br \/>\nInstrucciones de cuidado: Lavar a m\u00e1quina<\/p>\n<p>Color: gris moteado<br \/>\nPatr\u00f3n: sin<br \/>\nTalla:50<\/p>\n<p>Talla de cintura: 94m<br \/>\nPer\u00edmetro de la cadera: 119 cm<br \/>\nLongitud total: 89 cm<\/p>","protected":false},"excerpt":{"rendered":"<table class=\"dv_characteristicsTable\">\n<tbody>\n<tr>\n<td class=\"left\">Talla<\/td>\n<td>50<\/td>\n<\/tr>\n<tr>\n<td class=\"left\">Gr\u00f6\u00dfentyp<\/td>\n<td>Normalgr\u00f6\u00dfen<\/td>\n<\/tr>\n<tr>\n<td class=\"left\">Composici\u00f3n del material<\/td>\n<td>Obermaterial: 74% Polyacryl, 23% Polyamid, 3% Elasthan<\/td>\n<\/tr>\n<tr>\n<td class=\"left\">Materialart<\/td>\n<td>Grobstrick<\/td>\n<\/tr>\n<tr>\n<td class=\"left\">Materialeigenschaften<\/td>\n<td>elastisch<\/td>\n<\/tr>\n<tr>\n<td class=\"left\">Instrucciones de cuidado<\/td>\n<td>Lavado a m\u00e1quina<\/td>\n<\/tr>\n<tr>\n<td class=\"left\">Optik<\/td>\n<td>meliert<\/td>\n<\/tr>\n<tr>\n<td class=\"left\">Stil<\/td>\n<td>casual<\/td>\n<\/tr>\n<tr>\n<td class=\"left\">Color<\/td>\n<td>grau-meliert<\/td>\n<\/tr>\n<tr>\n<td class=\"left\">Leibh\u00f6he<\/td>\n<td>normal<\/td>\n<\/tr>\n<tr>\n<td class=\"left\">Bundabschluss<\/td>\n<td>angesetztes B\u00fcndchen<\/td>\n<\/tr>\n<tr>\n<td class=\"left\">Bundabschlussdetails<\/td>\n<td>mit innenliegendem Gummizug<\/td>\n<\/tr>\n<tr>\n<td class=\"left\">Ajuste<\/td>\n<td>figurbetont<\/td>\n<\/tr>\n<tr>\n<td class=\"left\">Trabillas<\/td>\n<td>nein<\/td>\n<\/tr>\n<tr>\n<td class=\"left\">Besondere Merkmale<\/td>\n<td>in modischer L\u00e4nge<\/td>\n<\/tr>\n<\/tbody>\n<\/table>","protected":false},"featured_media":81022,"comment_status":"open","ping_status":"closed","template":"","meta":{"_seopress_robots_primary_cat":"","_seopress_titles_title":"","_seopress_titles_desc":"","_seopress_robots_index":""},"product_brand":[],"product_cat":[1348,1473,1474],"product_tag":[],"class_list":{"0":"post-80925","1":"product","2":"type-product","3":"status-publish","4":"has-post-thumbnail","6":"product_cat-damen-mode","7":"product_cat-roecke","8":"product_cat-midiroecke","10":"first","11":"instock","12":"taxable","13":"shipping-taxable","14":"purchasable","15":"product-type-simple"},"_links":{"self":[{"href":"https:\/\/www.soanam.de\/es\/wp-json\/wp\/v2\/product\/80925","targetHints":{"allow":["GET"]}}],"collection":[{"href":"https:\/\/www.soanam.de\/es\/wp-json\/wp\/v2\/product"}],"about":[{"href":"https:\/\/www.soanam.de\/es\/wp-json\/wp\/v2\/types\/product"}],"replies":[{"embeddable":true,"href":"https:\/\/www.soanam.de\/es\/wp-json\/wp\/v2\/comments?post=80925"}],"wp:featuredmedia":[{"embeddable":true,"href":"https:\/\/www.soanam.de\/es\/wp-json\/wp\/v2\/media\/81022"}],"wp:attachment":[{"href":"https:\/\/www.soanam.de\/es\/wp-json\/wp\/v2\/media?parent=80925"}],"wp:term":[{"taxonomy":"product_brand","embeddable":true,"href":"https:\/\/www.soanam.de\/es\/wp-json\/wp\/v2\/product_brand?post=80925"},{"taxonomy":"product_cat","embeddable":true,"href":"https:\/\/www.soanam.de\/es\/wp-json\/wp\/v2\/product_cat?post=80925"},{"taxonomy":"product_tag","embeddable":true,"href":"https:\/\/www.soanam.de\/es\/wp-json\/wp\/v2\/product_tag?post=80925"}],"curies":[{"name":"wp","href":"https:\/\/api.w.org\/{rel}","templated":true}]}}