{"id":80903,"date":"2023-12-14T01:40:54","date_gmt":"2023-12-14T00:40:54","guid":{"rendered":"https:\/\/www.soanam.de\/?post_type=product&#038;p=80903"},"modified":"2023-12-14T01:42:53","modified_gmt":"2023-12-14T00:42:53","slug":"falda-pantalon-lascana-en-negro-talla-36","status":"publish","type":"product","link":"https:\/\/www.soanam.de\/es\/produkt\/lascana-hosenrock-in-schwarz-groesse-36\/","title":{"rendered":"Pantal\u00f3n culotte LASCANA, negro, talla 36"},"content":{"rendered":"<p>Culottes ligeros de Lascana<br \/>\nCintura ancha<br \/>\nCintura el\u00e1stica<br \/>\nForma de pantal\u00f3n ancho<br \/>\nDetalles: drapeado\/recogido<\/p>\n<p>El tejido suave y ligero de los culottes Lascana desprende un aire veraniego y una sensaci\u00f3n de bienestar.<br \/>\nLa cintura el\u00e1stica, fruncida a la moda, y la forma ancha del pantal\u00f3n tambi\u00e9n garantizan un ajuste c\u00f3modo.<\/p>\n<p>Material: poli\u00e9ster 100%<br \/>\nInstrucciones de cuidado: Lavar a m\u00e1quina<\/p>\n<p>Color: negro<br \/>\nPatr\u00f3n: sin<br \/>\nTalla:36<\/p>\n<p>Talla de cintura: 68m<br \/>\nContorno de cadera: 156 cm<br \/>\nLongitud del pelda\u00f1o: 59 cm<br \/>\nLongitud total: 97 cm<\/p>","protected":false},"excerpt":{"rendered":"<table class=\"dv_characteristicsTable\">\n<tbody>\n<tr>\n<td class=\"left\">Talla<\/td>\n<td>36<\/td>\n<\/tr>\n<tr>\n<td class=\"left\">Gr\u00f6\u00dfentyp<\/td>\n<td>Normalgr\u00f6\u00dfen<\/td>\n<\/tr>\n<tr>\n<td class=\"left\">Composici\u00f3n del material<\/td>\n<td>Material superior: poli\u00e9ster 100%<\/td>\n<\/tr>\n<tr>\n<td class=\"left\">Instrucciones de cuidado<\/td>\n<td>Lavado a m\u00e1quina<\/td>\n<\/tr>\n<tr>\n<td class=\"left\">Color<\/td>\n<td>schwarz<\/td>\n<\/tr>\n<tr>\n<td class=\"left\">Schnittform L\u00e4nge<\/td>\n<td>lang<\/td>\n<\/tr>\n<\/tbody>\n<\/table>","protected":false},"featured_media":81001,"comment_status":"open","ping_status":"closed","template":"","meta":{"_seopress_robots_primary_cat":"","_seopress_titles_title":"","_seopress_titles_desc":"","_seopress_robots_index":""},"product_brand":[],"product_cat":[1348,1349,1619],"product_tag":[],"class_list":{"0":"post-80903","1":"product","2":"type-product","3":"status-publish","4":"has-post-thumbnail","6":"product_cat-damen-mode","7":"product_cat-hosen-damen-mode","8":"product_cat-hosenroecke","10":"first","11":"instock","12":"taxable","13":"shipping-taxable","14":"purchasable","15":"product-type-simple"},"_links":{"self":[{"href":"https:\/\/www.soanam.de\/es\/wp-json\/wp\/v2\/product\/80903","targetHints":{"allow":["GET"]}}],"collection":[{"href":"https:\/\/www.soanam.de\/es\/wp-json\/wp\/v2\/product"}],"about":[{"href":"https:\/\/www.soanam.de\/es\/wp-json\/wp\/v2\/types\/product"}],"replies":[{"embeddable":true,"href":"https:\/\/www.soanam.de\/es\/wp-json\/wp\/v2\/comments?post=80903"}],"wp:featuredmedia":[{"embeddable":true,"href":"https:\/\/www.soanam.de\/es\/wp-json\/wp\/v2\/media\/81001"}],"wp:attachment":[{"href":"https:\/\/www.soanam.de\/es\/wp-json\/wp\/v2\/media?parent=80903"}],"wp:term":[{"taxonomy":"product_brand","embeddable":true,"href":"https:\/\/www.soanam.de\/es\/wp-json\/wp\/v2\/product_brand?post=80903"},{"taxonomy":"product_cat","embeddable":true,"href":"https:\/\/www.soanam.de\/es\/wp-json\/wp\/v2\/product_cat?post=80903"},{"taxonomy":"product_tag","embeddable":true,"href":"https:\/\/www.soanam.de\/es\/wp-json\/wp\/v2\/product_tag?post=80903"}],"curies":[{"name":"wp","href":"https:\/\/api.w.org\/{rel}","templated":true}]}}