{"id":80872,"date":"2023-12-14T01:40:07","date_gmt":"2023-12-14T00:40:07","guid":{"rendered":"https:\/\/www.soanam.de\/?post_type=product&#038;p=80872"},"modified":"2023-12-14T01:42:26","modified_gmt":"2023-12-14T00:42:26","slug":"ajc-strickjacke-ohne-verschluss-in-dunkelblau-groesse-40-42","status":"publish","type":"product","link":"https:\/\/www.soanam.de\/es\/produkt\/ajc-strickjacke-ohne-verschluss-in-dunkelblau-groesse-40-42\/","title":{"rendered":"AJC Strickjacke ohne Verschluss, in Dunkelblau, Gr\u00f6\u00dfe 40\/42"},"content":{"rendered":"<p>Offener Cardigan von AJC<br \/>\nFigurumspielende, gerade Passform<br \/>\nMit breiten, gerippten B\u00fcndchen<br \/>\nHinten etwas l\u00e4nger, mit kleinen Seiten-Schlitzen<br \/>\nAus weicher Baumwoll-Mischung<\/p>\n<p>Die Strickjacke non AJC bedeckt deine H\u00fcfte und ist figurumspielend geschnitten, wodurch sie locker sitzt, ohne einzuengen.<br \/>\nDie langen \u00c4rmel schlie\u00dfen, wie auch der Saumabschluss, mit einem Rippb\u00fcndchen ab.<br \/>\nSin cierre, se puede poner r\u00e1pidamente y llevar abierta de forma informal.<br \/>\nDurch den Feinstrick aus Baumwollmischung ist die Strickjacke warm und bietet einen hohen Tragekomfort.<\/p>\n<p>Material: algod\u00f3n 50%, poliacr\u00edlico 50%<br \/>\nInstrucciones de cuidado: Lavar a m\u00e1quina<\/p>\n<p>Color: azul oscuro<br \/>\nPatr\u00f3n: sin<br \/>\nTalla: 40\/42<\/p>\n<p>Anchura de los hombros: 42 cm<br \/>\nAnchura del pecho: 112 cm<br \/>\nLongitud de la manga: 64 cm<br \/>\nLongitud total: 71 cm<\/p>","protected":false},"excerpt":{"rendered":"<table class=\"dv_characteristicsTable\">\n<tbody>\n<tr>\n<td class=\"left\">Talla<\/td>\n<td>40\/42 (M)<\/td>\n<\/tr>\n<tr>\n<td class=\"left\">Gr\u00f6\u00dfentyp<\/td>\n<td>Normalgr\u00f6\u00dfen<\/td>\n<\/tr>\n<tr>\n<td class=\"left\">Composici\u00f3n del material<\/td>\n<td>Obermaterial: 50% Baumwolle, 50% Polyacryl<\/td>\n<\/tr>\n<tr>\n<td class=\"left\">Materialart<\/td>\n<td>Feinstrick<\/td>\n<\/tr>\n<tr>\n<td class=\"left\">Instrucciones de cuidado<\/td>\n<td>Lavado a m\u00e1quina<\/td>\n<\/tr>\n<tr>\n<td class=\"left\">Optik<\/td>\n<td>unifarben<\/td>\n<\/tr>\n<tr>\n<td class=\"left\">Stil<\/td>\n<td>Basic<\/td>\n<\/tr>\n<tr>\n<td class=\"left\">Color<\/td>\n<td>dunkelblau<\/td>\n<\/tr>\n<tr>\n<td class=\"left\">\u00c4rmel<\/td>\n<td>Manga larga<\/td>\n<\/tr>\n<tr>\n<td class=\"left\">\u00c4rmelabschluss<\/td>\n<td>Pu\u00f1os de canal\u00e9<\/td>\n<\/tr>\n<tr>\n<td class=\"left\">Rumpfabschluss<\/td>\n<td>Pu\u00f1os de canal\u00e9<\/td>\n<\/tr>\n<tr>\n<td class=\"left\">Ajuste<\/td>\n<td>figurumspielend<\/td>\n<\/tr>\n<tr>\n<td class=\"left\">Schnittdetails<\/td>\n<td>hinten l\u00e4nger geschnitten, Seitenschlitze<\/td>\n<\/tr>\n<tr>\n<td class=\"left\">Schnittform L\u00e4nge<\/td>\n<td>h\u00fcftbedeckend<\/td>\n<\/tr>\n<tr>\n<td class=\"left\">Bolsas<\/td>\n<td>aufgesetzte Taschen<\/td>\n<\/tr>\n<tr>\n<td class=\"left\">Verschluss<\/td>\n<td>ohne Verschluss<\/td>\n<\/tr>\n<tr>\n<td class=\"left\">Besondere Merkmale<\/td>\n<td>ohne Verschluss mit breiten Ripp-B\u00fcndchen<\/td>\n<\/tr>\n<\/tbody>\n<\/table>","protected":false},"featured_media":80979,"comment_status":"open","ping_status":"closed","template":"","meta":{"_seopress_robots_primary_cat":"","_seopress_titles_title":"","_seopress_titles_desc":"","_seopress_robots_index":""},"product_brand":[],"product_cat":[1348,1354,1617],"product_tag":[],"class_list":{"0":"post-80872","1":"product","2":"type-product","3":"status-publish","4":"has-post-thumbnail","6":"product_cat-damen-mode","7":"product_cat-jacken-maentel","8":"product_cat-strickjacken","9":"product_shipping_class-standard-versand","11":"first","12":"instock","13":"taxable","14":"shipping-taxable","15":"purchasable","16":"product-type-simple"},"_links":{"self":[{"href":"https:\/\/www.soanam.de\/es\/wp-json\/wp\/v2\/product\/80872","targetHints":{"allow":["GET"]}}],"collection":[{"href":"https:\/\/www.soanam.de\/es\/wp-json\/wp\/v2\/product"}],"about":[{"href":"https:\/\/www.soanam.de\/es\/wp-json\/wp\/v2\/types\/product"}],"replies":[{"embeddable":true,"href":"https:\/\/www.soanam.de\/es\/wp-json\/wp\/v2\/comments?post=80872"}],"wp:featuredmedia":[{"embeddable":true,"href":"https:\/\/www.soanam.de\/es\/wp-json\/wp\/v2\/media\/80979"}],"wp:attachment":[{"href":"https:\/\/www.soanam.de\/es\/wp-json\/wp\/v2\/media?parent=80872"}],"wp:term":[{"taxonomy":"product_brand","embeddable":true,"href":"https:\/\/www.soanam.de\/es\/wp-json\/wp\/v2\/product_brand?post=80872"},{"taxonomy":"product_cat","embeddable":true,"href":"https:\/\/www.soanam.de\/es\/wp-json\/wp\/v2\/product_cat?post=80872"},{"taxonomy":"product_tag","embeddable":true,"href":"https:\/\/www.soanam.de\/es\/wp-json\/wp\/v2\/product_tag?post=80872"}],"curies":[{"name":"wp","href":"https:\/\/api.w.org\/{rel}","templated":true}]}}